{"id":3,"date":"2021-02-18T14:30:10","date_gmt":"2021-02-18T14:30:10","guid":{"rendered":"https:\/\/43686.cowlickdev.com\/?page_id=3"},"modified":"2024-09-27T17:11:43","modified_gmt":"2024-09-27T21:11:43","slug":"privacy-policy","status":"publish","type":"page","link":"https:\/\/global.hydroblok.com\/es_mx\/privacy-policy\/","title":{"rendered":"Pol\u00edtica de privacidad"},"content":{"rendered":"<section class=\"wpb-content-wrapper\"><div class=\"vc_row wpb_row vc_row-fluid\"><div class=\"inner_cont\"><div class=\"wpb_column vc_column_container vc_col-sm-12\"><div class=\"vc_column-inner\"><div class=\"wpb_wrapper\">\r\n\t<div class=\"wpb_text_column wpb_content_element\" >\r\n\t\t<div class=\"wpb_wrapper\">\r\n\t\t\t<h2>PRIVACIDAD Y CONDICIONES DE USO<\/h2>\n<h5>Updated September 2024<\/h5>\n<p>This Privacy Policy describes how your personal information is collected, used, and shared when you visit or make a purchase from global.hydroblok.com (the \u201cSite\u201d).<\/p>\n<h4>INFORMACI\u00d3N PERSONAL QUE RECOPILAMOS<\/h4>\n<p>Cuando visita el Sitio, recopilamos autom\u00e1ticamente cierta informaci\u00f3n sobre su dispositivo, incluida informaci\u00f3n sobre su navegador web, direcci\u00f3n IP, zona horaria y algunas de las cookies que est\u00e1n instaladas en su dispositivo. Adem\u00e1s, a medida que navega por el Sitio, recopilamos informaci\u00f3n sobre las p\u00e1ginas web o los productos individuales que ve, qu\u00e9 sitios web o t\u00e9rminos de b\u00fasqueda lo remitieron al Sitio e informaci\u00f3n sobre c\u00f3mo interact\u00faa con el Sitio. Nos referimos a esta informaci\u00f3n recopilada autom\u00e1ticamente como &quot;Informaci\u00f3n del dispositivo&quot;.<\/p>\n<p>Recopilamos informaci\u00f3n del dispositivo utilizando las siguientes tecnolog\u00edas: - Las &quot;cookies&quot; son archivos de datos que se colocan en su dispositivo o computadora y, a menudo, incluyen un identificador \u00fanico an\u00f3nimo. Para obtener m\u00e1s informaci\u00f3n sobre las cookies y c\u00f3mo deshabilitarlas, visite http:\/\/www.allaboutcookies.org. - Los \u201carchivos de registro\u201d rastrean las acciones que ocurren en el Sitio y recopilan datos, incluida su direcci\u00f3n IP, tipo de navegador, proveedor de servicios de Internet, p\u00e1ginas de referencia \/ salida y marcas de fecha \/ hora.<\/p>\n<p>Adem\u00e1s, cuando registra su garant\u00eda o env\u00eda informaci\u00f3n a trav\u00e9s del Sitio, recopilamos cierta informaci\u00f3n suya, incluido su nombre, direcci\u00f3n de facturaci\u00f3n, direcci\u00f3n de env\u00edo, direcci\u00f3n de correo electr\u00f3nico y n\u00famero de tel\u00e9fono. Nos referimos a esta informaci\u00f3n como &quot;Informaci\u00f3n de contacto&quot;.<\/p>\n<p>Cuando hablamos de &quot;Informaci\u00f3n personal&quot; en esta Pol\u00edtica de privacidad, estamos hablando tanto de Informaci\u00f3n del dispositivo como de Informaci\u00f3n de contacto.<\/p>\n<h4>\u00bfCOMO USAMOS TU INFORMACI\u00d3N PERSONAL?<\/h4>\n<p>Usamos la informaci\u00f3n de contacto que recopilamos para registrar su garant\u00eda o responder a una solicitud de contacto. Adem\u00e1s, utilizamos esta informaci\u00f3n de contacto para: - comunicarnos con usted con respecto a su solicitud \/ garant\u00eda; y - Cuando opta espec\u00edficamente por recibir nuestra lista de correo electr\u00f3nico, le brinda informaci\u00f3n o publicidad relacionada con nuestros productos o servicios.<\/p>\n<p>Usamos la Informaci\u00f3n del dispositivo que recopilamos para ayudarnos a detectar posibles riesgos y fraudes (en particular, su direcci\u00f3n IP) y, en general, para mejorar y optimizar nuestro Sitio (por ejemplo, generando an\u00e1lisis sobre c\u00f3mo nuestros clientes navegan e interact\u00faan con el Sitio y evaluar el \u00e9xito de nuestras campa\u00f1as de marketing y publicidad).<\/p>\n<h4>COMPARTIENDO SU INFORMACI\u00d3N PERSONAL<\/h4>\n<p>Usamos Google Analytics para ayudarnos a comprender c\u00f3mo nuestros clientes usan el Sitio; puede leer m\u00e1s sobre c\u00f3mo Google usa su informaci\u00f3n personal aqu\u00ed: https:\/\/www.google.com\/intl\/en\/policies\/privacy\/. Tambi\u00e9n puede optar por no participar en Google Analytics aqu\u00ed: https:\/\/tools.google.com\/dlpage\/gaoptout.<\/p>\n<p>Finalmente, tambi\u00e9n podemos compartir su Informaci\u00f3n de contacto para cumplir con las leyes y regulaciones aplicables, para responder a una citaci\u00f3n, orden de registro u otra solicitud legal de informaci\u00f3n que recibimos, o para proteger nuestros derechos.<\/p>\n<h4>NO HACER SEGUIMIENTO<\/h4>\n<p>Tenga en cuenta que no modificamos las pr\u00e1cticas de uso y recopilaci\u00f3n de datos de nuestro Sitio cuando vemos una se\u00f1al de No rastrear desde su navegador.<\/p>\n<h4>TUS DERECHOS<\/h4>\n<p>If you are a European resident, you have the right to access personal information we hold about you and to ask that your personal information be corrected, updated, or deleted. If you would like to exercise this right, please contact us through <a href=\"https:\/\/global.hydroblok.com\/es_mx\/gdpr-data-request-form\/\">GDPR Data Request Form<\/a>.<\/p>\n<p>Additionally, if you are a European resident we note that we are processing your information in order to fulfill contracts we might have with you (for example if you have an inquiry or make an order through the Site), or otherwise to pursue our legitimate business interests listed above. Additionally, please note that your information might be transferred outside of Europe, including to our servers in United States and any 3rd party providers as described above in the United States.<\/p>\n<h4>RETENCI\u00d3N DE DATOS<\/h4>\n<p>Cuando registre su garant\u00eda o se comunique con nosotros a trav\u00e9s del Sitio, mantendremos su Informaci\u00f3n de pedido para nuestros registros a menos que y hasta que nos solicite que eliminemos esta informaci\u00f3n.<\/p>\n<h4>CAMBIOS<\/h4>\n<p>Podemos actualizar esta pol\u00edtica de privacidad de vez en cuando para reflejar, por ejemplo, cambios en nuestras pr\u00e1cticas o por otras razones operativas, legales o reglamentarias.<\/p>\n<h4>CONT\u00c1CTENOS<\/h4>\n<p>For more information about our privacy practices, if you have questions, or if you would like to make a complaint, please contact us by e\u2011mail at <a href=\"mailto:webmaster@hydroblok.com\">webmaster@hydroblok.com<\/a> or via <a href=\"https:\/\/global.hydroblok.com\/es_mx\/contact\/\">our contact page<\/a>.<\/p>\n\r\n\t\t<\/div>\r\n\t<\/div>\r\n<\/div><\/div><\/div><\/div><\/div><\/section>","protected":false},"excerpt":{"rendered":"PRIVACY &amp; TERMS OF USE Updated September 2024 This Privacy Policy describes how your personal information is collected, used, and shared when you visit or make a purchase from global.hydroblok.com [...]","protected":false},"author":7,"featured_media":0,"parent":0,"menu_order":0,"comment_status":"closed","ping_status":"closed","template":"page-v2.php","meta":[],"jetpack_sharing_enabled":true,"jetpack_shortlink":"https:\/\/wp.me\/PgwIK9-3","jetpack_likes_enabled":true,"_links":{"self":[{"href":"https:\/\/global.hydroblok.com\/es_mx\/wp-json\/wp\/v2\/pages\/3"}],"collection":[{"href":"https:\/\/global.hydroblok.com\/es_mx\/wp-json\/wp\/v2\/pages"}],"about":[{"href":"https:\/\/global.hydroblok.com\/es_mx\/wp-json\/wp\/v2\/types\/page"}],"author":[{"embeddable":true,"href":"https:\/\/global.hydroblok.com\/es_mx\/wp-json\/wp\/v2\/users\/7"}],"replies":[{"embeddable":true,"href":"https:\/\/global.hydroblok.com\/es_mx\/wp-json\/wp\/v2\/comments?post=3"}],"version-history":[{"count":8,"href":"https:\/\/global.hydroblok.com\/es_mx\/wp-json\/wp\/v2\/pages\/3\/revisions"}],"predecessor-version":[{"id":9655,"href":"https:\/\/global.hydroblok.com\/es_mx\/wp-json\/wp\/v2\/pages\/3\/revisions\/9655"}],"wp:attachment":[{"href":"https:\/\/global.hydroblok.com\/es_mx\/wp-json\/wp\/v2\/media?parent=3"}],"curies":[{"name":"wp","href":"https:\/\/api.w.org\/{rel}","templated":true}]}}