{"id":4698,"date":"2021-05-20T16:45:01","date_gmt":"2021-05-20T20:45:01","guid":{"rendered":"https:\/\/global.hydroblok.com\/?page_id=4698"},"modified":"2022-05-09T23:12:18","modified_gmt":"2022-05-10T03:12:18","slug":"hydro-blok-lifetime-limited-warranty","status":"publish","type":"page","link":"https:\/\/global.hydroblok.com\/es_mx\/hydro-blok-lifetime-limited-warranty\/","title":{"rendered":"Garant\u00eda limitada de por vida de HYDRO-BLOK"},"content":{"rendered":"<section class=\"wpb-content-wrapper\"><div class=\"vc_row wpb_row vc_row-fluid vc_custom_1616521607756 vc_row-has-fill vc_row-o-content-middle vc_row-flex\"><div class=\"inner_cont\"><div class=\"wpb_column vc_column_container vc_col-sm-4\"><div class=\"vc_column-inner\"><div class=\"wpb_wrapper\">\r\n\t<div class=\"wpb_text_column wpb_content_element\" >\r\n\t\t<div class=\"wpb_wrapper\">\r\n\t\t\t<h1 style=\"color: #fff;\">Garant\u00eda limitada de por vida de HYDRO-BLOK<\/h1>\n\r\n\t\t<\/div>\r\n\t<\/div>\r\n<div class=\"vc_row wpb_row vc_inner vc_row-fluid\"><div class=\"wpb_column vc_column_container vc_col-sm-6\"><div class=\"vc_column-inner\"><div class=\"wpb_wrapper\"><\/div><\/div><\/div><div class=\"wpb_column vc_column_container vc_col-sm-6\"><div class=\"vc_column-inner\"><div class=\"wpb_wrapper\"><\/div><\/div><\/div><\/div><\/div><\/div><\/div><div class=\"wpb_column vc_column_container vc_col-sm-4\"><div class=\"vc_column-inner\"><div class=\"wpb_wrapper\">\r\n\t<div class=\"wpb_text_column wpb_content_element\" >\r\n\t\t<div class=\"wpb_wrapper\">\r\n\t\t\t<p><a href=\"\/wp-content\/uploads\/2021\/01\/HB_January11_Lifetime_Warranty_1000px.png\"><img data-attachment-id=\"4101\" data-permalink=\"https:\/\/global.hydroblok.com\/es_mx\/hydro-blok-lifetime-limited-warranty\/hb_january11_lifetime_warranty_1000px\/\" data-orig-file=\"https:\/\/global.hydroblok.com\/wp-content\/uploads\/2021\/01\/HB_January11_Lifetime_Warranty_1000px.png\" data-orig-size=\"1000,828\" data-comments-opened=\"0\" data-image-meta=\"{&quot;aperture&quot;:&quot;0&quot;,&quot;credit&quot;:&quot;&quot;,&quot;camera&quot;:&quot;&quot;,&quot;caption&quot;:&quot;&quot;,&quot;created_timestamp&quot;:&quot;0&quot;,&quot;copyright&quot;:&quot;&quot;,&quot;focal_length&quot;:&quot;0&quot;,&quot;iso&quot;:&quot;0&quot;,&quot;shutter_speed&quot;:&quot;0&quot;,&quot;title&quot;:&quot;&quot;,&quot;orientation&quot;:&quot;0&quot;}\" data-image-title=\"HB_January11_Lifetime_Warranty_1000px\" data-image-description=\"\" data-image-caption=\"\" data-medium-file=\"https:\/\/global.hydroblok.com\/wp-content\/uploads\/2021\/01\/HB_January11_Lifetime_Warranty_1000px-300x248.png\" data-large-file=\"https:\/\/global.hydroblok.com\/wp-content\/uploads\/2021\/01\/HB_January11_Lifetime_Warranty_1000px.png\" decoding=\"async\" loading=\"lazy\" class=\"alignnone size-medium wp-image-4101\" src=\"\/wp-content\/uploads\/2021\/01\/HB_January11_Lifetime_Warranty_1000px-300x248.png\" alt=\"\" width=\"300\" height=\"248\" srcset=\"https:\/\/global.hydroblok.com\/wp-content\/uploads\/2021\/01\/HB_January11_Lifetime_Warranty_1000px-300x248.png 300w, https:\/\/global.hydroblok.com\/wp-content\/uploads\/2021\/01\/HB_January11_Lifetime_Warranty_1000px-768x636.png 768w, https:\/\/global.hydroblok.com\/wp-content\/uploads\/2021\/01\/HB_January11_Lifetime_Warranty_1000px-600x497.png 600w, https:\/\/global.hydroblok.com\/wp-content\/uploads\/2021\/01\/HB_January11_Lifetime_Warranty_1000px-900x745.png 900w, https:\/\/global.hydroblok.com\/wp-content\/uploads\/2021\/01\/HB_January11_Lifetime_Warranty_1000px-14x12.png 14w, https:\/\/global.hydroblok.com\/wp-content\/uploads\/2021\/01\/HB_January11_Lifetime_Warranty_1000px.png 1000w\" sizes=\"(max-width: 300px) 100vw, 300px\" title=\"\"><\/a><\/p>\n\r\n\t\t<\/div>\r\n\t<\/div>\r\n<\/div><\/div><\/div><div class=\"wpb_column vc_column_container vc_col-sm-4\"><div class=\"vc_column-inner\"><div class=\"wpb_wrapper\">\r\n\t<div class=\"wpb_text_column wpb_content_element\" >\r\n\t\t<div class=\"wpb_wrapper\">\r\n\t\t\t<p><img data-attachment-id=\"167\" data-permalink=\"https:\/\/global.hydroblok.com\/es_mx\/hbad-icon\/\" data-orig-file=\"https:\/\/global.hydroblok.com\/wp-content\/uploads\/2021\/03\/hbad-icon.png\" data-orig-size=\"340,340\" data-comments-opened=\"0\" data-image-meta=\"{&quot;aperture&quot;:&quot;0&quot;,&quot;credit&quot;:&quot;&quot;,&quot;camera&quot;:&quot;&quot;,&quot;caption&quot;:&quot;&quot;,&quot;created_timestamp&quot;:&quot;0&quot;,&quot;copyright&quot;:&quot;&quot;,&quot;focal_length&quot;:&quot;0&quot;,&quot;iso&quot;:&quot;0&quot;,&quot;shutter_speed&quot;:&quot;0&quot;,&quot;title&quot;:&quot;&quot;,&quot;orientation&quot;:&quot;0&quot;}\" data-image-title=\"hbad-icon\" data-image-description=\"\" data-image-caption=\"\" data-medium-file=\"https:\/\/global.hydroblok.com\/wp-content\/uploads\/2021\/03\/hbad-icon-300x300.png\" data-large-file=\"https:\/\/global.hydroblok.com\/wp-content\/uploads\/2021\/03\/hbad-icon.png\" decoding=\"async\" class=\"alignnone wp-image-167 size-thumbnail\" src=\"\/wp-content\/uploads\/2021\/03\/hbad-icon-150x150.png\" alt=\"\" width=\"60\" srcset=\"https:\/\/global.hydroblok.com\/wp-content\/uploads\/2021\/03\/hbad-icon-150x150.png 150w, https:\/\/global.hydroblok.com\/wp-content\/uploads\/2021\/03\/hbad-icon-300x300.png 300w, https:\/\/global.hydroblok.com\/wp-content\/uploads\/2021\/03\/hbad-icon-10x10.png 10w, https:\/\/global.hydroblok.com\/wp-content\/uploads\/2021\/03\/hbad-icon-12x12.png 12w, https:\/\/global.hydroblok.com\/wp-content\/uploads\/2021\/03\/hbad-icon-100x100.png 100w, https:\/\/global.hydroblok.com\/wp-content\/uploads\/2021\/03\/hbad-icon-144x144.png 144w, https:\/\/global.hydroblok.com\/wp-content\/uploads\/2021\/03\/hbad-icon.png 340w\" sizes=\"(max-width: 150px) 100vw, 150px\" title=\"\"><\/p>\n<h4 style=\"color: #fff;\">\u00bfNecesita registrar su compra \/ instalaci\u00f3n?<\/h4>\n<p style=\"color: #fff;\">Debe registrar su instalaci\u00f3n para validar su Garant\u00eda limitada de por vida HYDRO-BLOK. <a href=\"#\">Haga clic aqu\u00ed para registrar su instalaci\u00f3n<\/a>.<\/p>\n\r\n\t\t<\/div>\r\n\t<\/div>\r\n<\/div><\/div><\/div><\/div><\/div><div class=\"vc_row wpb_row vc_row-fluid mgy-top-third vc_custom_1621547095718 vc_row-has-fill\"><div class=\"inner_cont\"><div class=\"wpb_column vc_column_container vc_col-sm-12 vc_col-has-fill\"><div class=\"vc_column-inner vc_custom_1621536819184\"><div class=\"wpb_wrapper\"><div class=\"vc_row wpb_row vc_inner vc_row-fluid\"><div class=\"wpb_column vc_column_container vc_col-sm-12\"><div class=\"vc_column-inner\"><div class=\"wpb_wrapper\"><p style='text-align: left;'><a class='btn btn-prim' href='http:\/\/global.hydroblok.com\/wp-content\/uploads\/2021\/01\/HYDRO-BLOK_Lifetime_Warranty_J1121.pdf' target='_blank'>DESCARGAR PDF<\/a><\/p><\/div><\/div><\/div><\/div><div class=\"vc_separator wpb_content_element vc_separator_align_center vc_sep_width_100 vc_sep_pos_align_center vc_separator_no_text vc_sep_color_grey\" ><span class=\"vc_sep_holder vc_sep_holder_l\"><span class=\"vc_sep_line\"><\/span><\/span><span class=\"vc_sep_holder vc_sep_holder_r\"><span class=\"vc_sep_line\"><\/span><\/span>\n<\/div>\r\n\t<div class=\"wpb_text_column wpb_content_element\" >\r\n\t\t<div class=\"wpb_wrapper\">\r\n\t\t\t<h4><strong>Garant\u00eda limitada de por vida del sistema de ducha HYDRO-BLOK: revisada en enero de 2021<\/strong><\/h4>\n<p><strong>COBERTURA DE GARANT\u00cdA LIMITADA: <\/strong><\/p>\n<p>Sujeto a las condiciones y limitaciones que se establecen a continuaci\u00f3n, Hydroblok Grand International Inc. e Hydro-Blok Canada Inc. (&quot;Hydro-Blok&quot;) garantizan que todos sus productos a base de espuma, productos de drenaje y productos selladores estar\u00e1n libres de todos los defectos de fabricaci\u00f3n. y no se deteriorar\u00e1 ni descompondr\u00e1 con el uso normal durante LA VIDA \u00daTIL DE LOS PRODUCTOS a partir de la fecha de compra cuando el producto se utilice e instale de acuerdo con las especificaciones escritas de las hojas de datos t\u00e9cnicos, las instrucciones y las pautas est\u00e1ndar de la industria de Hydro-Blok. El propietario debe completar y enviar el registro a Hydro-Blok, disponible en global.hydroblok.com, o enviar un comprobante de compra e informaci\u00f3n de instalaci\u00f3n (incluida la fecha de instalaci\u00f3n, el nombre y la direcci\u00f3n del instalador) a Hydro-Blok en la direcci\u00f3n que se proporciona a continuaci\u00f3n dentro de los sesenta ( 60) d\u00edas de instalaci\u00f3n.<\/p>\n<p><strong>RESOLUCI\u00d3N EXCLUSIVA: <\/strong><\/p>\n<p>Si el Producto se instala como un sistema y no cumple con esta garant\u00eda, el recurso exclusivo del propietario y la \u00fanica obligaci\u00f3n de Hydro-book es pagar el reemplazo de sus propios productos y el reemplazo de los materiales de acabado, junto con la instalaci\u00f3n de reemplazo. Hydro-Blok no pagar\u00e1 m\u00e1s por el reemplazo, calculado en pies cuadrados, que el precio de compra original de la parte que se reemplaza. Hydro-Blok no pagar\u00e1 el reemplazo de ninguna parte de la instalaci\u00f3n que no est\u00e9 probada como defectuosa. La eflorescencia es algo que proviene de materiales a base de cemento y no se considera una condici\u00f3n defectuosa y, por lo tanto, no est\u00e1 cubierto por esta garant\u00eda.<\/p>\n<p><strong>DESCARGO DE RESPONSABILIDAD: <\/strong><\/p>\n<p>No hay garant\u00edas m\u00e1s all\u00e1 de esta garant\u00eda expresa como se indic\u00f3 anteriormente. Todas las dem\u00e1s garant\u00edas, representaciones o condiciones, expresas o impl\u00edcitas, son rechazadas y excluidas, incluidas las garant\u00edas, representaciones o condiciones de comerciabilidad o idoneidad para un prop\u00f3sito particular que surja de una estatua o de otra manera por ley o de un curso de negociaci\u00f3n o uso comercial. Esta garant\u00eda se otorga en lugar de cualquier otra garant\u00eda expresa o impl\u00edcita. Los recursos aqu\u00ed contenidos son los \u00fanicos recursos disponibles para el incumplimiento de esta garant\u00eda. Esta garant\u00eda limitada le otorga derechos legales espec\u00edficos. Algunas provincias y estados no permiten renuncias de responsabilidad u otras restricciones de garant\u00edas impl\u00edcitas, por lo que es posible que algunas de las renuncias de responsabilidad anteriores no se apliquen en su caso.<\/p>\n<p><strong>EXCLUSIONES: <\/strong><\/p>\n<p>Hydro-Blok solo garantizar\u00e1 al comprador o propietario original y no permite que esta garant\u00eda limitada se transfiera o asigne a un nuevo usuario final o propietario. Hydro-Blok no se hace responsable de la mano de obra que no est\u00e9 de acuerdo con las instrucciones de instalaci\u00f3n proporcionadas por Hydro-Blok. y directrices est\u00e1ndar de construcci\u00f3n de la industria. Hydro-Blok no tendr\u00e1 ninguna responsabilidad en caso de lucro cesante, p\u00e9rdidas debidas a retrasos o cualquier otro da\u00f1o incidental o consecuente que surja de la siguiente lista:<\/p>\n<p>a) Da\u00f1os provenientes de cualquier cosa relacionada con el producto o materiales de los que forma parte<br \/>\nb) Cualquier penetraci\u00f3n o destrucci\u00f3n intencionada o no intencionada del sistema<br \/>\nc) Da\u00f1os por excesivo movimiento estructural o deflexi\u00f3n<br \/>\nd) Actos de fuerza mayor, guerra o terrorismo<br \/>\ne) Fuego y explosiones<br \/>\nf) Cualquier mal uso de los productos en cualquier momento durante el proceso de instalaci\u00f3n.<br \/>\ng) Cualquier instalaci\u00f3n o aplicaci\u00f3n exterior, industrial o sumergida.<\/p>\n<p><strong>C\u00d3MO HACER UNA RECLAMACI\u00d3N: <\/strong><\/p>\n<p>Para realizar un reclamo bajo esta Garant\u00eda limitada de por vida, el comprador o propietario original debe notificar a Hydro-Blok. por correo electr\u00f3nico a <a href=\"mailto:sales@hydroblok.com\">sales@hydroblok.com<\/a> dentro de los 30 d\u00edas de cualquier inquietud o problema de un defecto de fabricaci\u00f3n. Con la notificaci\u00f3n por escrito, el usuario final tambi\u00e9n debe proporcionar el comprobante de compra original completo con la fecha y todos los productos comprados, y todos los costos relacionados con la instalaci\u00f3n. Hydro-Blok. se reserva el derecho de inspeccionar la instalaci\u00f3n original y\/o solicitar pruebas fotogr\u00e1ficas como condici\u00f3n de esta garant\u00eda limitada para fundamentar cada reclamaci\u00f3n.<\/p>\n<p><strong>INFORMACI\u00d3N T\u00c9CNICA: <\/strong><\/p>\n<p>La asistencia t\u00e9cnica y la informaci\u00f3n est\u00e1n disponibles en l\u00ednea en global.hydroblok.com o llamando al:<\/p>\n<p><strong>N\u00famero gratuito: (844) 588-9559<\/strong><\/p>\n<p>Esta garant\u00eda limitada de por vida se rige por las leyes del estado de Nevada en los EE. UU. Y la provincia de Ontario en Canad\u00e1. Cualquier reclamo de garant\u00eda ser\u00e1 aprobado y proporcionado \u00fanicamente por el departamento de reclamos de garant\u00eda de Hydroblok Grand International Inc.<\/p>\n<p>Hydro-Blok Grand International Inc (Estados Unidos). Reservados todos los derechos<\/p>\n<p>Hydroblok Canada Inc. (Canad\u00e1). Reservados todos los derechos<\/p>\n<p>&nbsp;<\/p>\n<p>&nbsp;<\/p>\n\r\n\t\t<\/div>\r\n\t<\/div>\r\n<\/div><\/div><\/div><\/div><\/div>\n<\/section>","protected":false},"excerpt":{"rendered":"Garant\u00eda limitada de por vida de HYDRO-BLOK \u00bfNecesita registrar su compra \/ instalaci\u00f3n? Debe registrar su instalaci\u00f3n para validar su Garant\u00eda limitada de por vida de HYDRO-BLOK. Haga clic aqu\u00ed para registrar su instalaci\u00f3n. DESCARGAR PDF HYDRO-BLOK [...]","protected":false},"author":8,"featured_media":0,"parent":0,"menu_order":0,"comment_status":"closed","ping_status":"closed","template":"","meta":[],"jetpack_sharing_enabled":true,"jetpack_shortlink":"https:\/\/wp.me\/PgwIK9-1dM","jetpack_likes_enabled":true,"_links":{"self":[{"href":"https:\/\/global.hydroblok.com\/es_mx\/wp-json\/wp\/v2\/pages\/4698"}],"collection":[{"href":"https:\/\/global.hydroblok.com\/es_mx\/wp-json\/wp\/v2\/pages"}],"about":[{"href":"https:\/\/global.hydroblok.com\/es_mx\/wp-json\/wp\/v2\/types\/page"}],"author":[{"embeddable":true,"href":"https:\/\/global.hydroblok.com\/es_mx\/wp-json\/wp\/v2\/users\/8"}],"replies":[{"embeddable":true,"href":"https:\/\/global.hydroblok.com\/es_mx\/wp-json\/wp\/v2\/comments?post=4698"}],"version-history":[{"count":24,"href":"https:\/\/global.hydroblok.com\/es_mx\/wp-json\/wp\/v2\/pages\/4698\/revisions"}],"predecessor-version":[{"id":7060,"href":"https:\/\/global.hydroblok.com\/es_mx\/wp-json\/wp\/v2\/pages\/4698\/revisions\/7060"}],"wp:attachment":[{"href":"https:\/\/global.hydroblok.com\/es_mx\/wp-json\/wp\/v2\/media?parent=4698"}],"curies":[{"name":"wp","href":"https:\/\/api.w.org\/{rel}","templated":true}]}}