{"id":8849,"date":"2023-07-13T12:30:14","date_gmt":"2023-07-13T16:30:14","guid":{"rendered":"https:\/\/global.hydroblok.com\/?page_id=8849"},"modified":"2023-07-13T12:30:14","modified_gmt":"2023-07-13T16:30:14","slug":"daltile-myrtle-beach","status":"publish","type":"page","link":"https:\/\/global.hydroblok.com\/es_mx\/find-a-dealer\/daltile-myrtle-beach\/","title":{"rendered":"Playa de Myrtle de Daltile"},"content":{"rendered":"<section class=\"wpb-content-wrapper\"><section data-vc-full-width=\"true\" data-vc-full-width-init=\"false\" data-vc-parallax=\"1.5\" data-vc-parallax-image=\"https:\/\/global.hydroblok.com\/wp-content\/uploads\/2021\/03\/hiw-img-1.png\" class=\"vc_section inner-padding banner-part vc_section-has-fill vc_section-o-content-middle vc_section-flex vc_general vc_parallax vc_parallax-content-moving\"><div class=\"vc_row wpb_row vc_row-fluid\"><div class=\"inner_cont\"><div class=\"wpb_column vc_column_container vc_col-sm-3\"><div class=\"vc_column-inner\"><div class=\"wpb_wrapper\"><\/div><\/div><\/div><div class=\"banner-middle wpb_column vc_column_container vc_col-sm-6 vc_col-has-fill\"><div class=\"vc_column-inner vc_custom_1641982971712\"><div class=\"wpb_wrapper\">\r\n\t<div class=\"wpb_text_column wpb_content_element  vc_custom_1689265367063\" >\r\n\t\t<div class=\"wpb_wrapper\">\r\n\t\t\t<h1 class=\"banner-header\">Playa de Myrtle de Daltile<\/h1>\n\r\n\t\t<\/div>\r\n\t<\/div>\r\n<div class=\"vc_row wpb_row vc_inner vc_row-fluid\"><div class=\"wpb_column vc_column_container vc_col-sm-3\"><div class=\"vc_column-inner\"><div class=\"wpb_wrapper\"><div class=\"vc_icon_element vc_icon_element-outer phone-icon vc_icon_element-align-center vc_icon_element-have-style\"><div class=\"vc_icon_element-inner vc_icon_element-color-white vc_icon_element-have-style-inner vc_icon_element-size-md vc_icon_element-style-rounded vc_icon_element-background vc_icon_element-background-color-custom\"  style=\"background-color:\"><span class=\"vc_icon_element-icon fas fa-phone-alt\" ><\/span><a class=\"vc_icon_element-link\" href=\"tel:(843)%20839-0033\"  title=\"\" target=\"_self\"><\/a><\/div><\/div><\/div><\/div><\/div><div class=\"wpb_column vc_column_container vc_col-sm-9\"><div class=\"vc_column-inner\"><div class=\"wpb_wrapper\"><div class=\"vc_btn3-container  dealer-call-btn vc_btn3-left\" ><a class=\"vc_general vc_btn3 vc_btn3-size-lg vc_btn3-shape-square vc_btn3-style-modern vc_btn3-color-white\" href=\"tel:(843)%20839-0033\" title=\"\">(843) 839-0033<\/a><\/div><\/div><\/div><\/div><\/div><\/div><\/div><\/div><div class=\"wpb_column vc_column_container vc_col-sm-3\"><div class=\"vc_column-inner\"><div class=\"wpb_wrapper\"><\/div><\/div><\/div><\/div><\/div><div class=\"vc_row wpb_row vc_row-fluid\"><div class=\"inner_cont\"><div class=\"wpb_column vc_column_container vc_col-sm-3\"><div class=\"vc_column-inner\"><div class=\"wpb_wrapper\"><\/div><\/div><\/div><div class=\"wpb_column vc_column_container vc_col-sm-6\"><div class=\"vc_column-inner\"><div class=\"wpb_wrapper\"><div class=\"vc_row wpb_row vc_inner vc_row-fluid vc_custom_1641925729859\"><div class=\"wpb_column vc_column_container vc_col-sm-12\"><div class=\"vc_column-inner\"><div class=\"wpb_wrapper\">\r\n\t<div class=\"wpb_text_column wpb_content_element\" >\r\n\t\t<div class=\"wpb_wrapper\">\r\n\t\t\t<p class=\"offer-para\" style=\"text-align: center; font-size: 28px;\">1330 17th Ave S, Myrtle Beach, Carolina del Sur, EE. UU.<\/p>\n\r\n\t\t<\/div>\r\n\t<\/div>\r\n<\/div><\/div><\/div><\/div><\/div><\/div><\/div><div class=\"wpb_column vc_column_container vc_col-sm-3\"><div class=\"vc_column-inner\"><div class=\"wpb_wrapper\"><\/div><\/div><\/div><\/div><\/div><\/section><div class=\"vc_row-full-width vc_clearfix\"><\/div><section class=\"vc_section inner-padding vc_custom_1641927731658 vc_section-has-fill\"><div class=\"vc_row wpb_row vc_row-fluid\"><div class=\"inner_cont\"><div class=\"wpb_column vc_column_container vc_col-sm-12\"><div class=\"vc_column-inner\"><div class=\"wpb_wrapper\">\r\n\t<div class=\"wpb_text_column wpb_content_element\" >\r\n\t\t<div class=\"wpb_wrapper\">\r\n\t\t\t<h2 class=\"inner-heading\"><span style=\"color: #8a8c8e;\">Daltile Myrtle Beach \u2013 Distribuidor de HYDRO-BLOK en Myrtle Beach, SC, EE. UU. <\/span><\/h2>\n\r\n\t\t<\/div>\r\n\t<\/div>\r\n<\/div><\/div><\/div><\/div><\/div><div class=\"vc_row wpb_row vc_row-fluid vc_row-o-content-top vc_row-flex\"><div class=\"inner_cont\"><div class=\"wpb_column vc_column_container vc_col-sm-6\"><div class=\"vc_column-inner\"><div class=\"wpb_wrapper\">\n\t<div  class=\"wpb_single_image wpb_content_element vc_align_left\">\n\t\t\n\t\t<figure class=\"wpb_wrapper vc_figure\">\n\t\t\t<div class=\"vc_single_image-wrapper   vc_box_border_grey\"><img width=\"898\" height=\"322\" src=\"https:\/\/global.hydroblok.com\/wp-content\/uploads\/2023\/07\/counter-tops.jpg\" class=\"vc_single_image-img attachment-full\" alt=\"\" decoding=\"async\" loading=\"lazy\" title=\"encimeras\" srcset=\"https:\/\/global.hydroblok.com\/wp-content\/uploads\/2023\/07\/counter-tops.jpg 898w, https:\/\/global.hydroblok.com\/wp-content\/uploads\/2023\/07\/counter-tops-300x108.jpg 300w, https:\/\/global.hydroblok.com\/wp-content\/uploads\/2023\/07\/counter-tops-768x275.jpg 768w, https:\/\/global.hydroblok.com\/wp-content\/uploads\/2023\/07\/counter-tops-600x215.jpg 600w, https:\/\/global.hydroblok.com\/wp-content\/uploads\/2023\/07\/counter-tops-18x6.jpg 18w\" sizes=\"(max-width: 898px) 100vw, 898px\" data-attachment-id=\"8863\" data-permalink=\"https:\/\/global.hydroblok.com\/es_mx\/find-a-dealer\/daltile-myrtle-beach\/counter-tops\/\" data-orig-file=\"https:\/\/global.hydroblok.com\/wp-content\/uploads\/2023\/07\/counter-tops.jpg\" data-orig-size=\"898,322\" data-comments-opened=\"0\" data-image-meta=\"{&quot;aperture&quot;:&quot;0&quot;,&quot;credit&quot;:&quot;&quot;,&quot;camera&quot;:&quot;&quot;,&quot;caption&quot;:&quot;&quot;,&quot;created_timestamp&quot;:&quot;0&quot;,&quot;copyright&quot;:&quot;&quot;,&quot;focal_length&quot;:&quot;0&quot;,&quot;iso&quot;:&quot;0&quot;,&quot;shutter_speed&quot;:&quot;0&quot;,&quot;title&quot;:&quot;&quot;,&quot;orientation&quot;:&quot;0&quot;}\" data-image-title=\"counter-tops\" data-image-description=\"\" data-image-caption=\"\" data-medium-file=\"https:\/\/global.hydroblok.com\/wp-content\/uploads\/2023\/07\/counter-tops-300x108.jpg\" data-large-file=\"https:\/\/global.hydroblok.com\/wp-content\/uploads\/2023\/07\/counter-tops.jpg\" data-image-><\/div>\n\t\t<\/figure>\n\t<\/div>\n\r\n\t<div class=\"wpb_text_column wpb_content_element  about-dealer\" >\r\n\t\t<div class=\"wpb_wrapper\">\r\n\t\t\t<p><strong>Servicio de ventas Daltile<\/strong> Center en Myrtle Beach, Carolina del Sur, es el mejor destino del pa\u00eds para azulejos especiales, desde mosaicos \u00fanicos hasta piedra natural y con apariencia de madera. En un centro de servicio de ventas de Daltile, siempre encontrar\u00e1 la mejor oferta en mosaico junto con la informaci\u00f3n que necesita para hacer realidad el sue\u00f1o de su cliente.<\/p>\n\r\n\t\t<\/div>\r\n\t<\/div>\r\n<\/div><\/div><\/div><div class=\"wpb_column vc_column_container vc_col-sm-6\"><div class=\"vc_column-inner vc_custom_1642054177607\"><div class=\"wpb_wrapper\">\r\n\t<div class=\"wpb_text_column wpb_content_element  project-heading\" >\r\n\t\t<div class=\"wpb_wrapper\">\r\n\t\t\t<h2 class=\"request-heading\">Solicitud de presupuesto<\/h2>\n\r\n\t\t<\/div>\r\n\t<\/div>\r\n<\/div><\/div><\/div><\/div><\/div><\/section><section class=\"vc_section inner-padding vc_custom_1641927817947 vc_section-has-fill\"><div class=\"vc_row wpb_row vc_row-fluid\"><div class=\"inner_cont\"><div class=\"wpb_column vc_column_container vc_col-sm-4\"><div class=\"vc_column-inner\"><div class=\"wpb_wrapper\">\r\n\t<div class=\"wpb_text_column wpb_content_element\" >\r\n\t\t<div class=\"wpb_wrapper\">\r\n\t\t\t<h2 class=\"inner-heading\">Playa de Myrtle de Daltile<\/h2>\n\r\n\t\t<\/div>\r\n\t<\/div>\r\n\r\n\t<div class=\"wpb_text_column wpb_content_element\" >\r\n\t\t<div class=\"wpb_wrapper\">\r\n\t\t\t<p><span class=\"contact-sub-heading\">Habla a<\/span><\/p>\n<p class=\"contact-sub-para\">1330 17th Ave S, Myrtle Beach, Carolina del Sur, EE. UU.<\/p>\n\r\n\t\t<\/div>\r\n\t<\/div>\r\n\r\n\t<div class=\"wpb_text_column wpb_content_element\" >\r\n\t\t<div class=\"wpb_wrapper\">\r\n\t\t\t<p><span class=\"contact-sub-heading\">Sitio web<\/span><\/p>\n<p class=\"contact-sub-para\"><a href=\"https:\/\/locations.daltile.com\/sc\/myrtle-beach\/357\/\" target=\"_blank\" rel=\"noopener\">www.ubicaciones.daltile.com<\/a><\/p>\n\r\n\t\t<\/div>\r\n\t<\/div>\r\n\r\n\t<div class=\"wpb_text_column wpb_content_element  vc_custom_1689265510933\" >\r\n\t\t<div class=\"wpb_wrapper\">\r\n\t\t\t<p><span class=\"contact-sub-heading\">Tel\u00e9fono<\/span><\/p>\n<p class=\"contact-sub-para\"><a href=\"tel:(843) 839-0033\">(843) 839-0033<\/a><\/p>\n\r\n\t\t<\/div>\r\n\t<\/div>\r\n<\/div><\/div><\/div><div class=\"wpb_column vc_column_container vc_col-sm-8\"><div class=\"vc_column-inner\"><div class=\"wpb_wrapper\"><div class=\"vc_row wpb_row vc_inner vc_row-fluid\"><div class=\"wpb_column vc_column_container vc_col-sm-12\"><div class=\"vc_column-inner\"><div class=\"wpb_wrapper\">\r\n\t<div class=\"wpb_text_column wpb_content_element\" >\r\n\t\t<div class=\"wpb_wrapper\">\r\n\t\t\t<p><iframe loading=\"lazy\" style=\"border: 0;\" src=\"https:\/\/www.google.com\/maps\/embed?pb=!1m18!1m12!1m3!1d3319.6255495576156!2d-78.91905058479443!3d33.69275878070517!2m3!1f0!2f0!3f0!3m2!1i1024!2i768!4f13.1!3m3!1m2!1s0x8900699a0a850d35%3A0x4f5b728a4b161eaf!2sDaltile%2C%20American%20Olean%20Sales%20Service%20Center!5e0!3m2!1sen!2sus!4v1689265774840!5m2!1sen!2sus\" width=\"100%\" height=\"600\" allowfullscreen=\"allowfullscreen\"><\/iframe><\/p>\n\r\n\t\t<\/div>\r\n\t<\/div>\r\n<\/div><\/div><\/div><\/div><\/div><\/div><\/div><\/div><\/div><\/section><section class=\"vc_section inner-padding vc_custom_1641927748557 vc_section-has-fill\"><div class=\"vc_row wpb_row vc_row-fluid\"><div class=\"inner_cont\"><div class=\"wpb_column vc_column_container vc_col-sm-12\"><div class=\"vc_column-inner\"><div class=\"wpb_wrapper\">\r\n\t<div class=\"wpb_text_column wpb_content_element\" >\r\n\t\t<div class=\"wpb_wrapper\">\r\n\t\t\t<h2 class=\"inner-heading\">Beneficios de HYDRO-BLOK<\/h2>\n\r\n\t\t<\/div>\r\n\t<\/div>\r\n<\/div><\/div><\/div><\/div><\/div><div class=\"vc_row wpb_row vc_row-fluid\"><div class=\"inner_cont\"><div class=\"wpb_column vc_column_container vc_col-sm-12\"><div class=\"vc_column-inner\"><div class=\"wpb_wrapper\">\r\n\t<div class=\"wpb_text_column wpb_content_element  hydroblok-Benefits\" >\r\n\t\t<div class=\"wpb_wrapper\">\r\n\t\t\t<p>El<strong> HIDROBLOQUE<\/strong> El sistema de ducha cuenta con un n\u00facleo de espuma XPS de celda cerrada, libre de HCFC y un revestimiento patentado de cemento modificado con pol\u00edmeros. Una vez instalado con nuestro sellador de juntas, obtiene un sistema de ducha completamente impermeable que consta de platos de ducha, paneles de yeso y accesorios que son livianos, fuertes y est\u00e1n listos para sus creaciones de azulejos o piedra y todo respaldado por nuestra garant\u00eda limitada de por vida. El sistema de ducha HYDRO-BLOK se desarroll\u00f3 con una filosof\u00eda sencilla: construir una ducha moderna deber\u00eda ser m\u00e1s r\u00e1pido, m\u00e1s f\u00e1cil y m\u00e1s rentable que las instalaciones de ducha tradicionales.<\/p>\n<p>El equipo de HYDRO-BLOK ha reunido muchos a\u00f1os de experiencia en las industrias de la construcci\u00f3n, el desarrollo de productos, la fabricaci\u00f3n y la piedra y los azulejos para proporcionar un sistema de ducha MEJOR, m\u00e1s f\u00e1cil y m\u00e1s r\u00e1pido. Con una garant\u00eda de 10 a\u00f1os en todos los productos de espuma, respaldamos nuestros productos para que pueda disfrutar de su ducha sin problemas durante muchos a\u00f1os. Le agradecemos que considere nuestros productos para su pr\u00f3ximo proyecto de ducha o renovaci\u00f3n y esperamos servirle con una l\u00ednea de productos en expansi\u00f3n en el futuro.<\/p>\n\r\n\t\t<\/div>\r\n\t<\/div>\r\n<\/div><\/div><\/div><\/div><\/div><\/section>\n<\/section>","protected":false},"excerpt":{"rendered":"Daltile Myrtle Beach (843) 839-0033 1330 17th Ave S, Myrtle Beach, SC, EE. UU. Daltile Myrtle Beach - Distribuidor de HYDRO-BLOK en Myrtle Beach, SC, EE. UU. Centro de servicio de ventas de Daltile en Myrtle [...]","protected":false},"author":14,"featured_media":0,"parent":12,"menu_order":0,"comment_status":"closed","ping_status":"closed","template":"","meta":[],"jetpack_sharing_enabled":true,"jetpack_shortlink":"https:\/\/wp.me\/PgwIK9-2iJ","jetpack_likes_enabled":true,"_links":{"self":[{"href":"https:\/\/global.hydroblok.com\/es_mx\/wp-json\/wp\/v2\/pages\/8849"}],"collection":[{"href":"https:\/\/global.hydroblok.com\/es_mx\/wp-json\/wp\/v2\/pages"}],"about":[{"href":"https:\/\/global.hydroblok.com\/es_mx\/wp-json\/wp\/v2\/types\/page"}],"author":[{"embeddable":true,"href":"https:\/\/global.hydroblok.com\/es_mx\/wp-json\/wp\/v2\/users\/14"}],"replies":[{"embeddable":true,"href":"https:\/\/global.hydroblok.com\/es_mx\/wp-json\/wp\/v2\/comments?post=8849"}],"version-history":[{"count":2,"href":"https:\/\/global.hydroblok.com\/es_mx\/wp-json\/wp\/v2\/pages\/8849\/revisions"}],"predecessor-version":[{"id":8865,"href":"https:\/\/global.hydroblok.com\/es_mx\/wp-json\/wp\/v2\/pages\/8849\/revisions\/8865"}],"up":[{"embeddable":true,"href":"https:\/\/global.hydroblok.com\/es_mx\/wp-json\/wp\/v2\/pages\/12"}],"wp:attachment":[{"href":"https:\/\/global.hydroblok.com\/es_mx\/wp-json\/wp\/v2\/media?parent=8849"}],"curies":[{"name":"wp","href":"https:\/\/api.w.org\/{rel}","templated":true}]}}