{"id":8872,"date":"2023-07-13T13:59:22","date_gmt":"2023-07-13T17:59:22","guid":{"rendered":"https:\/\/global.hydroblok.com\/?page_id=8872"},"modified":"2023-07-13T14:00:00","modified_gmt":"2023-07-13T18:00:00","slug":"southeastern-tile-connection-durham","status":"publish","type":"page","link":"https:\/\/global.hydroblok.com\/es_mx\/find-a-dealer\/southeastern-tile-connection-durham\/","title":{"rendered":"Conexi\u00f3n de azulejos del sureste de Durham"},"content":{"rendered":"<section class=\"wpb-content-wrapper\"><section data-vc-full-width=\"true\" data-vc-full-width-init=\"false\" data-vc-parallax=\"1.5\" data-vc-parallax-image=\"https:\/\/global.hydroblok.com\/wp-content\/uploads\/2021\/03\/hiw-img-1.png\" class=\"vc_section inner-padding banner-part vc_section-has-fill vc_section-o-content-middle vc_section-flex vc_general vc_parallax vc_parallax-content-moving\"><div class=\"vc_row wpb_row vc_row-fluid\"><div class=\"inner_cont\"><div class=\"wpb_column vc_column_container vc_col-sm-3\"><div class=\"vc_column-inner\"><div class=\"wpb_wrapper\"><\/div><\/div><\/div><div class=\"banner-middle wpb_column vc_column_container vc_col-sm-6 vc_col-has-fill\"><div class=\"vc_column-inner vc_custom_1641982971712\"><div class=\"wpb_wrapper\">\r\n\t<div class=\"wpb_text_column wpb_content_element  vc_custom_1689270755945\" >\r\n\t\t<div class=\"wpb_wrapper\">\r\n\t\t\t<h1 class=\"banner-header\">Conexi\u00f3n de azulejos del sureste de Durham<\/h1>\n\r\n\t\t<\/div>\r\n\t<\/div>\r\n<div class=\"vc_row wpb_row vc_inner vc_row-fluid\"><div class=\"wpb_column vc_column_container vc_col-sm-3\"><div class=\"vc_column-inner\"><div class=\"wpb_wrapper\"><div class=\"vc_icon_element vc_icon_element-outer phone-icon vc_icon_element-align-center vc_icon_element-have-style\"><div class=\"vc_icon_element-inner vc_icon_element-color-white vc_icon_element-have-style-inner vc_icon_element-size-md vc_icon_element-style-rounded vc_icon_element-background vc_icon_element-background-color-custom\"  style=\"background-color:\"><span class=\"vc_icon_element-icon fas fa-phone-alt\" ><\/span><a class=\"vc_icon_element-link\" href=\"tel:(919)%20237-9845\"  title=\"\" target=\"_self\"><\/a><\/div><\/div><\/div><\/div><\/div><div class=\"wpb_column vc_column_container vc_col-sm-9\"><div class=\"vc_column-inner\"><div class=\"wpb_wrapper\"><div class=\"vc_btn3-container  dealer-call-btn vc_btn3-left\" ><a class=\"vc_general vc_btn3 vc_btn3-size-lg vc_btn3-shape-square vc_btn3-style-modern vc_btn3-color-white\" href=\"tel:(919)%20237-9845\" title=\"\">(919) 237-9845<\/a><\/div><\/div><\/div><\/div><\/div><\/div><\/div><\/div><div class=\"wpb_column vc_column_container vc_col-sm-3\"><div class=\"vc_column-inner\"><div class=\"wpb_wrapper\"><\/div><\/div><\/div><\/div><\/div><div class=\"vc_row wpb_row vc_row-fluid\"><div class=\"inner_cont\"><div class=\"wpb_column vc_column_container vc_col-sm-3\"><div class=\"vc_column-inner\"><div class=\"wpb_wrapper\"><\/div><\/div><\/div><div class=\"wpb_column vc_column_container vc_col-sm-6\"><div class=\"vc_column-inner\"><div class=\"wpb_wrapper\"><div class=\"vc_row wpb_row vc_inner vc_row-fluid vc_custom_1641925729859\"><div class=\"wpb_column vc_column_container vc_col-sm-12\"><div class=\"vc_column-inner\"><div class=\"wpb_wrapper\">\r\n\t<div class=\"wpb_text_column wpb_content_element\" >\r\n\t\t<div class=\"wpb_wrapper\">\r\n\t\t\t<p class=\"offer-para\" style=\"text-align: center; font-size: 28px;\">3738 Durham-Chapel Hill Blvd Unidad D, Durham, NC 27707<\/p>\n\r\n\t\t<\/div>\r\n\t<\/div>\r\n<\/div><\/div><\/div><\/div><\/div><\/div><\/div><div class=\"wpb_column vc_column_container vc_col-sm-3\"><div class=\"vc_column-inner\"><div class=\"wpb_wrapper\"><\/div><\/div><\/div><\/div><\/div><\/section><div class=\"vc_row-full-width vc_clearfix\"><\/div><section class=\"vc_section inner-padding vc_custom_1641927731658 vc_section-has-fill\"><div class=\"vc_row wpb_row vc_row-fluid\"><div class=\"inner_cont\"><div class=\"wpb_column vc_column_container vc_col-sm-12\"><div class=\"vc_column-inner\"><div class=\"wpb_wrapper\">\r\n\t<div class=\"wpb_text_column wpb_content_element\" >\r\n\t\t<div class=\"wpb_wrapper\">\r\n\t\t\t<h2 class=\"inner-heading\"><span style=\"color: #8a8c8e;\">Southeastern Tile Connection Durham \u2013 Distribuidor HYDRO-BLOK en Durham, Carolina del Norte, EE. UU. <\/span><\/h2>\n\r\n\t\t<\/div>\r\n\t<\/div>\r\n<\/div><\/div><\/div><\/div><\/div><div class=\"vc_row wpb_row vc_row-fluid vc_row-o-content-top vc_row-flex\"><div class=\"inner_cont\"><div class=\"wpb_column vc_column_container vc_col-sm-6\"><div class=\"vc_column-inner\"><div class=\"wpb_wrapper\">\n\t<div  class=\"wpb_single_image wpb_content_element vc_align_left\">\n\t\t\n\t\t<figure class=\"wpb_wrapper vc_figure\">\n\t\t\t<div class=\"vc_single_image-wrapper   vc_box_border_grey\"><img width=\"937\" height=\"782\" src=\"https:\/\/global.hydroblok.com\/wp-content\/uploads\/2023\/07\/home-tiles.jpg\" class=\"vc_single_image-img attachment-full\" alt=\"\" decoding=\"async\" loading=\"lazy\" title=\"azulejos del hogar\" srcset=\"https:\/\/global.hydroblok.com\/wp-content\/uploads\/2023\/07\/home-tiles.jpg 937w, https:\/\/global.hydroblok.com\/wp-content\/uploads\/2023\/07\/home-tiles-300x250.jpg 300w, https:\/\/global.hydroblok.com\/wp-content\/uploads\/2023\/07\/home-tiles-768x641.jpg 768w, https:\/\/global.hydroblok.com\/wp-content\/uploads\/2023\/07\/home-tiles-600x501.jpg 600w, https:\/\/global.hydroblok.com\/wp-content\/uploads\/2023\/07\/home-tiles-900x751.jpg 900w, https:\/\/global.hydroblok.com\/wp-content\/uploads\/2023\/07\/home-tiles-14x12.jpg 14w\" sizes=\"(max-width: 937px) 100vw, 937px\" data-attachment-id=\"8876\" data-permalink=\"https:\/\/global.hydroblok.com\/es_mx\/find-a-dealer\/southeastern-tile-connection-durham\/home-tiles\/\" data-orig-file=\"https:\/\/global.hydroblok.com\/wp-content\/uploads\/2023\/07\/home-tiles.jpg\" data-orig-size=\"937,782\" data-comments-opened=\"0\" data-image-meta=\"{&quot;aperture&quot;:&quot;0&quot;,&quot;credit&quot;:&quot;&quot;,&quot;camera&quot;:&quot;&quot;,&quot;caption&quot;:&quot;&quot;,&quot;created_timestamp&quot;:&quot;0&quot;,&quot;copyright&quot;:&quot;&quot;,&quot;focal_length&quot;:&quot;0&quot;,&quot;iso&quot;:&quot;0&quot;,&quot;shutter_speed&quot;:&quot;0&quot;,&quot;title&quot;:&quot;&quot;,&quot;orientation&quot;:&quot;0&quot;}\" data-image-title=\"home-tiles\" data-image-description=\"\" data-image-caption=\"\" data-medium-file=\"https:\/\/global.hydroblok.com\/wp-content\/uploads\/2023\/07\/home-tiles-300x250.jpg\" data-large-file=\"https:\/\/global.hydroblok.com\/wp-content\/uploads\/2023\/07\/home-tiles.jpg\" data-image-><\/div>\n\t\t<\/figure>\n\t<\/div>\n\r\n\t<div class=\"wpb_text_column wpb_content_element  about-dealer\" >\r\n\t\t<div class=\"wpb_wrapper\">\r\n\t\t\t<section class=\"intro-row interior-content\">\n<div class=\"container\">\n<div class=\"row\">\n<div class=\"col-xs-12 text-center wow slideInUp animated\">\n<p><strong>Conexi\u00f3n de azulejos del sureste<\/strong> es su proveedor local de elegantes revestimientos para pisos y paredes. Nuestra sala de exposici\u00f3n est\u00e1 ubicada en Wilmington, pero nuestros productos se obtienen a nivel mundial. Mostramos un inventario de los mejores productos de baldosas y piedra que se actualiza continuamente. Nuestro centro de dise\u00f1o cuenta con una variedad de productos que se adaptan a sus preferencias y estilo de dise\u00f1o. Explore nuestra galer\u00eda y consulte nuestras biograf\u00edas de dise\u00f1adores. Esperamos trabajar con usted para hacer que su hogar o proyecto cobre vida.<\/p>\n<\/div>\n<\/div>\n<\/div>\n<\/section>\n\r\n\t\t<\/div>\r\n\t<\/div>\r\n<\/div><\/div><\/div><div class=\"wpb_column vc_column_container vc_col-sm-6\"><div class=\"vc_column-inner vc_custom_1642054177607\"><div class=\"wpb_wrapper\">\r\n\t<div class=\"wpb_text_column wpb_content_element  project-heading\" >\r\n\t\t<div class=\"wpb_wrapper\">\r\n\t\t\t<h2 class=\"request-heading\">Solicitud de presupuesto<\/h2>\n\r\n\t\t<\/div>\r\n\t<\/div>\r\n<\/div><\/div><\/div><\/div><\/div><\/section><section class=\"vc_section inner-padding vc_custom_1641927817947 vc_section-has-fill\"><div class=\"vc_row wpb_row vc_row-fluid\"><div class=\"inner_cont\"><div class=\"wpb_column vc_column_container vc_col-sm-4\"><div class=\"vc_column-inner\"><div class=\"wpb_wrapper\">\r\n\t<div class=\"wpb_text_column wpb_content_element\" >\r\n\t\t<div class=\"wpb_wrapper\">\r\n\t\t\t<h2 class=\"inner-heading\">Conexi\u00f3n de azulejos del sureste de Durham<\/h2>\n\r\n\t\t<\/div>\r\n\t<\/div>\r\n\r\n\t<div class=\"wpb_text_column wpb_content_element\" >\r\n\t\t<div class=\"wpb_wrapper\">\r\n\t\t\t<p><span class=\"contact-sub-heading\">Habla a<\/span><\/p>\n<p class=\"contact-sub-para\">3738 Durham-Chapel Hill Blvd Unidad D, Durham, NC 27707<\/p>\n\r\n\t\t<\/div>\r\n\t<\/div>\r\n\r\n\t<div class=\"wpb_text_column wpb_content_element\" >\r\n\t\t<div class=\"wpb_wrapper\">\r\n\t\t\t<p><span class=\"contact-sub-heading\">Correo electr\u00f3nico<\/span><\/p>\n<p class=\"contact-sub-para\"><a href=\"mailto:info@setileconnection.com\">info@setileconnection.com<\/a><\/p>\n\r\n\t\t<\/div>\r\n\t<\/div>\r\n\r\n\t<div class=\"wpb_text_column wpb_content_element\" >\r\n\t\t<div class=\"wpb_wrapper\">\r\n\t\t\t<p><span class=\"contact-sub-heading\">Sitio web<\/span><\/p>\n<p class=\"contact-sub-para\"><a href=\"https:\/\/www.setileconnection.com\/\/\" target=\"_blank\" rel=\"noopener\"> www.setileconnection.com<\/a><\/p>\n\r\n\t\t<\/div>\r\n\t<\/div>\r\n\r\n\t<div class=\"wpb_text_column wpb_content_element  vc_custom_1689270970291\" >\r\n\t\t<div class=\"wpb_wrapper\">\r\n\t\t\t<p><span class=\"contact-sub-heading\">Tel\u00e9fono<\/span><\/p>\n<p class=\"contact-sub-para\"><a href=\"tel:(919) 237-9845\">(919) 237-9845<\/a><\/p>\n\r\n\t\t<\/div>\r\n\t<\/div>\r\n<\/div><\/div><\/div><div class=\"wpb_column vc_column_container vc_col-sm-8\"><div class=\"vc_column-inner\"><div class=\"wpb_wrapper\"><div class=\"vc_row wpb_row vc_inner vc_row-fluid\"><div class=\"wpb_column vc_column_container vc_col-sm-12\"><div class=\"vc_column-inner\"><div class=\"wpb_wrapper\">\r\n\t<div class=\"wpb_text_column wpb_content_element\" >\r\n\t\t<div class=\"wpb_wrapper\">\r\n\t\t\t<p><iframe loading=\"lazy\" style=\"border: 0;\" src=\"https:\/\/www.google.com\/maps\/embed?pb=!1m14!1m8!1m3!1d12915.959941870298!2d-78.9533217!3d35.9716703!3m2!1i1024!2i768!4f13.1!3m3!1m2!1s0x89ace73abdba0717%3A0xd9a18911b47e6c14!2sSoutheastern%20Tile%20Connection%20-%20Durham!5e0!3m2!1sen!2sus!4v1689271134776!5m2!1sen!2sus\" width=\"100%\" height=\"600\" allowfullscreen=\"allowfullscreen\"><\/iframe><\/p>\n\r\n\t\t<\/div>\r\n\t<\/div>\r\n<\/div><\/div><\/div><\/div><\/div><\/div><\/div><\/div><\/div><\/section><section class=\"vc_section inner-padding vc_custom_1641927748557 vc_section-has-fill\"><div class=\"vc_row wpb_row vc_row-fluid\"><div class=\"inner_cont\"><div class=\"wpb_column vc_column_container vc_col-sm-12\"><div class=\"vc_column-inner\"><div class=\"wpb_wrapper\">\r\n\t<div class=\"wpb_text_column wpb_content_element\" >\r\n\t\t<div class=\"wpb_wrapper\">\r\n\t\t\t<h2 class=\"inner-heading\">Beneficios de HYDRO-BLOK<\/h2>\n\r\n\t\t<\/div>\r\n\t<\/div>\r\n<\/div><\/div><\/div><\/div><\/div><div class=\"vc_row wpb_row vc_row-fluid\"><div class=\"inner_cont\"><div class=\"wpb_column vc_column_container vc_col-sm-12\"><div class=\"vc_column-inner\"><div class=\"wpb_wrapper\">\r\n\t<div class=\"wpb_text_column wpb_content_element  hydroblok-Benefits\" >\r\n\t\t<div class=\"wpb_wrapper\">\r\n\t\t\t<p>El<strong> HIDROBLOQUE<\/strong> El sistema de ducha cuenta con un n\u00facleo de espuma XPS de celda cerrada, libre de HCFC y un revestimiento patentado de cemento modificado con pol\u00edmeros. Una vez instalado con nuestro sellador de juntas, obtiene un sistema de ducha completamente impermeable que consta de platos de ducha, paneles de yeso y accesorios que son livianos, fuertes y est\u00e1n listos para sus creaciones de azulejos o piedra y todo respaldado por nuestra garant\u00eda limitada de por vida. El sistema de ducha HYDRO-BLOK se desarroll\u00f3 con una filosof\u00eda sencilla: construir una ducha moderna deber\u00eda ser m\u00e1s r\u00e1pido, m\u00e1s f\u00e1cil y m\u00e1s rentable que las instalaciones de ducha tradicionales.<\/p>\n<p>El equipo de HYDRO-BLOK ha reunido muchos a\u00f1os de experiencia en las industrias de la construcci\u00f3n, el desarrollo de productos, la fabricaci\u00f3n y la piedra y los azulejos para proporcionar un sistema de ducha MEJOR, m\u00e1s f\u00e1cil y m\u00e1s r\u00e1pido. Con una garant\u00eda de 10 a\u00f1os en todos los productos de espuma, respaldamos nuestros productos para que pueda disfrutar de su ducha sin problemas durante muchos a\u00f1os. Le agradecemos que considere nuestros productos para su pr\u00f3ximo proyecto de ducha o renovaci\u00f3n y esperamos servirle con una l\u00ednea de productos en expansi\u00f3n en el futuro.<\/p>\n\r\n\t\t<\/div>\r\n\t<\/div>\r\n<\/div><\/div><\/div><\/div><\/div><\/section>\n<\/section>","protected":false},"excerpt":{"rendered":"Southeastern Tile Connection Durham (919) 237-9845 3738 Durham-Chapel Hill Blvd Unidad D, Durham, NC 27707 Southeastern Tile Connection Durham - Distribuidor HYDRO-BLOK en Durham, NC, EE. UU. Southeastern Tile Connection es [...]","protected":false},"author":14,"featured_media":0,"parent":12,"menu_order":0,"comment_status":"closed","ping_status":"closed","template":"","meta":[],"jetpack_sharing_enabled":true,"jetpack_shortlink":"https:\/\/wp.me\/PgwIK9-2j6","jetpack_likes_enabled":true,"_links":{"self":[{"href":"https:\/\/global.hydroblok.com\/es_mx\/wp-json\/wp\/v2\/pages\/8872"}],"collection":[{"href":"https:\/\/global.hydroblok.com\/es_mx\/wp-json\/wp\/v2\/pages"}],"about":[{"href":"https:\/\/global.hydroblok.com\/es_mx\/wp-json\/wp\/v2\/types\/page"}],"author":[{"embeddable":true,"href":"https:\/\/global.hydroblok.com\/es_mx\/wp-json\/wp\/v2\/users\/14"}],"replies":[{"embeddable":true,"href":"https:\/\/global.hydroblok.com\/es_mx\/wp-json\/wp\/v2\/comments?post=8872"}],"version-history":[{"count":3,"href":"https:\/\/global.hydroblok.com\/es_mx\/wp-json\/wp\/v2\/pages\/8872\/revisions"}],"predecessor-version":[{"id":8879,"href":"https:\/\/global.hydroblok.com\/es_mx\/wp-json\/wp\/v2\/pages\/8872\/revisions\/8879"}],"up":[{"embeddable":true,"href":"https:\/\/global.hydroblok.com\/es_mx\/wp-json\/wp\/v2\/pages\/12"}],"wp:attachment":[{"href":"https:\/\/global.hydroblok.com\/es_mx\/wp-json\/wp\/v2\/media?parent=8872"}],"curies":[{"name":"wp","href":"https:\/\/api.w.org\/{rel}","templated":true}]}}