{"id":4437,"date":"2021-05-04T19:08:00","date_gmt":"2021-05-04T23:08:15","guid":{"rendered":"https:\/\/global.hydroblok.com\/?post_type=product&#038;p=4437"},"modified":"2024-10-10T23:19:04","modified_gmt":"2024-10-11T03:19:04","slug":"thin-single-slope-shower-pan-extension-72%e2%80%b3-x-12%e2%80%b3","status":"publish","type":"product","link":"https:\/\/global.hydroblok.com\/es_mx\/product\/thin-single-slope-shower-pan-extension-72%e2%80%b3-x-12%e2%80%b3\/","title":{"rendered":"Extensi\u00f3n delgada de plato de ducha de pendiente simple 72 \u2033 x 12 \u2033"},"content":{"rendered":"<p>\u00bfNecesita hacer su plato de ducha de pendiente \u00fanica HYDRO-BLOK un poco m\u00e1s grande? Entonces nuestra l\u00ednea de extensiones de ducha es lo que necesita. La extensi\u00f3n de plato de ducha de pendiente \u00fanica HBTSSSP7212EXT de 72 \u2033 x 12 \u2033 le permite continuar con el piso de la ducha y mantener la pendiente adecuada en todo momento. Construido con la misma construcci\u00f3n de alta calidad y confiabilidad que nuestra l\u00ednea completa de platos de ducha, paneles de pared y accesorios.<\/p>","protected":false},"excerpt":{"rendered":"<p>\u00bfNecesita hacer su plato de ducha de pendiente \u00fanica HYDRO-BLOK un poco m\u00e1s grande? Entonces nuestra l\u00ednea de extensiones de ducha es lo que necesita. La ducha de pendiente \u00fanica HBTSSSP7212EXT de 72 \u2033 x 12 \u2033 [\u2026]<\/p>","protected":false},"featured_media":9679,"template":"","meta":[],"product_cat":[51],"product_tag":[],"jetpack_publicize_connections":[],"jetpack_sharing_enabled":true,"jetpack_likes_enabled":true,"_links":{"self":[{"href":"https:\/\/global.hydroblok.com\/es_mx\/wp-json\/wp\/v3\/product\/4437"}],"collection":[{"href":"https:\/\/global.hydroblok.com\/es_mx\/wp-json\/wp\/v3\/product"}],"about":[{"href":"https:\/\/global.hydroblok.com\/es_mx\/wp-json\/wp\/v2\/types\/product"}],"wp:featuredmedia":[{"embeddable":true,"href":"https:\/\/global.hydroblok.com\/es_mx\/wp-json\/wp\/v2\/media\/9679"}],"wp:attachment":[{"href":"https:\/\/global.hydroblok.com\/es_mx\/wp-json\/wp\/v2\/media?parent=4437"}],"wp:term":[{"taxonomy":"product_cat","embeddable":true,"href":"https:\/\/global.hydroblok.com\/es_mx\/wp-json\/wp\/v2\/product_cat?post=4437"},{"taxonomy":"product_tag","embeddable":true,"href":"https:\/\/global.hydroblok.com\/es_mx\/wp-json\/wp\/v2\/product_tag?post=4437"}],"curies":[{"name":"wp","href":"https:\/\/api.w.org\/{rel}","templated":true}]}}