{"id":4444,"date":"2021-05-04T19:08:00","date_gmt":"2021-05-04T23:08:16","guid":{"rendered":"https:\/\/global.hydroblok.com\/?post_type=product&#038;p=4444"},"modified":"2024-10-23T21:20:47","modified_gmt":"2024-10-24T01:20:47","slug":"classic-center-drain-shower-pans","status":"publish","type":"product","link":"https:\/\/global.hydroblok.com\/es_mx\/product\/classic-center-drain-shower-pans\/","title":{"rendered":"Platos de ducha con drenaje central cl\u00e1sico"},"content":{"rendered":"<p>Todas las bandejas de ducha HYDRO-BLOK cuentan con una construcci\u00f3n de alta calidad con un n\u00facleo de espuma XPS impermeable 100%, cubierto con malla de fibra de vidrio para mayor resistencia, y luego recubierto con una superficie de cemento modificado para colocar su elecci\u00f3n de baldosas, piedra, vidrio o mosaicos. Aseg\u00farese de elegir nuestro sellador de juntas HYDRO-BLOK para pegar todas las uniones y juntas. Agregue cualquiera de nuestros accesorios personalizados para darle ese toque personal adicional a su ducha.<\/p>\n<p>Para baldosas de 2 \u201dx 2\u201d o menos, recomendamos usar una lechada de compresi\u00f3n m\u00e1s alta como epoxi o uretano para mayor resistencia.<\/p>\n<p>Todas las bandejas de ducha HYDRO-BLOK incluyen todo el hardware que necesita para la instalaci\u00f3n;<br \/>\n- Plato de ducha de pendiente \u00fanica<br \/>\n- Cinta de malla de 2 \u2033<br \/>\n- Esp\u00e1tulas para masilla rectas y esquineras<br \/>\n- Instrucciones de instalaci\u00f3n completas<\/p>","protected":false},"excerpt":{"rendered":"<p>Todas las bandejas de ducha HYDRO-BLOK cuentan con una construcci\u00f3n de alta calidad con un n\u00facleo de espuma XPS impermeable 100%, cubierto por una malla de fibra de vidrio para mayor resistencia, y luego recubierto con una superficie de cemento modificado [\u2026]<\/p>","protected":false},"featured_media":9833,"template":"","meta":[],"product_cat":[50],"product_tag":[],"jetpack_publicize_connections":[],"jetpack_sharing_enabled":true,"jetpack_likes_enabled":true,"_links":{"self":[{"href":"https:\/\/global.hydroblok.com\/es_mx\/wp-json\/wp\/v3\/product\/4444"}],"collection":[{"href":"https:\/\/global.hydroblok.com\/es_mx\/wp-json\/wp\/v3\/product"}],"about":[{"href":"https:\/\/global.hydroblok.com\/es_mx\/wp-json\/wp\/v2\/types\/product"}],"wp:featuredmedia":[{"embeddable":true,"href":"https:\/\/global.hydroblok.com\/es_mx\/wp-json\/wp\/v2\/media\/9833"}],"wp:attachment":[{"href":"https:\/\/global.hydroblok.com\/es_mx\/wp-json\/wp\/v2\/media?parent=4444"}],"wp:term":[{"taxonomy":"product_cat","embeddable":true,"href":"https:\/\/global.hydroblok.com\/es_mx\/wp-json\/wp\/v2\/product_cat?post=4444"},{"taxonomy":"product_tag","embeddable":true,"href":"https:\/\/global.hydroblok.com\/es_mx\/wp-json\/wp\/v2\/product_tag?post=4444"}],"curies":[{"name":"wp","href":"https:\/\/api.w.org\/{rel}","templated":true}]}}