{"id":4446,"date":"2021-05-04T19:08:00","date_gmt":"2021-05-04T23:08:17","guid":{"rendered":"https:\/\/global.hydroblok.com\/?post_type=product&#038;p=4446"},"modified":"2024-10-22T21:37:31","modified_gmt":"2024-10-23T01:37:31","slug":"shower-curb-standard-2x4-inch","status":"publish","type":"product","link":"https:\/\/global.hydroblok.com\/es_mx\/product\/shower-curb-standard-2x4-inch\/","title":{"rendered":"Bordillo de ducha: est\u00e1ndar de 3,5 x 4 pulgadas (2 tama\u00f1os)"},"content":{"rendered":"<p>Si su ducha requiere un bordillo, entonces nuestros bordillos de ducha HYDRO-BLOK son perfectos para usted. Con solo 4\u201d de alto y 3.5\u201d de profundidad, este es un bordillo que har\u00e1 que entrar a la ducha sea muy sencillo. Disponibles en dos longitudes diferentes de 5&#039; y 7&#039;, los bordillos HYDRO-BLOK se pueden cortar f\u00e1cilmente con una sierra manual para adaptarse a cualquier instalaci\u00f3n de plato de ducha. Construcci\u00f3n de alta calidad con un n\u00facleo de espuma XPS impermeable 100%, cubierto por una malla de fibra de vidrio para mayor resistencia y luego recubierto con una superficie de cemento modificado para colocar losetas, piedras, vidrio o mosaicos de su elecci\u00f3n.<\/p>","protected":false},"excerpt":{"rendered":"<p>Si su ducha requiere un bordillo, entonces nuestros bordillos de ducha HYDRO-BLOK son perfectos para usted. S\u00f3lo 4 &quot;de alto y 3,5&quot; de profundidad, este es un bordillo que har\u00e1 la entrada [\u2026]<\/p>","protected":false},"featured_media":9790,"template":"","meta":[],"product_cat":[54],"product_tag":[],"jetpack_publicize_connections":[],"jetpack_sharing_enabled":true,"jetpack_likes_enabled":true,"_links":{"self":[{"href":"https:\/\/global.hydroblok.com\/es_mx\/wp-json\/wp\/v3\/product\/4446"}],"collection":[{"href":"https:\/\/global.hydroblok.com\/es_mx\/wp-json\/wp\/v3\/product"}],"about":[{"href":"https:\/\/global.hydroblok.com\/es_mx\/wp-json\/wp\/v2\/types\/product"}],"wp:featuredmedia":[{"embeddable":true,"href":"https:\/\/global.hydroblok.com\/es_mx\/wp-json\/wp\/v2\/media\/9790"}],"wp:attachment":[{"href":"https:\/\/global.hydroblok.com\/es_mx\/wp-json\/wp\/v2\/media?parent=4446"}],"wp:term":[{"taxonomy":"product_cat","embeddable":true,"href":"https:\/\/global.hydroblok.com\/es_mx\/wp-json\/wp\/v2\/product_cat?post=4446"},{"taxonomy":"product_tag","embeddable":true,"href":"https:\/\/global.hydroblok.com\/es_mx\/wp-json\/wp\/v2\/product_tag?post=4446"}],"curies":[{"name":"wp","href":"https:\/\/api.w.org\/{rel}","templated":true}]}}