{"id":4451,"date":"2021-05-04T19:08:00","date_gmt":"2021-05-04T23:08:17","guid":{"rendered":"https:\/\/global.hydroblok.com\/?post_type=product&#038;p=4451"},"modified":"2021-08-12T15:52:07","modified_gmt":"2021-08-12T19:52:07","slug":"hydro-blok-linear-drain-kit","status":"publish","type":"product","link":"https:\/\/global.hydroblok.com\/es_mx\/product\/hydro-blok-linear-drain-kit\/","title":{"rendered":"Kit de drenaje lineal HYDRO-BLOK"},"content":{"rendered":"<p>\u00bfHa so\u00f1ado con una lujosa ducha de concepto abierto que pase sin problemas desde el suelo del ba\u00f1o directamente a la ducha sin barreras ni bordillos?<\/p>\n<p>Los platos de ducha de pendiente \u00fanica HYDRO-BLOK junto con el desag\u00fce lineal HYDRO-BLOK son su soluci\u00f3n. La libertad de usar baldosas o piedras de cualquier tama\u00f1o en su plato de ducha permite dise\u00f1os \u00fanicos y creativos y sin una cubierta de desag\u00fce de metal en el piso de la ducha, su ducha tiene la apariencia de lujo y elegancia.<\/p>\n<p>El desag\u00fce se puede colocar en cualquier lugar de una ducha, ya que se personaliza f\u00e1cilmente para adaptarse a cualquier espacio o tama\u00f1o de ducha, ya sea para instalaciones residenciales o comerciales.<\/p>\n<p>Dimensiones: 73.5 \u2033 x 4.5 \u2033 x 1 \u2033<\/p>\n<p>Tenga en cuenta: <i>Los kits de molduras de azulejos y platos de ducha se venden por separado.<\/i><\/p>","protected":false},"excerpt":{"rendered":"<p>\u00bfHa so\u00f1ado con una lujosa ducha de concepto abierto que pase sin problemas desde el suelo del ba\u00f1o directamente a la ducha sin barreras ni bordillos? Platos de ducha de pendiente \u00fanica HYDRO-BLOK juntos [\u2026]<\/p>","protected":false},"featured_media":4650,"template":"","meta":[],"product_cat":[58],"product_tag":[],"jetpack_publicize_connections":[],"jetpack_sharing_enabled":true,"jetpack_likes_enabled":true,"_links":{"self":[{"href":"https:\/\/global.hydroblok.com\/es_mx\/wp-json\/wp\/v3\/product\/4451"}],"collection":[{"href":"https:\/\/global.hydroblok.com\/es_mx\/wp-json\/wp\/v3\/product"}],"about":[{"href":"https:\/\/global.hydroblok.com\/es_mx\/wp-json\/wp\/v2\/types\/product"}],"wp:featuredmedia":[{"embeddable":true,"href":"https:\/\/global.hydroblok.com\/es_mx\/wp-json\/wp\/v2\/media\/4650"}],"wp:attachment":[{"href":"https:\/\/global.hydroblok.com\/es_mx\/wp-json\/wp\/v2\/media?parent=4451"}],"wp:term":[{"taxonomy":"product_cat","embeddable":true,"href":"https:\/\/global.hydroblok.com\/es_mx\/wp-json\/wp\/v2\/product_cat?post=4451"},{"taxonomy":"product_tag","embeddable":true,"href":"https:\/\/global.hydroblok.com\/es_mx\/wp-json\/wp\/v2\/product_tag?post=4451"}],"curies":[{"name":"wp","href":"https:\/\/api.w.org\/{rel}","templated":true}]}}