{"id":4456,"date":"2021-05-04T19:08:00","date_gmt":"2021-05-04T23:08:18","guid":{"rendered":"https:\/\/global.hydroblok.com\/?post_type=product&#038;p=4456"},"modified":"2024-10-11T21:52:38","modified_gmt":"2024-10-12T01:52:38","slug":"lg-suspended-bench-22-x-22-x-31","status":"publish","type":"product","link":"https:\/\/global.hydroblok.com\/es_mx\/product\/lg-suspended-bench-22-x-22-x-31\/","title":{"rendered":"Banco suspendido grande 22 \u2033 x 22 \u2033 x 31 \u2033"},"content":{"rendered":"<p>\u00bfDesea agregar un asiento de esquina o un banco a su ducha? No busque m\u00e1s all\u00e1 de nuestra l\u00ednea de bancos de ducha HYDRO-BLOK para satisfacer todas sus necesidades. Cada uno de nuestros bancos de esquina est\u00e1 construido con una pieza de espuma XPS impermeable 100% y luego se cubre con una malla de fibra de vidrio y un revestimiento de cemento modificado listo para su baldosa o piedra. Todos nuestros bancos vienen con el hardware y las instrucciones de instalaci\u00f3n necesarios para un ajuste perfecto en todo momento. Disponible en dos estilos diferentes y cuatro tama\u00f1os diferentes, uno de estos bancos o tal vez incluso dos, seguramente estar\u00e1 como en casa en su ducha.<\/p>\n<p>Si necesita mucho espacio de banco en su nueva ducha, elija nuestro banco suspendido grande HYDRO-BLOK para un asiento adicional de 7 \u2033 de ancho y un 70% adicional de \u00e1rea de superficie.<\/p>","protected":false},"excerpt":{"rendered":"<p>\u00bfDesea agregar un asiento de esquina o un banco a su ducha? No busque m\u00e1s all\u00e1 de nuestra l\u00ednea de bancos de ducha HYDRO-BLOK para satisfacer todas sus necesidades. Cada uno de [\u2026]<\/p>","protected":false},"featured_media":9710,"template":"","meta":[],"product_cat":[61],"product_tag":[],"jetpack_publicize_connections":[],"jetpack_sharing_enabled":true,"jetpack_likes_enabled":true,"_links":{"self":[{"href":"https:\/\/global.hydroblok.com\/es_mx\/wp-json\/wp\/v3\/product\/4456"}],"collection":[{"href":"https:\/\/global.hydroblok.com\/es_mx\/wp-json\/wp\/v3\/product"}],"about":[{"href":"https:\/\/global.hydroblok.com\/es_mx\/wp-json\/wp\/v2\/types\/product"}],"wp:featuredmedia":[{"embeddable":true,"href":"https:\/\/global.hydroblok.com\/es_mx\/wp-json\/wp\/v2\/media\/9710"}],"wp:attachment":[{"href":"https:\/\/global.hydroblok.com\/es_mx\/wp-json\/wp\/v2\/media?parent=4456"}],"wp:term":[{"taxonomy":"product_cat","embeddable":true,"href":"https:\/\/global.hydroblok.com\/es_mx\/wp-json\/wp\/v2\/product_cat?post=4456"},{"taxonomy":"product_tag","embeddable":true,"href":"https:\/\/global.hydroblok.com\/es_mx\/wp-json\/wp\/v2\/product_tag?post=4456"}],"curies":[{"name":"wp","href":"https:\/\/api.w.org\/{rel}","templated":true}]}}