{"id":4457,"date":"2021-05-04T19:08:00","date_gmt":"2021-05-04T23:08:18","guid":{"rendered":"https:\/\/global.hydroblok.com\/?post_type=product&#038;p=4457"},"modified":"2024-10-13T23:37:17","modified_gmt":"2024-10-14T03:37:17","slug":"diamond-shampoo-caddy-8-x-8-x-11","status":"publish","type":"product","link":"https:\/\/global.hydroblok.com\/es_mx\/product\/diamond-shampoo-caddy-8-x-8-x-11\/","title":{"rendered":"Caddy de champ\u00fa Diamond 8 \u2033 x 8 \u2033 x 11 \u2033"},"content":{"rendered":"<p>Siempre quiso una soluci\u00f3n simple para encontrar un hogar para su champ\u00fa, acondicionadores y jab\u00f3n, entonces nuestro carrito de esquina de diamantes es el camino a seguir. Simplemente use el sellador de juntas HYDRO-BLOK para pegar este carrito despu\u00e9s de haber completado la parte de la placa de pared de la instalaci\u00f3n de la ducha y estar\u00e1 listo para colocar los azulejos cuando usted lo est\u00e9. No se requieren sujetadores adicionales. Con una cara de 11 \u201d, hay mucho espacio para sus botellas y jabones. Como todos los productos HYDRO-BLOK, est\u00e1 hecho del mismo n\u00facleo de espuma XPS impermeable 100%, cubierto con malla de fibra de vidrio y un revestimiento de cemento modificado.<\/p>","protected":false},"excerpt":{"rendered":"<p>\u00bfAlguna vez quisiste una soluci\u00f3n simple para encontrar un lugar para tu champ\u00fa, acondicionadores y jab\u00f3n? Entonces nuestro organizador de esquinas de diamantes es el camino a seguir. Simplemente use el sellador de juntas HYDRO-BLOK [\u2026]<\/p>","protected":false},"featured_media":9696,"template":"","meta":[],"product_cat":[55],"product_tag":[],"jetpack_publicize_connections":[],"jetpack_sharing_enabled":true,"jetpack_likes_enabled":true,"_links":{"self":[{"href":"https:\/\/global.hydroblok.com\/es_mx\/wp-json\/wp\/v3\/product\/4457"}],"collection":[{"href":"https:\/\/global.hydroblok.com\/es_mx\/wp-json\/wp\/v3\/product"}],"about":[{"href":"https:\/\/global.hydroblok.com\/es_mx\/wp-json\/wp\/v2\/types\/product"}],"wp:featuredmedia":[{"embeddable":true,"href":"https:\/\/global.hydroblok.com\/es_mx\/wp-json\/wp\/v2\/media\/9696"}],"wp:attachment":[{"href":"https:\/\/global.hydroblok.com\/es_mx\/wp-json\/wp\/v2\/media?parent=4457"}],"wp:term":[{"taxonomy":"product_cat","embeddable":true,"href":"https:\/\/global.hydroblok.com\/es_mx\/wp-json\/wp\/v2\/product_cat?post=4457"},{"taxonomy":"product_tag","embeddable":true,"href":"https:\/\/global.hydroblok.com\/es_mx\/wp-json\/wp\/v2\/product_tag?post=4457"}],"curies":[{"name":"wp","href":"https:\/\/api.w.org\/{rel}","templated":true}]}}