{"id":4458,"date":"2021-05-04T19:08:00","date_gmt":"2021-05-04T23:08:18","guid":{"rendered":"https:\/\/global.hydroblok.com\/?post_type=product&#038;p=4458"},"modified":"2024-10-22T22:35:19","modified_gmt":"2024-10-23T02:35:19","slug":"32-x-16-recessed-double-wide-niche","status":"publish","type":"product","link":"https:\/\/global.hydroblok.com\/es_mx\/product\/32-x-16-recessed-double-wide-niche\/","title":{"rendered":"Nicho doble empotrado de 32 \u2033 x 16 \u2033"},"content":{"rendered":"<p>\u00bfNecesita espacio para champ\u00fas, acondicionadores y jabones? Nuestra l\u00ednea completa de nichos de ducha HYDRO-BLOK es lo que necesita. Con una amplia gama de tama\u00f1os y estilos, tenemos uno o quiz\u00e1s dos que se adaptar\u00e1n al dise\u00f1o de ducha de sus sue\u00f1os. Todos nuestros nichos empotrados est\u00e1n construidos con una sola pieza de espuma XPS impermeable 100% y luego se cubren con malla de fibra de vidrio y se recubren con un revestimiento de cemento modificado. Esta construcci\u00f3n de alta calidad significa que estos nichos est\u00e1n construidos para durar sin fugas. C\u00fabrelos con tu baldosa o piedra favorita y se ver\u00e1n geniales y ser\u00e1n un complemento \u00fatil para tu ducha. Nuestros nichos de ducha HYDRO-BLOK no requieren ninguna modificaci\u00f3n en sus montantes de pared OC de 16 \u2033, lo que hace que la instalaci\u00f3n sea r\u00e1pida y sencilla.<\/p>\n<p>\u00bfNecesitas un poco m\u00e1s de espacio? Elija nuestro nicho de doble ancho de 32 \u2033 x 16 \u2033 para su nueva ducha. Este nicho le proporcionar\u00e1 mucho espacio para botellas, jabones y cualquier otro accesorio que pueda tener. Debido a su tama\u00f1o conveniente, este nicho se puede colocar horizontalmente a trav\u00e9s de dos espacios de montantes de pared de 16 \u2033 OC, o verticalmente en un espacio de montantes de pared de 16 \u2033 OC. Este nicho m\u00e1s grande se instala tan f\u00e1cilmente como cualquiera de nuestros nichos m\u00e1s peque\u00f1os.<\/p>","protected":false},"excerpt":{"rendered":"<p>\u00bfNecesita espacio para champ\u00fas, acondicionadores y jabones? Nuestra l\u00ednea completa de nichos de ducha HYDRO-BLOK es lo que necesita. Con una amplia gama de tama\u00f1os y estilos, tenemos uno o [\u2026]<\/p>","protected":false},"featured_media":9798,"template":"","meta":[],"product_cat":[55],"product_tag":[],"jetpack_publicize_connections":[],"jetpack_sharing_enabled":true,"jetpack_likes_enabled":true,"_links":{"self":[{"href":"https:\/\/global.hydroblok.com\/es_mx\/wp-json\/wp\/v3\/product\/4458"}],"collection":[{"href":"https:\/\/global.hydroblok.com\/es_mx\/wp-json\/wp\/v3\/product"}],"about":[{"href":"https:\/\/global.hydroblok.com\/es_mx\/wp-json\/wp\/v2\/types\/product"}],"wp:featuredmedia":[{"embeddable":true,"href":"https:\/\/global.hydroblok.com\/es_mx\/wp-json\/wp\/v2\/media\/9798"}],"wp:attachment":[{"href":"https:\/\/global.hydroblok.com\/es_mx\/wp-json\/wp\/v2\/media?parent=4458"}],"wp:term":[{"taxonomy":"product_cat","embeddable":true,"href":"https:\/\/global.hydroblok.com\/es_mx\/wp-json\/wp\/v2\/product_cat?post=4458"},{"taxonomy":"product_tag","embeddable":true,"href":"https:\/\/global.hydroblok.com\/es_mx\/wp-json\/wp\/v2\/product_tag?post=4458"}],"curies":[{"name":"wp","href":"https:\/\/api.w.org\/{rel}","templated":true}]}}