{"id":4459,"date":"2021-05-04T19:08:00","date_gmt":"2021-05-04T23:08:18","guid":{"rendered":"https:\/\/global.hydroblok.com\/?post_type=product&#038;p=4459"},"modified":"2024-10-22T21:15:19","modified_gmt":"2024-10-23T01:15:19","slug":"ez-access-ramp-12-x-72","status":"publish","type":"product","link":"https:\/\/global.hydroblok.com\/es_mx\/product\/ez-access-ramp-12-x-72\/","title":{"rendered":"Rampa de acceso a la ducha cl\u00e1sica de 12 &quot;x 72&quot;"},"content":{"rendered":"<p>La rampa para ducha HYDRO-BLOK Classic est\u00e1 dise\u00f1ada para permitir un f\u00e1cil acceso sin barreras a la ducha. A partir de 1\/8 &quot;y subiendo a 1 1\/2&quot; para combinar con nuestros platos de ducha, esta rampa proporciona una transici\u00f3n suave y una entrada a cualquiera de nuestras duchas. La rampa EZ Access presenta una esquina de 90 grados en un extremo para que pueda continuar sin problemas una rampa en dos lados de su plato de ducha si es necesario. Construido con espuma XPS impermeable HYDRO-BLOK 100% y cubierto con malla de fibra de vidrio y un revestimiento de cemento modificado.<\/p>","protected":false},"excerpt":{"rendered":"<p>La rampa para ducha HYDRO-BLOK Classic est\u00e1 dise\u00f1ada para permitir un f\u00e1cil acceso sin barreras a la ducha. A partir de 1\/8 &quot;y subiendo a 1 1\/2&quot; para que coincida con nuestros platos de ducha, esta rampa [\u2026]<\/p>","protected":false},"featured_media":9789,"template":"","meta":[],"product_cat":[59],"product_tag":[],"jetpack_publicize_connections":[],"jetpack_sharing_enabled":true,"jetpack_likes_enabled":true,"_links":{"self":[{"href":"https:\/\/global.hydroblok.com\/es_mx\/wp-json\/wp\/v3\/product\/4459"}],"collection":[{"href":"https:\/\/global.hydroblok.com\/es_mx\/wp-json\/wp\/v3\/product"}],"about":[{"href":"https:\/\/global.hydroblok.com\/es_mx\/wp-json\/wp\/v2\/types\/product"}],"wp:featuredmedia":[{"embeddable":true,"href":"https:\/\/global.hydroblok.com\/es_mx\/wp-json\/wp\/v2\/media\/9789"}],"wp:attachment":[{"href":"https:\/\/global.hydroblok.com\/es_mx\/wp-json\/wp\/v2\/media?parent=4459"}],"wp:term":[{"taxonomy":"product_cat","embeddable":true,"href":"https:\/\/global.hydroblok.com\/es_mx\/wp-json\/wp\/v2\/product_cat?post=4459"},{"taxonomy":"product_tag","embeddable":true,"href":"https:\/\/global.hydroblok.com\/es_mx\/wp-json\/wp\/v2\/product_tag?post=4459"}],"curies":[{"name":"wp","href":"https:\/\/api.w.org\/{rel}","templated":true}]}}