{"id":4462,"date":"2021-05-04T19:08:00","date_gmt":"2021-05-04T23:08:18","guid":{"rendered":"https:\/\/global.hydroblok.com\/?post_type=product&#038;p=4462"},"modified":"2024-10-11T06:14:22","modified_gmt":"2024-10-11T10:14:22","slug":"16-x-28-recessed-niche","status":"publish","type":"product","link":"https:\/\/global.hydroblok.com\/es_mx\/product\/16-x-28-recessed-niche\/","title":{"rendered":"Nicho empotrado de 16 \u2033 x 28 \u2033"},"content":{"rendered":"<p>\u00bfNecesita espacio para champ\u00fas, acondicionadores y jabones? Nuestra l\u00ednea completa de nichos de ducha HYDRO-BLOK es lo que necesita. Con una amplia gama de tama\u00f1os y estilos, tenemos uno o quiz\u00e1s dos que se adaptar\u00e1n al dise\u00f1o de ducha de sus sue\u00f1os. Todos nuestros nichos empotrados est\u00e1n construidos con una sola pieza de espuma XPS impermeable 100% y luego se cubren con malla de fibra de vidrio y se recubren con un revestimiento de cemento modificado. Esta construcci\u00f3n de alta calidad significa que estos nichos est\u00e1n construidos para durar sin fugas. C\u00fabrelos con tu baldosa o piedra favorita y se ver\u00e1n geniales y ser\u00e1n un complemento \u00fatil para tu ducha. Nuestros nichos de ducha HYDRO-BLOK no requieren ninguna modificaci\u00f3n en sus montantes de pared OC de 16 \u2033, lo que hace que la instalaci\u00f3n sea r\u00e1pida y sencilla.<\/p>\n<p>Un poco m\u00e1s alto y la adici\u00f3n de un estante peque\u00f1o hace que este nicho sea m\u00e1s vers\u00e1til que nuestro nicho de nivel de entrada. El estante incluido se puede pegar a cualquier altura dentro del nicho para que se adapte mejor a sus necesidades. Sus botellas se pueden colocar sobre el estante y sus jabones y accesorios se pueden colocar debajo. Se adapta a cualquier espacio entre montantes de pared OC est\u00e1ndar de 16 \u2033.<\/p>","protected":false},"excerpt":{"rendered":"<p>\u00bfNecesita espacio para champ\u00fas, acondicionadores y jabones? Nuestra l\u00ednea completa de nichos de ducha HYDRO-BLOK es lo que necesita. Con una amplia gama de tama\u00f1os y estilos, tenemos uno o [\u2026]<\/p>","protected":false},"featured_media":9702,"template":"","meta":[],"product_cat":[55],"product_tag":[],"jetpack_publicize_connections":[],"jetpack_sharing_enabled":true,"jetpack_likes_enabled":true,"_links":{"self":[{"href":"https:\/\/global.hydroblok.com\/es_mx\/wp-json\/wp\/v3\/product\/4462"}],"collection":[{"href":"https:\/\/global.hydroblok.com\/es_mx\/wp-json\/wp\/v3\/product"}],"about":[{"href":"https:\/\/global.hydroblok.com\/es_mx\/wp-json\/wp\/v2\/types\/product"}],"wp:featuredmedia":[{"embeddable":true,"href":"https:\/\/global.hydroblok.com\/es_mx\/wp-json\/wp\/v2\/media\/9702"}],"wp:attachment":[{"href":"https:\/\/global.hydroblok.com\/es_mx\/wp-json\/wp\/v2\/media?parent=4462"}],"wp:term":[{"taxonomy":"product_cat","embeddable":true,"href":"https:\/\/global.hydroblok.com\/es_mx\/wp-json\/wp\/v2\/product_cat?post=4462"},{"taxonomy":"product_tag","embeddable":true,"href":"https:\/\/global.hydroblok.com\/es_mx\/wp-json\/wp\/v2\/product_tag?post=4462"}],"curies":[{"name":"wp","href":"https:\/\/api.w.org\/{rel}","templated":true}]}}