{"id":4465,"date":"2021-05-04T19:08:00","date_gmt":"2021-05-04T23:08:18","guid":{"rendered":"https:\/\/global.hydroblok.com\/?post_type=product&#038;p=4465"},"modified":"2021-06-17T14:39:18","modified_gmt":"2021-06-17T18:39:18","slug":"stainless-drain-cover-tray","status":"publish","type":"product","link":"https:\/\/global.hydroblok.com\/es_mx\/product\/stainless-drain-cover-tray\/","title":{"rendered":"Cubierta y bandeja de desag\u00fce de acero inoxidable para bandejas de ducha cl\u00e1sicas"},"content":{"rendered":"<p>Nuestra cubierta y bandeja de drenaje cuentan con una construcci\u00f3n s\u00f3lida de acero inoxidable sin \u00f3xido para una larga vida \u00fatil. Nuestro elevador de pl\u00e1stico de 1.5 pulgadas se puede cortar f\u00e1cilmente para que coincida con la altura de la instalaci\u00f3n de baldosas o piedras. Incluido con cada plato de ducha HYDRO-BLOK y disponible por separado en su distribuidor HYDRO-BLOK.<\/p>\n<ul>\n<li>Dimensiones exteriores del conjunto de desag\u00fce: 3,75 &quot;x 3,75&quot;<\/li>\n<li>Para bandejas de ducha con desag\u00fce central cl\u00e1sico HYDRO-BLOK<\/li>\n<\/ul>","protected":false},"excerpt":{"rendered":"<p>Nuestra tapa de drenaje y bandeja cuentan con una construcci\u00f3n de acero inoxidable s\u00f3lido libre de \u00f3xido para una larga vida \u00fatil. Nuestro elevador de pl\u00e1stico de 1,5 pulgadas se puede cortar f\u00e1cilmente para que coincida con la altura de su losa [\u2026]<\/p>","protected":false},"featured_media":4659,"template":"","meta":[],"product_cat":[57],"product_tag":[],"jetpack_publicize_connections":[],"jetpack_sharing_enabled":true,"jetpack_likes_enabled":true,"_links":{"self":[{"href":"https:\/\/global.hydroblok.com\/es_mx\/wp-json\/wp\/v3\/product\/4465"}],"collection":[{"href":"https:\/\/global.hydroblok.com\/es_mx\/wp-json\/wp\/v3\/product"}],"about":[{"href":"https:\/\/global.hydroblok.com\/es_mx\/wp-json\/wp\/v2\/types\/product"}],"wp:featuredmedia":[{"embeddable":true,"href":"https:\/\/global.hydroblok.com\/es_mx\/wp-json\/wp\/v2\/media\/4659"}],"wp:attachment":[{"href":"https:\/\/global.hydroblok.com\/es_mx\/wp-json\/wp\/v2\/media?parent=4465"}],"wp:term":[{"taxonomy":"product_cat","embeddable":true,"href":"https:\/\/global.hydroblok.com\/es_mx\/wp-json\/wp\/v2\/product_cat?post=4465"},{"taxonomy":"product_tag","embeddable":true,"href":"https:\/\/global.hydroblok.com\/es_mx\/wp-json\/wp\/v2\/product_tag?post=4465"}],"curies":[{"name":"wp","href":"https:\/\/api.w.org\/{rel}","templated":true}]}}