{"id":4474,"date":"2021-05-04T19:08:00","date_gmt":"2021-05-04T23:08:43","guid":{"rendered":"https:\/\/global.hydroblok.com\/?post_type=product&#038;p=4474"},"modified":"2021-05-18T15:28:23","modified_gmt":"2021-05-18T19:28:23","slug":"sausage-gun-replacement-tip","status":"publish","type":"product","link":"https:\/\/global.hydroblok.com\/es_mx\/product\/sausage-gun-replacement-tip\/","title":{"rendered":"Punta de repuesto para pistola de salchicha"},"content":{"rendered":"<p>Punta de repuesto \u00fanica para pistolas para salchichas HYDRO-BLOK. Hecho de pl\u00e1stico de polipropileno para una f\u00e1cil limpieza y eliminaci\u00f3n del sellador de juntas HYDRO-BLOK curado.<\/p>","protected":false},"excerpt":{"rendered":"<p>Punta de repuesto \u00fanica para pistolas para salchichas HYDRO-BLOK. Hecho de pl\u00e1stico de polipropileno para una f\u00e1cil limpieza y eliminaci\u00f3n del sellador de juntas HYDRO-BLOK curado.<\/p>","protected":false},"featured_media":4663,"template":"","meta":[],"product_cat":[57],"product_tag":[],"jetpack_publicize_connections":[],"jetpack_sharing_enabled":true,"jetpack_likes_enabled":true,"_links":{"self":[{"href":"https:\/\/global.hydroblok.com\/es_mx\/wp-json\/wp\/v3\/product\/4474"}],"collection":[{"href":"https:\/\/global.hydroblok.com\/es_mx\/wp-json\/wp\/v3\/product"}],"about":[{"href":"https:\/\/global.hydroblok.com\/es_mx\/wp-json\/wp\/v2\/types\/product"}],"wp:featuredmedia":[{"embeddable":true,"href":"https:\/\/global.hydroblok.com\/es_mx\/wp-json\/wp\/v2\/media\/4663"}],"wp:attachment":[{"href":"https:\/\/global.hydroblok.com\/es_mx\/wp-json\/wp\/v2\/media?parent=4474"}],"wp:term":[{"taxonomy":"product_cat","embeddable":true,"href":"https:\/\/global.hydroblok.com\/es_mx\/wp-json\/wp\/v2\/product_cat?post=4474"},{"taxonomy":"product_tag","embeddable":true,"href":"https:\/\/global.hydroblok.com\/es_mx\/wp-json\/wp\/v2\/product_tag?post=4474"}],"curies":[{"name":"wp","href":"https:\/\/api.w.org\/{rel}","templated":true}]}}