{"id":4476,"date":"2021-05-04T19:08:00","date_gmt":"2021-05-04T23:08:44","guid":{"rendered":"https:\/\/global.hydroblok.com\/?post_type=product&#038;p=4476"},"modified":"2021-05-18T15:28:24","modified_gmt":"2021-05-18T19:28:24","slug":"20-oz-joint-sealant-sausage","status":"publish","type":"product","link":"https:\/\/global.hydroblok.com\/es_mx\/product\/20-oz-joint-sealant-sausage\/","title":{"rendered":"20 oz. Salchicha Sellador de Juntas"},"content":{"rendered":"<p>El sellador de juntas HYDRO-BLOK se ha desarrollado como el sellador \/ adhesivo \u00f3ptimo para su uso con los componentes del sistema de ducha HYDRO-BLOK. La f\u00f3rmula de poliuretano de bajo VOC proporciona un sello fuerte, flexible y herm\u00e9tico. Tambi\u00e9n disponible en salchicha de 20 oz. El sellador de juntas HYDRO-BLOK cuenta con una garant\u00eda de rendimiento de 20 a\u00f1os. Consulte la etiqueta del producto y la MSDS para obtener informaci\u00f3n adicional sobre salud y seguridad. No clasificado como peligroso. Almacenamiento \/ vida \u00fatil de 12 meses a una temperatura de 41 a 77 grados Fahrenheit en el cartucho sellado original. Disponible en cartuchos de 10 oz y salchichas de 20 oz.<\/p>\n<p><em>Nota: El sellador de juntas HYDRO-BLOK es el \u00fanico adhesivo aprobado que se utiliza en la construcci\u00f3n de un sistema de ducha HYDRO-BLOK. HYDRO-BLOK no proporcionar\u00e1 ninguna garant\u00eda si se utiliza un sustituto en su lugar.<\/em><\/p>","protected":false},"excerpt":{"rendered":"<p>El sellador de juntas HYDRO-BLOK se ha desarrollado como el sellador\/adhesivo \u00f3ptimo para usar con los componentes del sistema de ducha HYDRO-BLOK. La f\u00f3rmula de poliuretano con bajo VOC proporciona un sello fuerte, flexible y herm\u00e9tico. Tambi\u00e9n [\u2026]<\/p>","protected":false},"featured_media":4664,"template":"","meta":[],"product_cat":[57],"product_tag":[],"jetpack_publicize_connections":[],"jetpack_sharing_enabled":true,"jetpack_likes_enabled":true,"_links":{"self":[{"href":"https:\/\/global.hydroblok.com\/es_mx\/wp-json\/wp\/v3\/product\/4476"}],"collection":[{"href":"https:\/\/global.hydroblok.com\/es_mx\/wp-json\/wp\/v3\/product"}],"about":[{"href":"https:\/\/global.hydroblok.com\/es_mx\/wp-json\/wp\/v2\/types\/product"}],"wp:featuredmedia":[{"embeddable":true,"href":"https:\/\/global.hydroblok.com\/es_mx\/wp-json\/wp\/v2\/media\/4664"}],"wp:attachment":[{"href":"https:\/\/global.hydroblok.com\/es_mx\/wp-json\/wp\/v2\/media?parent=4476"}],"wp:term":[{"taxonomy":"product_cat","embeddable":true,"href":"https:\/\/global.hydroblok.com\/es_mx\/wp-json\/wp\/v2\/product_cat?post=4476"},{"taxonomy":"product_tag","embeddable":true,"href":"https:\/\/global.hydroblok.com\/es_mx\/wp-json\/wp\/v2\/product_tag?post=4476"}],"curies":[{"name":"wp","href":"https:\/\/api.w.org\/{rel}","templated":true}]}}