{"id":4481,"date":"2021-05-04T19:08:00","date_gmt":"2021-05-04T23:08:44","guid":{"rendered":"https:\/\/global.hydroblok.com\/?post_type=product&#038;p=4481"},"modified":"2024-10-13T23:28:33","modified_gmt":"2024-10-14T03:28:33","slug":"36-x-60-x-%c2%bc-shower-wall-panels","status":"publish","type":"product","link":"https:\/\/global.hydroblok.com\/es_mx\/product\/36-x-60-x-%c2%bc-shower-wall-panels\/","title":{"rendered":"Paneles de pared para ducha de 36\u2033 x 60\u2033 x \u00bc\u201d"},"content":{"rendered":"<h2>Mamparas de ducha de 36\u2033 x 60\u2033 x \u00bc\u201d<\/h2>\n<p>Los paneles de yeso HYDRO-BLOK est\u00e1n fabricados con la misma construcci\u00f3n de alta calidad que el resto de nuestros productos de espuma con un n\u00facleo de espuma XPS impermeable 100%, cubierto por una malla de fibra de vidrio y luego recubierto con un revestimiento de cemento modificado para proporcionar una resistencia superior y una excelente superficie de uni\u00f3n para su azulejo, piedra, vidrio o mosaicos. Todos los paneles de pared se pueden cortar f\u00e1cilmente con un cuchillo, una sierra de mano o una sierra circular peque\u00f1a. Se pueden cortar a medida y tambi\u00e9n se pueden cortar para doblar alrededor de las esquinas interiores o exteriores. Los paneles de pared deben sujetarse con arandelas y tornillos aprobados por HYDRO-BLOK que est\u00e1n disponibles en su distribuidor local.<\/p>","protected":false},"excerpt":{"rendered":"<p>Paneles de pared de ducha de 36\u2033 x 60\u2033 x \u00bc\u201d Los productos de panel de yeso HYDRO-BLOK est\u00e1n construidos con la misma construcci\u00f3n de alta calidad que el resto de nuestros productos de espuma con [\u2026]<\/p>","protected":false},"featured_media":9688,"template":"","meta":[],"product_cat":[56],"product_tag":[],"jetpack_publicize_connections":[],"jetpack_sharing_enabled":true,"jetpack_likes_enabled":true,"_links":{"self":[{"href":"https:\/\/global.hydroblok.com\/es_mx\/wp-json\/wp\/v3\/product\/4481"}],"collection":[{"href":"https:\/\/global.hydroblok.com\/es_mx\/wp-json\/wp\/v3\/product"}],"about":[{"href":"https:\/\/global.hydroblok.com\/es_mx\/wp-json\/wp\/v2\/types\/product"}],"wp:featuredmedia":[{"embeddable":true,"href":"https:\/\/global.hydroblok.com\/es_mx\/wp-json\/wp\/v2\/media\/9688"}],"wp:attachment":[{"href":"https:\/\/global.hydroblok.com\/es_mx\/wp-json\/wp\/v2\/media?parent=4481"}],"wp:term":[{"taxonomy":"product_cat","embeddable":true,"href":"https:\/\/global.hydroblok.com\/es_mx\/wp-json\/wp\/v2\/product_cat?post=4481"},{"taxonomy":"product_tag","embeddable":true,"href":"https:\/\/global.hydroblok.com\/es_mx\/wp-json\/wp\/v2\/product_tag?post=4481"}],"curies":[{"name":"wp","href":"https:\/\/api.w.org\/{rel}","templated":true}]}}