{"id":4487,"date":"2021-05-04T19:08:00","date_gmt":"2021-05-04T23:08:45","guid":{"rendered":"https:\/\/global.hydroblok.com\/?post_type=product&#038;p=4487"},"modified":"2024-10-22T21:58:41","modified_gmt":"2024-10-23T01:58:41","slug":"48-x-60-x-2-building-panels","status":"publish","type":"product","link":"https:\/\/global.hydroblok.com\/es_mx\/product\/48-x-60-x-2-building-panels\/","title":{"rendered":"Paneles de construcci\u00f3n de 48\u2033 x 60\u2033 x 2\u2033"},"content":{"rendered":"<h2>Paneles de construcci\u00f3n de 48\u2033 x 60\u2033 x 2\u2033<\/h2>\n<p>Los paneles de yeso HYDRO-BLOK est\u00e1n fabricados con la misma construcci\u00f3n de alta calidad que el resto de nuestros productos de espuma con un n\u00facleo de espuma XPS impermeable 100%, cubierto por una malla de fibra de vidrio y luego recubierto con un revestimiento de cemento modificado para proporcionar una resistencia superior y una excelente superficie de uni\u00f3n para su azulejo, piedra, vidrio o mosaicos. Todos los paneles de pared se pueden cortar f\u00e1cilmente con un cuchillo, una sierra de mano o una sierra circular peque\u00f1a. Se pueden cortar a medida y tambi\u00e9n se pueden cortar para doblar alrededor de las esquinas interiores o exteriores. Los paneles de pared deben sujetarse con arandelas y tornillos aprobados por HYDRO-BLOK que est\u00e1n disponibles en su distribuidor local.<\/p>","protected":false},"excerpt":{"rendered":"<p>Paneles de construcci\u00f3n de 48\u2033 x 60\u2033 x 2\u2033 Los productos de paneles de yeso HYDRO-BLOK est\u00e1n construidos con la misma construcci\u00f3n de alta calidad que el resto de nuestros productos de espuma con un XPS impermeable 100% [\u2026]<\/p>","protected":false},"featured_media":9793,"template":"","meta":[],"product_cat":[56],"product_tag":[],"jetpack_publicize_connections":[],"jetpack_sharing_enabled":true,"jetpack_likes_enabled":true,"_links":{"self":[{"href":"https:\/\/global.hydroblok.com\/es_mx\/wp-json\/wp\/v3\/product\/4487"}],"collection":[{"href":"https:\/\/global.hydroblok.com\/es_mx\/wp-json\/wp\/v3\/product"}],"about":[{"href":"https:\/\/global.hydroblok.com\/es_mx\/wp-json\/wp\/v2\/types\/product"}],"wp:featuredmedia":[{"embeddable":true,"href":"https:\/\/global.hydroblok.com\/es_mx\/wp-json\/wp\/v2\/media\/9793"}],"wp:attachment":[{"href":"https:\/\/global.hydroblok.com\/es_mx\/wp-json\/wp\/v2\/media?parent=4487"}],"wp:term":[{"taxonomy":"product_cat","embeddable":true,"href":"https:\/\/global.hydroblok.com\/es_mx\/wp-json\/wp\/v2\/product_cat?post=4487"},{"taxonomy":"product_tag","embeddable":true,"href":"https:\/\/global.hydroblok.com\/es_mx\/wp-json\/wp\/v2\/product_tag?post=4487"}],"curies":[{"name":"wp","href":"https:\/\/api.w.org\/{rel}","templated":true}]}}