{"id":4509,"date":"2021-05-04T19:15:00","date_gmt":"2021-05-04T23:15:14","guid":{"rendered":"https:\/\/global.hydroblok.com\/?post_type=product&#038;p=4509"},"modified":"2024-10-24T22:32:57","modified_gmt":"2024-10-25T02:32:57","slug":"12-x-72-low-profile-pan-extension","status":"publish","type":"product","link":"https:\/\/global.hydroblok.com\/es_mx\/product\/12-x-72-low-profile-pan-extension\/","title":{"rendered":"Extensi\u00f3n de plato de ducha de perfil bajo de 12 \u2033 x 72 \u2033"},"content":{"rendered":"<p>\u00bfNecesitas hacer esa ducha un poco m\u00e1s grande? Entonces nuestra l\u00ednea de extensiones de ducha es lo que necesita. La extensi\u00f3n de plato de ducha HBLPSPE1272 de 12 \u2033 x 72 \u2033 le permite continuar con el piso de la ducha y mantener la pendiente adecuada en todo momento. Construido con la misma construcci\u00f3n de alta calidad y confiabilidad que nuestra l\u00ednea completa de platos de ducha, paneles de pared y accesorios.<\/p>","protected":false},"excerpt":{"rendered":"<p>\u00bfNecesitas hacer esa ducha un poco m\u00e1s grande? Entonces nuestra l\u00ednea de extensiones de ducha es lo que necesita. La extensi\u00f3n de plato de ducha HBLPSPE1272 de 12 \u2033 x 72 \u2033 le permite continuar [\u2026]<\/p>","protected":false},"featured_media":9894,"template":"","meta":[],"product_cat":[51],"product_tag":[],"jetpack_publicize_connections":[],"jetpack_sharing_enabled":true,"jetpack_likes_enabled":true,"_links":{"self":[{"href":"https:\/\/global.hydroblok.com\/es_mx\/wp-json\/wp\/v3\/product\/4509"}],"collection":[{"href":"https:\/\/global.hydroblok.com\/es_mx\/wp-json\/wp\/v3\/product"}],"about":[{"href":"https:\/\/global.hydroblok.com\/es_mx\/wp-json\/wp\/v2\/types\/product"}],"wp:featuredmedia":[{"embeddable":true,"href":"https:\/\/global.hydroblok.com\/es_mx\/wp-json\/wp\/v2\/media\/9894"}],"wp:attachment":[{"href":"https:\/\/global.hydroblok.com\/es_mx\/wp-json\/wp\/v2\/media?parent=4509"}],"wp:term":[{"taxonomy":"product_cat","embeddable":true,"href":"https:\/\/global.hydroblok.com\/es_mx\/wp-json\/wp\/v2\/product_cat?post=4509"},{"taxonomy":"product_tag","embeddable":true,"href":"https:\/\/global.hydroblok.com\/es_mx\/wp-json\/wp\/v2\/product_tag?post=4509"}],"curies":[{"name":"wp","href":"https:\/\/api.w.org\/{rel}","templated":true}]}}