{"id":4510,"date":"2021-05-04T19:15:00","date_gmt":"2021-05-04T23:15:15","guid":{"rendered":"https:\/\/global.hydroblok.com\/?post_type=product&#038;p=4510"},"modified":"2024-10-23T22:16:35","modified_gmt":"2024-10-24T02:16:35","slug":"low-profile-shower-ramp","status":"publish","type":"product","link":"https:\/\/global.hydroblok.com\/es_mx\/product\/low-profile-shower-ramp\/","title":{"rendered":"Low Profile Shower Ramp 10&#8243; x 72&#8243;"},"content":{"rendered":"<p>La rampa para ducha HYDRO-BLOK EZ Access est\u00e1 dise\u00f1ada para permitir un f\u00e1cil acceso sin barreras a la ducha. A partir de 1\/8 \u2033 y subiendo para igualar nuestras bandejas de ducha de perfil bajo, esta rampa proporciona una transici\u00f3n suave y una entrada a cualquiera de nuestras duchas. La rampa EZ Access presenta una esquina de 90 grados en un extremo para que pueda continuar sin problemas una rampa en dos lados de su plato de ducha si es necesario. Construido con espuma XPS impermeable HYDRO-BLOK 100% y cubierto con malla de fibra de vidrio y un revestimiento de cemento modificado.<\/p>","protected":false},"excerpt":{"rendered":"<p>La rampa para ducha HYDRO-BLOK EZ Access est\u00e1 dise\u00f1ada para permitir un acceso f\u00e1cil sin barreras a la ducha. A partir de 1\/8 \u2033 y subiendo para igualar nuestras bandejas de ducha de perfil bajo, esta rampa [\u2026]<\/p>","protected":false},"featured_media":9779,"template":"","meta":[],"product_cat":[59],"product_tag":[],"jetpack_publicize_connections":[],"jetpack_sharing_enabled":true,"jetpack_likes_enabled":true,"_links":{"self":[{"href":"https:\/\/global.hydroblok.com\/es_mx\/wp-json\/wp\/v3\/product\/4510"}],"collection":[{"href":"https:\/\/global.hydroblok.com\/es_mx\/wp-json\/wp\/v3\/product"}],"about":[{"href":"https:\/\/global.hydroblok.com\/es_mx\/wp-json\/wp\/v2\/types\/product"}],"wp:featuredmedia":[{"embeddable":true,"href":"https:\/\/global.hydroblok.com\/es_mx\/wp-json\/wp\/v2\/media\/9779"}],"wp:attachment":[{"href":"https:\/\/global.hydroblok.com\/es_mx\/wp-json\/wp\/v2\/media?parent=4510"}],"wp:term":[{"taxonomy":"product_cat","embeddable":true,"href":"https:\/\/global.hydroblok.com\/es_mx\/wp-json\/wp\/v2\/product_cat?post=4510"},{"taxonomy":"product_tag","embeddable":true,"href":"https:\/\/global.hydroblok.com\/es_mx\/wp-json\/wp\/v2\/product_tag?post=4510"}],"curies":[{"name":"wp","href":"https:\/\/api.w.org\/{rel}","templated":true}]}}