{"id":4637,"date":"2021-05-18T15:02:00","date_gmt":"2021-05-18T19:02:11","guid":{"rendered":"https:\/\/global.hydroblok.com\/?post_type=product&#038;p=4637"},"modified":"2024-10-10T22:44:24","modified_gmt":"2024-10-11T02:44:24","slug":"classic-shower-pan-extension-24-x-48","status":"publish","type":"product","link":"https:\/\/global.hydroblok.com\/es_mx\/product\/classic-shower-pan-extension-24-x-48\/","title":{"rendered":"Extensi\u00f3n de plato de ducha cl\u00e1sico de 24 \u2033 x 48 \u2033"},"content":{"rendered":"<p>\u00bfNecesitas hacer esa ducha un poco m\u00e1s grande? Entonces nuestra l\u00ednea de extensiones de ducha es lo que necesita. Comience con nuestra extensi\u00f3n de esquina que combina perfectamente con cualquiera de nuestras bandejas de ducha HYDRO-BLOK para personalizar la ducha de sus sue\u00f1os. Agregue nuestro HBSP2448EXT a la extensi\u00f3n de esquina HYDRO-BLOK o simplemente por s\u00ed solo y pronto se dar\u00e1 cuenta de lo f\u00e1cil que es continuar con el piso de la ducha y mantener la pendiente adecuada en todo momento. Construido con la misma construcci\u00f3n de alta calidad y confiabilidad que nuestra l\u00ednea completa de platos de ducha, paneles de pared y accesorios.<\/p>","protected":false},"excerpt":{"rendered":"<p>\u00bfNecesitas hacer esa ducha un poco m\u00e1s grande? Entonces nuestra l\u00ednea de extensiones de ducha es lo que necesita. Comience con nuestra extensi\u00f3n de esquina que se adapta perfectamente a cualquiera de nuestros [\u2026]<\/p>","protected":false},"featured_media":9672,"template":"","meta":[],"product_cat":[51],"product_tag":[],"jetpack_publicize_connections":[],"jetpack_sharing_enabled":true,"jetpack_likes_enabled":true,"_links":{"self":[{"href":"https:\/\/global.hydroblok.com\/es_mx\/wp-json\/wp\/v3\/product\/4637"}],"collection":[{"href":"https:\/\/global.hydroblok.com\/es_mx\/wp-json\/wp\/v3\/product"}],"about":[{"href":"https:\/\/global.hydroblok.com\/es_mx\/wp-json\/wp\/v2\/types\/product"}],"wp:featuredmedia":[{"embeddable":true,"href":"https:\/\/global.hydroblok.com\/es_mx\/wp-json\/wp\/v2\/media\/9672"}],"wp:attachment":[{"href":"https:\/\/global.hydroblok.com\/es_mx\/wp-json\/wp\/v2\/media?parent=4637"}],"wp:term":[{"taxonomy":"product_cat","embeddable":true,"href":"https:\/\/global.hydroblok.com\/es_mx\/wp-json\/wp\/v2\/product_cat?post=4637"},{"taxonomy":"product_tag","embeddable":true,"href":"https:\/\/global.hydroblok.com\/es_mx\/wp-json\/wp\/v2\/product_tag?post=4637"}],"curies":[{"name":"wp","href":"https:\/\/api.w.org\/{rel}","templated":true}]}}