{"id":4641,"date":"2021-05-18T15:07:00","date_gmt":"2021-05-18T19:07:00","guid":{"rendered":"https:\/\/global.hydroblok.com\/?post_type=product&#038;p=4641"},"modified":"2024-10-10T04:35:24","modified_gmt":"2024-10-10T08:35:24","slug":"classic-shower-pan-extension-12-x-72","status":"publish","type":"product","link":"https:\/\/global.hydroblok.com\/es_mx\/product\/classic-shower-pan-extension-12-x-72\/","title":{"rendered":"Extensi\u00f3n de plato de ducha cl\u00e1sico de 12 \u2033 x 72 \u2033"},"content":{"rendered":"<p>\u00bfNecesitas hacer esa ducha un poco m\u00e1s grande? Entonces nuestra l\u00ednea de extensiones de ducha es lo que necesita. La extensi\u00f3n de plato de ducha HBSPE1272 de 12 \u2033 x 72 \u2033 le permite continuar con el piso de la ducha y mantener la pendiente adecuada en todo momento. Construido con la misma construcci\u00f3n de alta calidad y confiabilidad que nuestra l\u00ednea completa de platos de ducha, paneles de pared y accesorios.<\/p>","protected":false},"excerpt":{"rendered":"<p>\u00bfNecesitas hacer esa ducha un poco m\u00e1s grande? Entonces nuestra l\u00ednea de extensiones de ducha es lo que necesita. La extensi\u00f3n de plato de ducha HBSPE1272 de 12 \u2033 x 72 \u2033 le permite continuar [\u2026]<\/p>","protected":false},"featured_media":9661,"template":"","meta":[],"product_cat":[51],"product_tag":[],"jetpack_publicize_connections":[],"jetpack_sharing_enabled":true,"jetpack_likes_enabled":true,"_links":{"self":[{"href":"https:\/\/global.hydroblok.com\/es_mx\/wp-json\/wp\/v3\/product\/4641"}],"collection":[{"href":"https:\/\/global.hydroblok.com\/es_mx\/wp-json\/wp\/v3\/product"}],"about":[{"href":"https:\/\/global.hydroblok.com\/es_mx\/wp-json\/wp\/v2\/types\/product"}],"wp:featuredmedia":[{"embeddable":true,"href":"https:\/\/global.hydroblok.com\/es_mx\/wp-json\/wp\/v2\/media\/9661"}],"wp:attachment":[{"href":"https:\/\/global.hydroblok.com\/es_mx\/wp-json\/wp\/v2\/media?parent=4641"}],"wp:term":[{"taxonomy":"product_cat","embeddable":true,"href":"https:\/\/global.hydroblok.com\/es_mx\/wp-json\/wp\/v2\/product_cat?post=4641"},{"taxonomy":"product_tag","embeddable":true,"href":"https:\/\/global.hydroblok.com\/es_mx\/wp-json\/wp\/v2\/product_tag?post=4641"}],"curies":[{"name":"wp","href":"https:\/\/api.w.org\/{rel}","templated":true}]}}