{"id":5419,"date":"2021-09-20T19:09:37","date_gmt":"2021-09-20T23:09:37","guid":{"rendered":"https:\/\/global.hydroblok.com\/?post_type=product&#038;p=5419"},"modified":"2023-03-29T16:04:03","modified_gmt":"2023-03-29T20:04:03","slug":"low-profile-shower-pan-drain-cover-and-tray-polished-chrome","status":"publish","type":"product","link":"https:\/\/global.hydroblok.com\/es_mx\/product\/low-profile-shower-pan-drain-cover-and-tray-polished-chrome\/","title":{"rendered":"Cubierta y bandeja de drenaje para plato de ducha de perfil bajo - Cromo pulido"},"content":{"rendered":"<p>Cubierta de drenaje de repuesto de alta calidad para bandejas de ducha de drenaje central de perfil bajo HYDRO-BLOK. Disponible en negro mate, cromo pulido y bronce frotado con aceite (se incluye una cubierta de n\u00edquel cepillado con cada plato de ducha). Tambi\u00e9n disponible para nuestras bandejas de ducha con desag\u00fce central cl\u00e1sicas.<\/p>","protected":false},"excerpt":{"rendered":"<p>Cubierta de drenaje de repuesto de alta calidad para platos de ducha de drenaje central de bajo perfil HYDRO-BLOK. Disponible en negro mate, cromo pulido y bronce aceitado (la cubierta de n\u00edquel cepillado se incluye con cada ducha [\u2026]<\/p>","protected":false},"featured_media":8292,"template":"","meta":[],"product_cat":[57],"product_tag":[],"jetpack_publicize_connections":[],"jetpack_sharing_enabled":true,"jetpack_likes_enabled":true,"_links":{"self":[{"href":"https:\/\/global.hydroblok.com\/es_mx\/wp-json\/wp\/v3\/product\/5419"}],"collection":[{"href":"https:\/\/global.hydroblok.com\/es_mx\/wp-json\/wp\/v3\/product"}],"about":[{"href":"https:\/\/global.hydroblok.com\/es_mx\/wp-json\/wp\/v2\/types\/product"}],"wp:featuredmedia":[{"embeddable":true,"href":"https:\/\/global.hydroblok.com\/es_mx\/wp-json\/wp\/v2\/media\/8292"}],"wp:attachment":[{"href":"https:\/\/global.hydroblok.com\/es_mx\/wp-json\/wp\/v2\/media?parent=5419"}],"wp:term":[{"taxonomy":"product_cat","embeddable":true,"href":"https:\/\/global.hydroblok.com\/es_mx\/wp-json\/wp\/v2\/product_cat?post=5419"},{"taxonomy":"product_tag","embeddable":true,"href":"https:\/\/global.hydroblok.com\/es_mx\/wp-json\/wp\/v2\/product_tag?post=5419"}],"curies":[{"name":"wp","href":"https:\/\/api.w.org\/{rel}","templated":true}]}}