{"id":6338,"date":"2022-02-04T17:27:57","date_gmt":"2022-02-04T22:27:57","guid":{"rendered":"https:\/\/global.hydroblok.com\/?post_type=product&#038;p=6338"},"modified":"2024-10-24T00:05:31","modified_gmt":"2024-10-24T04:05:31","slug":"36-x-72-low-profile-centre-drain-shower-pans","status":"publish","type":"product","link":"https:\/\/global.hydroblok.com\/es_mx\/product\/36-x-72-low-profile-centre-drain-shower-pans\/","title":{"rendered":"Platos de ducha de desag\u00fce central de bajo perfil de 36\u201d x 72\u201d"},"content":{"rendered":"<p>&nbsp;<\/p>\n<h2>Platos de ducha de desag\u00fce central de bajo perfil de 36\u201d x 72\u201d<\/h2>\n<p>\u00a1Las NUEVAS bandejas de ducha de perfil bajo de HYDRO-BLOK est\u00e1n aqu\u00ed! Estas bandejas \u00fanicas permiten la instalaci\u00f3n de reemplazo de tina o drenaje central con dise\u00f1os al ras o sin bordillos.<\/p>\n<p>Las bandejas de ducha de perfil bajo HYDRO-BLOK cuentan con un nuevo e innovador sistema de drenaje que incluye:<\/p>\n<ul>\n<li>El tap\u00f3n de construcci\u00f3n y la lechada sobre el marco son ajustables para el grosor de las baldosas y lateralmente para la disposici\u00f3n de las baldosas.<\/li>\n<li>La lechada sobre el marco da un acabado limpio.<\/li>\n<li>La ubicaci\u00f3n de la rejilla se puede ajustar 1\u20442 pulgada en cualquier direcci\u00f3n desde el centro.<\/li>\n<\/ul>\n<p>Todas las bandejas de ducha HYDRO-BLOK cuentan con una construcci\u00f3n de alta calidad con un n\u00facleo de espuma XPS impermeable 100%, cubierto con malla de fibra de vidrio para mayor resistencia, y luego recubierto con una superficie de cemento modificado para colocar su elecci\u00f3n de baldosas, piedra, vidrio o mosaicos.<\/p>\n<p>Todas las bandejas de ducha HYDRO-BLOK incluyen todo el hardware que necesita para la instalaci\u00f3n;<\/p>\n<ul>\n<li>Plato de ducha de perfil bajo<\/li>\n<li>Cinta de malla de 2 \u2033<\/li>\n<li>Cuchillas para masilla rectas y de esquina<\/li>\n<li>Tap\u00f3n de prueba de agua<\/li>\n<li>Plantilla Pan<\/li>\n<li>Instrucciones de instalaci\u00f3n completas<\/li>\n<\/ul>\n<h2>Tama\u00f1os disponibles de platos de ducha de drenaje central de perfil bajo:<\/h2>\n<ul>\n<li><a href=\"https:\/\/global.hydroblok.com\/es_mx\/product\/36-x-36-low-profile-centre-drain-shower-pans\/\">36\u201d x 36\u201d<\/a><\/li>\n<li><a href=\"https:\/\/global.hydroblok.com\/es_mx\/product\/36-x-48-low-profile-centre-drain-shower-pans\/\">36\u201d x 48\u201d<\/a><\/li>\n<li><a href=\"https:\/\/global.hydroblok.com\/es_mx\/product\/36-x-60-low-profile-centre-drain-shower-pans\/\">36\u201d x 60\u201d<\/a><\/li>\n<li><a href=\"https:\/\/global.hydroblok.com\/es_mx\/product\/36-x-72-low-profile-centre-drain-shower-pans\/\">36\u201d x 72\u201d<\/a><\/li>\n<li><a href=\"https:\/\/global.hydroblok.com\/es_mx\/product\/36-x-72-off-set-drain-low-profile-centre-drain-shower-pans\/\">Drenaje compensado de 36\u201d x 72\u201d<\/a><\/li>\n<li><a href=\"https:\/\/global.hydroblok.com\/es_mx\/product\/48-x-48-low-profile-centre-drain-shower-pans\/\">48\u201d x 48\u201d<\/a><\/li>\n<li><a href=\"https:\/\/global.hydroblok.com\/es_mx\/product\/48-x-60-low-profile-centre-drain-shower-pans\/\">48\u201d x 60\u201d<\/a><\/li>\n<li><a href=\"https:\/\/global.hydroblok.com\/es_mx\/product\/48-x-72-low-profile-centre-drain-shower-pans\/\">48\u201d x 72\u201d<\/a><\/li>\n<li><a href=\"https:\/\/global.hydroblok.com\/es_mx\/product\/48-x-84-low-profile-centre-drain-shower-pans\/\">48\u201d x 84\u201d<\/a><\/li>\n<li><a href=\"https:\/\/global.hydroblok.com\/es_mx\/product\/60-x-60-low-profile-centre-drain-shower-pans\/\">60\u201d x 60\u201d<\/a><\/li>\n<li><a href=\"https:\/\/global.hydroblok.com\/es_mx\/product\/60-x-72-low-profile-centre-drain-shower-pans\/\">60\u201d x 72\u201d<\/a><\/li>\n<li><a href=\"https:\/\/global.hydroblok.com\/es_mx\/product\/60-x-72-low-profile-centre-drain-shower-pans\/\">60\u201d x 84\u201d<\/a><\/li>\n<li><a href=\"https:\/\/global.hydroblok.com\/es_mx\/product\/72-x-72-low-profile-centre-drain-shower-pans\/\">72\u201d x 72\u201d<\/a><\/li>\n<\/ul>\n<p>&nbsp;<\/p>","protected":false},"excerpt":{"rendered":"<p>&nbsp; Platos de ducha con drenaje central de perfil bajo de 36\u201d x 72\u201d \u00a1Los NUEVOS platos de ducha de perfil bajo de HYDRO-BLOK ya est\u00e1n aqu\u00ed! Estas bandejas \u00fanicas permiten la instalaci\u00f3n de drenaje central o de reemplazo de tina con descarga o [\u2026]<\/p>","protected":false},"featured_media":9867,"template":"","meta":[],"product_cat":[50],"product_tag":[],"jetpack_publicize_connections":[],"jetpack_sharing_enabled":true,"jetpack_likes_enabled":true,"_links":{"self":[{"href":"https:\/\/global.hydroblok.com\/es_mx\/wp-json\/wp\/v3\/product\/6338"}],"collection":[{"href":"https:\/\/global.hydroblok.com\/es_mx\/wp-json\/wp\/v3\/product"}],"about":[{"href":"https:\/\/global.hydroblok.com\/es_mx\/wp-json\/wp\/v2\/types\/product"}],"wp:featuredmedia":[{"embeddable":true,"href":"https:\/\/global.hydroblok.com\/es_mx\/wp-json\/wp\/v2\/media\/9867"}],"wp:attachment":[{"href":"https:\/\/global.hydroblok.com\/es_mx\/wp-json\/wp\/v2\/media?parent=6338"}],"wp:term":[{"taxonomy":"product_cat","embeddable":true,"href":"https:\/\/global.hydroblok.com\/es_mx\/wp-json\/wp\/v2\/product_cat?post=6338"},{"taxonomy":"product_tag","embeddable":true,"href":"https:\/\/global.hydroblok.com\/es_mx\/wp-json\/wp\/v2\/product_tag?post=6338"}],"curies":[{"name":"wp","href":"https:\/\/api.w.org\/{rel}","templated":true}]}}