{"id":6526,"date":"2022-02-23T23:30:30","date_gmt":"2022-02-24T04:30:30","guid":{"rendered":"https:\/\/global.hydroblok.com\/?post_type=product&#038;p=6526"},"modified":"2024-10-12T02:43:24","modified_gmt":"2024-10-12T06:43:24","slug":"36-x-60-thin-single-slope-shower-pans","status":"publish","type":"product","link":"https:\/\/global.hydroblok.com\/es_mx\/product\/36-x-60-thin-single-slope-shower-pans\/","title":{"rendered":"36\u2033 x 60\u2033 THIN Platos de ducha de una sola pendiente"},"content":{"rendered":"<h2>36\u2033 x 60\u2033 THIN Platos de ducha de una sola pendiente<\/h2>\n<div class=\"page\" title=\"P\u00e1gina 4\">\n<div class=\"section\">\n<div class=\"layoutArea\">\n<div class=\"column\">\n<p>Platos de ducha de pendiente \u00fanica HYDRO-BLOK junto con\u00a0<a href=\"https:\/\/global.hydroblok.com\/es_mx\/products\/73-5-linear-drain-for-single-slope-shower-pans\/\">Drenaje lineal Ebbe INNI\u00ae para HYDRO-BLOK<\/a>\u00a0son su soluci\u00f3n de ducha con entrada empotrada. La libertad de usar baldosas o piedras de cualquier tama\u00f1o en su plato de ducha permite dise\u00f1os \u00fanicos y creativos y sin una cubierta de desag\u00fce de metal en el piso de la ducha, su ducha tiene la apariencia de lujo y elegancia.<\/p>\n<p>El desag\u00fce lineal Ebbe INNI\u00ae se puede colocar en cualquier lugar de una ducha, ya que se personaliza f\u00e1cilmente para adaptarse a cualquier espacio o tama\u00f1o de ducha, ya sea para instalaciones residenciales o comerciales.<\/p>\n<\/div>\n<\/div>\n<\/div>\n<\/div>\n<p>Todas las bandejas de ducha HYDRO-BLOK cuentan con una construcci\u00f3n de alta calidad con un n\u00facleo de espuma XPS impermeable 100%, cubierto con malla de fibra de vidrio para mayor resistencia, y luego recubierto con una superficie de cemento modificado para colocar su elecci\u00f3n de baldosas, piedra, vidrio o mosaicos. Aseg\u00farese de elegir nuestro sellador de juntas HYDRO-BLOK para pegar todas las uniones y juntas. Agregue cualquiera de nuestros accesorios personalizados para darle ese toque personal adicional a su ducha.<\/p>\n<p>HIDROBLOQUE\u00a0<strong>DELGADA<\/strong>\u00a0Las bandejas de ducha de pendiente \u00fanica ofrecen una soluci\u00f3n de ducha de entrada al ras con:<\/p>\n<ul>\n<li>Se necesitan trabajos limitados de reconstrucci\u00f3n del contrapiso.<\/li>\n<li>no se necesita reestructuraci\u00f3n de las vigas del piso.<\/li>\n<li>ahorros en tiempo, costo y esfuerzo de reconstrucci\u00f3n necesarios.<\/li>\n<li>no se necesitan cambios especiales de ingenier\u00eda ni de estructura.<\/li>\n<\/ul>\n<p>Para baldosas de 2 \u201dx 2\u201d o menos, recomendamos usar una lechada de compresi\u00f3n m\u00e1s alta como epoxi o uretano para mayor resistencia.<\/p>\n<p>Todas las bandejas de ducha HYDRO-BLOK incluyen todo el hardware que necesita para la instalaci\u00f3n;<br \/>\n- Plato de ducha de pendiente \u00fanica<br \/>\n- Cinta de malla de 2 \u2033<br \/>\n- Esp\u00e1tulas para masilla rectas y esquineras<br \/>\n- Instrucciones de instalaci\u00f3n completas<\/p>\n<h2>Tama\u00f1os disponibles de platos de ducha THIN Single Slope:<\/h2>\n<ul>\n<li><a href=\"https:\/\/global.hydroblok.com\/es_mx\/product\/36-x-60-thin-single-slope-shower-pans\/\">36\u2033 x 60\u2033<\/a><\/li>\n<li><a href=\"https:\/\/global.hydroblok.com\/es_mx\/product\/60-x-36-thin-single-slope-shower-pans\/\">60\u2033 x 36\u2033<\/a><\/li>\n<li><a href=\"https:\/\/global.hydroblok.com\/es_mx\/product\/48-x-72-thin-single-slope-shower-pans\/\">48\u2033 x 72\u2033<\/a><\/li>\n<li><a href=\"https:\/\/global.hydroblok.com\/es_mx\/product\/72-x-48-thin-single-slope-shower-pans\/\">72\u2033 x 48\u2033<\/a><\/li>\n<\/ul>\n<p>&nbsp;<\/p>","protected":false},"excerpt":{"rendered":"<p>Platos de ducha de pendiente simple THIN de 36\u2033 x 60\u2033 HYDRO-BLOK Los platos de ducha de pendiente simple junto con el desag\u00fce lineal Ebbe INNI\u00ae para HYDRO-BLOK son su soluci\u00f3n de ducha de entrada al ras. La libertad de uso [\u2026]<\/p>","protected":false},"featured_media":9725,"template":"","meta":[],"product_cat":[50],"product_tag":[],"jetpack_publicize_connections":[],"jetpack_sharing_enabled":true,"jetpack_likes_enabled":true,"_links":{"self":[{"href":"https:\/\/global.hydroblok.com\/es_mx\/wp-json\/wp\/v3\/product\/6526"}],"collection":[{"href":"https:\/\/global.hydroblok.com\/es_mx\/wp-json\/wp\/v3\/product"}],"about":[{"href":"https:\/\/global.hydroblok.com\/es_mx\/wp-json\/wp\/v2\/types\/product"}],"wp:featuredmedia":[{"embeddable":true,"href":"https:\/\/global.hydroblok.com\/es_mx\/wp-json\/wp\/v2\/media\/9725"}],"wp:attachment":[{"href":"https:\/\/global.hydroblok.com\/es_mx\/wp-json\/wp\/v2\/media?parent=6526"}],"wp:term":[{"taxonomy":"product_cat","embeddable":true,"href":"https:\/\/global.hydroblok.com\/es_mx\/wp-json\/wp\/v2\/product_cat?post=6526"},{"taxonomy":"product_tag","embeddable":true,"href":"https:\/\/global.hydroblok.com\/es_mx\/wp-json\/wp\/v2\/product_tag?post=6526"}],"curies":[{"name":"wp","href":"https:\/\/api.w.org\/{rel}","templated":true}]}}