{"id":8023,"date":"2023-01-30T18:49:52","date_gmt":"2023-01-30T23:49:52","guid":{"rendered":"https:\/\/global.hydroblok.com\/?post_type=product&#038;p=8023"},"modified":"2024-10-11T00:08:02","modified_gmt":"2024-10-11T04:08:02","slug":"seals-for-pipes-mixer-valves","status":"publish","type":"product","link":"https:\/\/global.hydroblok.com\/es_mx\/product\/seals-for-pipes-mixer-valves\/","title":{"rendered":"Sellos para Tuber\u00edas y V\u00e1lvulas Mezcladoras"},"content":{"rendered":"<p>\u00a1NUEVO!<\/p>\n<p>Sellos HYDRO-BLOK para tuber\u00edas y v\u00e1lvulas mezcladoras Los sellos para ducha HYDRO-BLOK le permiten impermeabilizar completamente su sistema de ducha HYDRO-BLOK en cabezales de ducha, v\u00e1lvulas mezcladoras y ca\u00f1os de ba\u00f1era, etc. sin usar sellador. Construido a partir de una membrana impermeabilizante de alta calidad y juntas de goma el\u00e1sticas sobremoldeadas. Instalaci\u00f3n simple con una capa delgada de thinset antes de colocar los mosaicos (consulte el empaque para obtener instrucciones completas).<\/p>\n<p><\/p>\n<ul>\n<li>Impermeabiliza completamente su ducha HYDRO-BLOK sin necesidad de sellador<\/li>\n<li>Instalaci\u00f3n sencilla y r\u00e1pida <\/li>\n<li>Las juntas de goma estirables sellan herm\u00e9ticamente<\/li>\n<li>Instale sobre tuber\u00edas o v\u00e1lvulas existentes sin necesidad de cambios de plomer\u00eda<\/li>\n<li>La membrana impermeable de alta calidad proporciona una barrera totalmente impermeable junto con su sistema de ducha HYDRO-BLOK<\/ul>","protected":false},"excerpt":{"rendered":"<p>\u00a1NUEVO! Sellos HYDRO-BLOK para tuber\u00edas y v\u00e1lvulas mezcladoras Los sellos para ducha HYDRO-BLOK le permiten impermeabilizar completamente su sistema de ducha HYDRO-BLOK en cabezales de ducha, v\u00e1lvulas mezcladoras y ca\u00f1os de ba\u00f1era, etc. sin [\u2026]<\/p>","protected":false},"featured_media":8026,"template":"","meta":[],"product_cat":[57],"product_tag":[],"jetpack_publicize_connections":[],"jetpack_sharing_enabled":true,"jetpack_likes_enabled":true,"_links":{"self":[{"href":"https:\/\/global.hydroblok.com\/es_mx\/wp-json\/wp\/v3\/product\/8023"}],"collection":[{"href":"https:\/\/global.hydroblok.com\/es_mx\/wp-json\/wp\/v3\/product"}],"about":[{"href":"https:\/\/global.hydroblok.com\/es_mx\/wp-json\/wp\/v2\/types\/product"}],"wp:featuredmedia":[{"embeddable":true,"href":"https:\/\/global.hydroblok.com\/es_mx\/wp-json\/wp\/v2\/media\/8026"}],"wp:attachment":[{"href":"https:\/\/global.hydroblok.com\/es_mx\/wp-json\/wp\/v2\/media?parent=8023"}],"wp:term":[{"taxonomy":"product_cat","embeddable":true,"href":"https:\/\/global.hydroblok.com\/es_mx\/wp-json\/wp\/v2\/product_cat?post=8023"},{"taxonomy":"product_tag","embeddable":true,"href":"https:\/\/global.hydroblok.com\/es_mx\/wp-json\/wp\/v2\/product_tag?post=8023"}],"curies":[{"name":"wp","href":"https:\/\/api.w.org\/{rel}","templated":true}]}}