{"id":8444,"date":"2023-04-18T18:04:56","date_gmt":"2023-04-18T22:04:56","guid":{"rendered":"https:\/\/global.hydroblok.com\/?post_type=product&#038;p=8444"},"modified":"2025-01-16T22:13:47","modified_gmt":"2025-01-17T03:13:47","slug":"uncoupling-membrane","status":"publish","type":"product","link":"https:\/\/global.hydroblok.com\/es_mx\/product\/uncoupling-membrane\/","title":{"rendered":"Membrana de desacoplamiento"},"content":{"rendered":"<section class=\"wpb-content-wrapper\"><div class=\"vc_row wpb_row vc_row-fluid\"><div class=\"inner_cont\"><div class=\"wpb_column vc_column_container vc_col-sm-12\"><div class=\"vc_column-inner\"><div class=\"wpb_wrapper\">\r\n\t<div class=\"wpb_text_column wpb_content_element\" >\r\n\t\t<div class=\"wpb_wrapper\">\r\n\t\t\t<p><span style=\"color: #0000ff;\"><em><strong>* Art\u00edculo nuevo, pregunte a su distribuidor por disponibilidad.<\/strong><\/em><\/span><\/p>\n<p>Membrana de desacoplamiento HYDRO-BLOK: dise\u00f1ada para la instalaci\u00f3n de losetas de cer\u00e1mica y piedra. Prevenga baldosas y lechadas agrietadas.<\/p>\n<p><strong>Base multifunci\u00f3n:<\/strong><\/p>\n<p>\u25b8 aislamiento de grietas<br \/>\n\u25b8 impermeabilizaci\u00f3n<br \/>\n\u25b8 antif\u00fangico<br \/>\n\u25b8 se puede utilizar en una variedad de superficies<br \/>\n\u25b8 ahorre tiempo y dinero<\/p>\n<p><strong>Reduce el riesgo de baldosas agrietadas:<\/strong><\/p>\n<p>Las membranas de desacoplamiento Hydroblok est\u00e1n dise\u00f1adas para absorber el movimiento, lo que ayuda a evitar que las baldosas se agrieten causadas por el cambio de sustratos u otros tipos de movimiento.<\/p>\n<p><strong>Ahorra tiempo y dinero:<\/strong><\/p>\n<p>El uso de la membrana de desacoplamiento HYDRO-BLOK puede ayudar a reducir el tiempo y el dinero necesarios para la instalaci\u00f3n de losetas, ya que evitan la necesidad de losas o soleras de refuerzo tradicionales.<\/p>\n<p><strong>Se puede utilizar en una variedad de sustratos:<\/strong><\/p>\n<p>Las membranas de desacoplamiento HYDRO-BLOK generalmente se pueden instalar en una variedad de sustratos, incluidos concreto, madera e incluso baldosas existentes.<\/p>\n\r\n\t\t<\/div>\r\n\t<\/div>\r\n<\/div><\/div><\/div><\/div><\/div>\n<\/section>","protected":false},"excerpt":{"rendered":"<p>Membrana de desacoplamiento HYDRO-BLOK: dise\u00f1ada para la instalaci\u00f3n de losetas de cer\u00e1mica y piedra. Prevenga baldosas y lechadas agrietadas.<\/p>","protected":false},"featured_media":9922,"template":"","meta":[],"product_cat":[109],"product_tag":[],"jetpack_publicize_connections":[],"jetpack_sharing_enabled":true,"jetpack_likes_enabled":true,"_links":{"self":[{"href":"https:\/\/global.hydroblok.com\/es_mx\/wp-json\/wp\/v3\/product\/8444"}],"collection":[{"href":"https:\/\/global.hydroblok.com\/es_mx\/wp-json\/wp\/v3\/product"}],"about":[{"href":"https:\/\/global.hydroblok.com\/es_mx\/wp-json\/wp\/v2\/types\/product"}],"wp:featuredmedia":[{"embeddable":true,"href":"https:\/\/global.hydroblok.com\/es_mx\/wp-json\/wp\/v2\/media\/9922"}],"wp:attachment":[{"href":"https:\/\/global.hydroblok.com\/es_mx\/wp-json\/wp\/v2\/media?parent=8444"}],"wp:term":[{"taxonomy":"product_cat","embeddable":true,"href":"https:\/\/global.hydroblok.com\/es_mx\/wp-json\/wp\/v2\/product_cat?post=8444"},{"taxonomy":"product_tag","embeddable":true,"href":"https:\/\/global.hydroblok.com\/es_mx\/wp-json\/wp\/v2\/product_tag?post=8444"}],"curies":[{"name":"wp","href":"https:\/\/api.w.org\/{rel}","templated":true}]}}