{"id":8474,"date":"2023-04-19T23:32:58","date_gmt":"2023-04-20T03:32:58","guid":{"rendered":"https:\/\/global.hydroblok.com\/?post_type=product&#038;p=8474"},"modified":"2023-04-19T23:37:02","modified_gmt":"2023-04-20T03:37:02","slug":"low-profile-shower-pan-drain-cover-and-tray-satin-brass","status":"publish","type":"product","link":"https:\/\/global.hydroblok.com\/es_mx\/product\/low-profile-shower-pan-drain-cover-and-tray-satin-brass\/","title":{"rendered":"Bandeja y cubierta de desag\u00fce para plato de ducha de perfil bajo - Lat\u00f3n satinado"},"content":{"rendered":"<p>Cubierta de drenaje de repuesto de alta calidad para platos de ducha de drenaje central de bajo perfil HYDRO-BLOK. Disponible en negro mate, cromo pulido, bronce aceitado (la cubierta de n\u00edquel cepillado se incluye con cada plato de ducha) y lat\u00f3n satinado. Tambi\u00e9n disponible para nuestros platos de ducha con drenaje central cl\u00e1sico.<\/p>","protected":false},"excerpt":{"rendered":"<p>Cubierta de lat\u00f3n satinado de repuesto de alta calidad para platos de ducha de drenaje central de perfil bajo HYDRO-BLOK<\/p>","protected":false},"featured_media":8476,"template":"","meta":[],"product_cat":[57],"product_tag":[],"jetpack_publicize_connections":[],"jetpack_sharing_enabled":true,"jetpack_likes_enabled":true,"_links":{"self":[{"href":"https:\/\/global.hydroblok.com\/es_mx\/wp-json\/wp\/v3\/product\/8474"}],"collection":[{"href":"https:\/\/global.hydroblok.com\/es_mx\/wp-json\/wp\/v3\/product"}],"about":[{"href":"https:\/\/global.hydroblok.com\/es_mx\/wp-json\/wp\/v2\/types\/product"}],"wp:featuredmedia":[{"embeddable":true,"href":"https:\/\/global.hydroblok.com\/es_mx\/wp-json\/wp\/v2\/media\/8476"}],"wp:attachment":[{"href":"https:\/\/global.hydroblok.com\/es_mx\/wp-json\/wp\/v2\/media?parent=8474"}],"wp:term":[{"taxonomy":"product_cat","embeddable":true,"href":"https:\/\/global.hydroblok.com\/es_mx\/wp-json\/wp\/v2\/product_cat?post=8474"},{"taxonomy":"product_tag","embeddable":true,"href":"https:\/\/global.hydroblok.com\/es_mx\/wp-json\/wp\/v2\/product_tag?post=8474"}],"curies":[{"name":"wp","href":"https:\/\/api.w.org\/{rel}","templated":true}]}}