{"id":110,"date":"2016-12-26T06:26:37","date_gmt":"2016-12-26T06:26:37","guid":{"rendered":"https:\/\/www.minerva-kb.com\/?page_id=110"},"modified":"2022-05-02T17:33:40","modified_gmt":"2022-05-02T21:33:40","slug":"resources","status":"publish","type":"page","link":"https:\/\/global.hydroblok.com\/fr_ca\/resources\/","title":{"rendered":"Ressources"},"content":{"rendered":"<p>&nbsp;<\/p>\r\n<div class=\"mkb-shortcode-container\" data-no-translation-class=\"\"><div class=\"kb-header mkb-uuid-69f4444798bc3\" style=\"background-color: #585858;padding-top: 3em;padding-bottom: 3em;\"><style>.mkb-uuid-69f4444798bc3 .kb-search .kb-search__result-topic-name { background: #4bb7e5; }.mkb-uuid-69f4444798bc3 .kb-search .kb-search__result-topic-name { color: #ffffff; }<\/style>\t\t\t\n\t\t\t\n\t\t\t<div class=\"kb-search\">\n\n\t\t\t\t\n\t\t\t\t\t\t\t\t<div class=\"kb-search__title\" style=\"font-size: 2em;color: #fff;\">\n\t\t\t\t\tBesoin d&#039;aide?\t\t\t\t<\/div>\n\t\t\t\t\t\t\t\t<form class=\"kb-search__form\" action=\"https:\/\/global.hydroblok.com\/fr_ca\" method=\"get\" autocomplete=\"off\" novalidate data-trp-original-action=\"https:\/\/global.hydroblok.com\/fr_ca\">\n\n\t\t\t\t\t\n\t\t\t\t\t<div class=\"kb-search__input-wrap mkb-search-theme__mini kb-search__input-wrap--icons-left\"\n\t\t\t\t\t     style=\"border-color: #ffffff;background-color: #ffffff;width: 38em;\">\n\t\t\t\t\t\t<input type=\"hidden\" name=\"source\" value=\"kb\" \/>\n\t\t\t\t\t\t\t\t\t\t\t\t\t\t\t\t\t\t\t\t\t\t\t\t<input class=\"kb-search__input\"\n\t\t\t\t\t\t       name=\"s\"\n\t\t\t\t\t\t       placeholder=\"ex.\u00a0: Installation\"\n\t\t\t\t\t\t       type=\"text\"\n\t\t\t\t\t\t       data-show-results-topic=\"1\"\n\t\t\t\t\t\t       data-topic-label=\"Topic\"\n\t\t\t\t\t\t       data-custom-topic-colors=\"\"\n\t\t\t\t\t\t       data-autofocus=\"1\"\n\t\t\t\t\t\t\t\/>\n\t\t\t\t\t\t<span class=\"kb-search__results-summary\">\n\t\t\t\t\t\t\t<i class=\"kb-search-request-indicator fa fa-circle-o-notch fa-spin fa-fw\"><\/i>\n\t\t\t\t\t\t\t<span class=\"kb-summary-text-holder\"><\/span>\n\t\t\t\t\t\t<\/span>\n\t\t\t\t\t\t\t\t\t\t\t\t\t<span class=\"kb-search__icon-holder\">\n\t\t\t\t\t\t\t\t<i class=\"kb-search__icon fa fa-search\"><\/i>\n\t\t\t\t\t\t\t<\/span>\n\t\t\t\t\t\t\t\t\t\t\t\t<a href=\"#\" class=\"kb-search__clear\" title=\"Effacer la recherche\">\n\t\t\t\t\t\t\t<i class=\"kb-search__clear-icon fa fa-times-circle\"><\/i>\n\t\t\t\t\t\t<\/a>\n\n\t\t\t\t\t\t<div class=\"kb-search__results kb-search__results--with-topics\"><\/div>\n\t\t\t\t\t<\/div>\n\n\t\t\t\t\t\n\t\t\t\t\t\n\t\t\t\t\t\t<div class=\"kb-search__tip\" style=\"color: #aaaaaa\">\n\t\t\t\t\t\t\tConseil\u00a0: utilisez les fl\u00e8ches pour parcourir les r\u00e9sultats, ESC pour cibler l&#039;entr\u00e9e de recherche\t\t\t\t\t\t<\/div>\n\n\t\t\t\t\t\t\n\t\t\t\t\t\t\t\t\t<input type=\"hidden\" name=\"trp-form-language\" value=\"fr_ca\"\/><\/form>\n\n\t\t\t\t\n\t\t\t<\/div>\n\n\t\t\n\t\t<\/div>\n\t\t<\/div>\r\n\r\n<div class=\"mkb-shortcode-container\" data-no-translation-class=\"\"><div class=\"mkb-home-sujets mkb-columns mkb-columns-3\" data-no-translation-class=\"\"><div class=\"mkb-row\">\t\t<div class=\"kb-topic topic-id-r\u00e9cent\" data-no-translation-class=\"\">\n\t\t\t<div class=\"kb-topic__inner\">\n\t\t\t\t<h3 class=\"kb-topic__title\" style=\"color: #555555;\">\n\t\t\t\t\t\t\t\t\t\t\t\t\t\t\t\t\t\t<span class=\"kb-topic__title-icon\">\n\t\t\t\t\t\t\t\t<i class=\"kb-topic__list-icon fa fa-info-circle\"><\/i>\n\t\t\t\t\t\t\t<\/span>\n\t\t\t\t\t\t\n\t\t\t\t\t\tR\u00e9cent\n\t\t\t\t\t\t\t\t\t\t\t\t\t<span class=\"kb-topic__count\" style=\"background: #4bb7e5; color: #ffffff;\">\n\t\t\t\t\t\t\t\t0 articles\t\t\t\t\t\t\t<\/span>\n\t\t\t\t\t\t\t\t\t\t\t\t\t\t<\/h3>\n\n\t\t\t\t\n                \n                    <div class=\"kb-topic__articles  kb-topic__articles--with-icons\">\n                        <ul>\n                                                    <\/ul>\n\n                                            <\/div>\n                \t\t\t<\/div>\n\t\t<\/div>\n\t\t\t<div class=\"kb-topic topic-id-top_views\" data-no-translation-class=\"\">\n\t\t\t<div class=\"kb-topic__inner\">\n\t\t\t\t<h3 class=\"kb-topic__title\" style=\"color: #555555;\">\n\t\t\t\t\t\t\t\t\t\t\t\t\t\t\t\t\t\t<span class=\"kb-topic__title-icon\">\n\t\t\t\t\t\t\t\t<i class=\"kb-topic__list-icon fa fa-info-circle\"><\/i>\n\t\t\t\t\t\t\t<\/span>\n\t\t\t\t\t\t\n\t\t\t\t\t\tLe plus regard\u00e9\n\t\t\t\t\t\t\t\t\t\t\t\t\t<span class=\"kb-topic__count\" style=\"background: #4bb7e5; color: #ffffff;\">\n\t\t\t\t\t\t\t\t0 articles\t\t\t\t\t\t\t<\/span>\n\t\t\t\t\t\t\t\t\t\t\t\t\t\t<\/h3>\n\n\t\t\t\t\n                \n                    <div class=\"kb-topic__articles  kb-topic__articles--with-icons\">\n                        <ul>\n                                                    <\/ul>\n\n                                            <\/div>\n                \t\t\t<\/div>\n\t\t<\/div>\n\t\t\t<div class=\"kb-topic topic-id-top_likes\" data-no-translation-class=\"\">\n\t\t\t<div class=\"kb-topic__inner\">\n\t\t\t\t<h3 class=\"kb-topic__title\" style=\"color: #555555;\">\n\t\t\t\t\t\t\t\t\t\t\t\t\t\t\t\t\t\t<span class=\"kb-topic__title-icon\">\n\t\t\t\t\t\t\t\t<i class=\"kb-topic__list-icon fa fa-info-circle\"><\/i>\n\t\t\t\t\t\t\t<\/span>\n\t\t\t\t\t\t\n\t\t\t\t\t\tLe plus aim\u00e9\n\t\t\t\t\t\t\t\t\t\t\t\t\t<span class=\"kb-topic__count\" style=\"background: #4bb7e5; color: #ffffff;\">\n\t\t\t\t\t\t\t\t0 articles\t\t\t\t\t\t\t<\/span>\n\t\t\t\t\t\t\t\t\t\t\t\t\t\t<\/h3>\n\n\t\t\t\t\n                \n                    <div class=\"kb-topic__articles  kb-topic__articles--with-icons\">\n                        <ul>\n                                                    <\/ul>\n\n                                            <\/div>\n                \t\t\t<\/div>\n\t\t<\/div>\n\t<\/div>\t\t<\/div>\n\t\t<\/div>\r\n\r\n<div class=\"mkb-shortcode-container\" data-no-translation-class=\"\"><div class=\"mkb-home-topics mkb-columns mkb-columns-3 mkb-uuid-69f444479aacc\" data-no-translation-class=\"\"><style>\t\t\t.mkb-uuid-69f444479aacc .kb-topic.kb-topic--box-view .kb-topic__inner { background: #ffffff; }\n\t\t\t.mkb-uuid-69f444479aacc .kb-topic.kb-topic--box-view .kb-topic__inner:hover { background: #f8f8f8; }<\/style>\t\t<\/div>\n\t\t<\/div>\r\n<p>&nbsp;<\/p>","protected":false},"excerpt":{"rendered":"<p>&nbsp; &nbsp;<\/p>","protected":false},"author":12,"featured_media":0,"parent":0,"menu_order":0,"comment_status":"closed","ping_status":"closed","template":"page-v2.php","meta":[],"jetpack_sharing_enabled":true,"jetpack_shortlink":"https:\/\/wp.me\/PgwIK9-1M","jetpack_likes_enabled":true,"_links":{"self":[{"href":"https:\/\/global.hydroblok.com\/fr_ca\/wp-json\/wp\/v2\/pages\/110"}],"collection":[{"href":"https:\/\/global.hydroblok.com\/fr_ca\/wp-json\/wp\/v2\/pages"}],"about":[{"href":"https:\/\/global.hydroblok.com\/fr_ca\/wp-json\/wp\/v2\/types\/page"}],"author":[{"embeddable":true,"href":"https:\/\/global.hydroblok.com\/fr_ca\/wp-json\/wp\/v2\/users\/12"}],"replies":[{"embeddable":true,"href":"https:\/\/global.hydroblok.com\/fr_ca\/wp-json\/wp\/v2\/comments?post=110"}],"version-history":[{"count":2,"href":"https:\/\/global.hydroblok.com\/fr_ca\/wp-json\/wp\/v2\/pages\/110\/revisions"}],"predecessor-version":[{"id":6933,"href":"https:\/\/global.hydroblok.com\/fr_ca\/wp-json\/wp\/v2\/pages\/110\/revisions\/6933"}],"wp:attachment":[{"href":"https:\/\/global.hydroblok.com\/fr_ca\/wp-json\/wp\/v2\/media?parent=110"}],"curies":[{"name":"wp","href":"https:\/\/api.w.org\/{rel}","templated":true}]}}