{"id":295,"date":"2021-03-18T17:08:22","date_gmt":"2021-03-18T21:08:22","guid":{"rendered":"https:\/\/43686.cowlickdev.com\/?page_id=295"},"modified":"2022-01-21T15:58:21","modified_gmt":"2022-01-21T20:58:21","slug":"warranty","status":"publish","type":"page","link":"https:\/\/global.hydroblok.com\/fr_ca\/warranty\/","title":{"rendered":"garantie"},"content":{"rendered":"<section class=\"wpb-content-wrapper\"><div class=\"vc_row wpb_row vc_row-fluid bg_top vc_custom_1616461959902 vc_row-has-fill\"><div class=\"inner_cont\"><div class=\"pull-forward pad-r-50 wpb_animate_when_almost_visible wpb_fadeIn fadeIn wpb_column vc_column_container vc_col-sm-4 vc_col-has-fill\"><div class=\"vc_column-inner vc_custom_1618329221529\"><div class=\"wpb_wrapper\">\r\n\t<div class=\"wpb_text_column wpb_content_element  wpb_animate_when_almost_visible wpb_fadeInLeft fadeInLeft\" >\r\n\t\t<div class=\"wpb_wrapper\">\r\n\t\t\t<p><img data-attachment-id=\"4101\" data-permalink=\"https:\/\/global.hydroblok.com\/fr_ca\/hydro-blok-lifetime-limited-warranty\/hb_january11_lifetime_warranty_1000px\/\" data-orig-file=\"https:\/\/global.hydroblok.com\/wp-content\/uploads\/2021\/01\/HB_January11_Lifetime_Warranty_1000px.png\" data-orig-size=\"1000,828\" data-comments-opened=\"0\" data-image-meta=\"{&quot;aperture&quot;:&quot;0&quot;,&quot;credit&quot;:&quot;&quot;,&quot;camera&quot;:&quot;&quot;,&quot;caption&quot;:&quot;&quot;,&quot;created_timestamp&quot;:&quot;0&quot;,&quot;copyright&quot;:&quot;&quot;,&quot;focal_length&quot;:&quot;0&quot;,&quot;iso&quot;:&quot;0&quot;,&quot;shutter_speed&quot;:&quot;0&quot;,&quot;title&quot;:&quot;&quot;,&quot;orientation&quot;:&quot;0&quot;}\" data-image-title=\"HB_January11_Lifetime_Warranty_1000px\" data-image-description=\"\" data-image-caption=\"\" data-medium-file=\"https:\/\/global.hydroblok.com\/wp-content\/uploads\/2021\/01\/HB_January11_Lifetime_Warranty_1000px-300x248.png\" data-large-file=\"https:\/\/global.hydroblok.com\/wp-content\/uploads\/2021\/01\/HB_January11_Lifetime_Warranty_1000px.png\" decoding=\"async\" class=\"size-medium wp-image-4101\" src=\"\/wp-content\/uploads\/2021\/01\/HB_January11_Lifetime_Warranty_1000px-300x248.png\" alt=\"\" width=\"200\" srcset=\"https:\/\/global.hydroblok.com\/wp-content\/uploads\/2021\/01\/HB_January11_Lifetime_Warranty_1000px-300x248.png 300w, https:\/\/global.hydroblok.com\/wp-content\/uploads\/2021\/01\/HB_January11_Lifetime_Warranty_1000px-768x636.png 768w, https:\/\/global.hydroblok.com\/wp-content\/uploads\/2021\/01\/HB_January11_Lifetime_Warranty_1000px-600x497.png 600w, https:\/\/global.hydroblok.com\/wp-content\/uploads\/2021\/01\/HB_January11_Lifetime_Warranty_1000px-900x745.png 900w, https:\/\/global.hydroblok.com\/wp-content\/uploads\/2021\/01\/HB_January11_Lifetime_Warranty_1000px-14x12.png 14w, https:\/\/global.hydroblok.com\/wp-content\/uploads\/2021\/01\/HB_January11_Lifetime_Warranty_1000px.png 1000w\" sizes=\"(max-width: 300px) 100vw, 300px\" title=\"\"><\/p>\n\r\n\t\t<\/div>\r\n\t<\/div>\r\n\r\n\t<div class=\"wpb_text_column wpb_content_element\" >\r\n\t\t<div class=\"wpb_wrapper\">\r\n\t\t\t<h1>L&#039;industrie <strong><span style=\"color: #9bca86;\">meilleur<\/span><\/strong> garantie \u00e0 vie.<\/h1>\n\r\n\t\t<\/div>\r\n\t<\/div>\r\n\r\n\t<div class=\"wpb_text_column wpb_content_element\" >\r\n\t\t<div class=\"wpb_wrapper\">\r\n\t\t\t<p>Nous nous effor\u00e7ons de concevoir et de construire les meilleurs syst\u00e8mes de douche sur la plan\u00e8te. Nous sommes obs\u00e9d\u00e9s par chaque aspect de la production et chaque mat\u00e9riau que nous choisissons et travaillons sans rel\u00e2che pour garantir le plus haut niveau de savoir-faire. Nous croyons en notre personnel et en nos processus et soutenons nos produits, il nous est donc facile de vous fournir la meilleure garantie possible. La garantie \u00e0 vie exclusive d&#039;HYDRO-BLOK vous offre une tranquillit\u00e9 d&#039;esprit absolue. Que vous soyez l&#039;installateur ou le propri\u00e9taire, nous sommes l\u00e0 pour vous!<\/p>\n\r\n\t\t<\/div>\r\n\t<\/div>\r\n<div class=\"vc_separator wpb_content_element vc_separator_align_center vc_sep_width_100 vc_sep_pos_align_center vc_separator_no_text vc_sep_color_grey\" ><span class=\"vc_sep_holder vc_sep_holder_l\"><span class=\"vc_sep_line\"><\/span><\/span><span class=\"vc_sep_holder vc_sep_holder_r\"><span class=\"vc_sep_line\"><\/span><\/span>\n<\/div>\r\n\t<div class=\"wpb_text_column wpb_content_element\" >\r\n\t\t<div class=\"wpb_wrapper\">\r\n\t\t\t<p><a class=\"btn btn-prim\" href=\"https:\/\/global.hydroblok.com\/fr_ca\/hydro-blok-lifetime-limited-warranty\/\">D\u00e9tails de la garantie \u00e0 vie limit\u00e9e<span class=\"arrw\">\u2192<\/span><\/a><\/p>\n\r\n\t\t<\/div>\r\n\t<\/div>\r\n<\/div><\/div><\/div><div class=\"wpb_animate_when_almost_visible wpb_fadeIn fadeIn wpb_column vc_column_container vc_col-sm-8 vc_hidden-xs\"><div class=\"vc_column-inner vc_custom_1618508043824\"><div class=\"wpb_wrapper\">\r\n\t<div class=\"wpb_text_column wpb_content_element  vc_custom_1622664708078 has-fill\" >\r\n\t\t<div class=\"wpb_wrapper\">\r\n\t\t\t<p><img data-attachment-id=\"280\" data-permalink=\"https:\/\/global.hydroblok.com\/fr_ca\/training-img\/\" data-orig-file=\"https:\/\/global.hydroblok.com\/wp-content\/uploads\/2021\/03\/training-img.png\" data-orig-size=\"900,680\" data-comments-opened=\"0\" data-image-meta=\"{&quot;aperture&quot;:&quot;0&quot;,&quot;credit&quot;:&quot;&quot;,&quot;camera&quot;:&quot;&quot;,&quot;caption&quot;:&quot;&quot;,&quot;created_timestamp&quot;:&quot;0&quot;,&quot;copyright&quot;:&quot;&quot;,&quot;focal_length&quot;:&quot;0&quot;,&quot;iso&quot;:&quot;0&quot;,&quot;shutter_speed&quot;:&quot;0&quot;,&quot;title&quot;:&quot;&quot;,&quot;orientation&quot;:&quot;0&quot;}\" data-image-title=\"training-img\" data-image-description=\"\" data-image-caption=\"\" data-medium-file=\"https:\/\/global.hydroblok.com\/wp-content\/uploads\/2021\/03\/training-img-300x227.png\" data-large-file=\"https:\/\/global.hydroblok.com\/wp-content\/uploads\/2021\/03\/training-img.png\" decoding=\"async\" class=\"alignnone size-full wp-image-280\" src=\"\/wp-content\/uploads\/2021\/05\/canstockphoto10311033_cropped.jpg\" alt=\"\" width=\"100%\" title=\"\"><\/p>\n\r\n\t\t<\/div>\r\n\t<\/div>\r\n<\/div><\/div><\/div><div class=\"mu-540 ghtl float-right wpb_animate_when_almost_visible wpb_fadeIn fadeIn wpb_column vc_column_container vc_col-sm-4 vc_col-has-fill\"><div class=\"vc_column-inner vc_custom_1622826991184\"><div class=\"wpb_wrapper\"><div class=\"vc_row wpb_row vc_inner vc_row-fluid vc_row-o-content-middle vc_row-flex\"><div class=\"wpb_column vc_column_container vc_col-sm-2\/5 vc_col-xs-2\/5\"><div class=\"vc_column-inner\"><div class=\"wpb_wrapper\">\r\n\t<div class=\"wpb_text_column wpb_content_element\" >\r\n\t\t<div class=\"wpb_wrapper\">\r\n\t\t\t<p><img data-attachment-id=\"84\" data-permalink=\"https:\/\/global.hydroblok.com\/fr_ca\/warranty-icon-2\/\" data-orig-file=\"https:\/\/global.hydroblok.com\/wp-content\/uploads\/2021\/02\/warranty-icon-2.png\" data-orig-size=\"261,262\" data-comments-opened=\"0\" data-image-meta=\"{&quot;aperture&quot;:&quot;0&quot;,&quot;credit&quot;:&quot;&quot;,&quot;camera&quot;:&quot;&quot;,&quot;caption&quot;:&quot;&quot;,&quot;created_timestamp&quot;:&quot;0&quot;,&quot;copyright&quot;:&quot;&quot;,&quot;focal_length&quot;:&quot;0&quot;,&quot;iso&quot;:&quot;0&quot;,&quot;shutter_speed&quot;:&quot;0&quot;,&quot;title&quot;:&quot;&quot;,&quot;orientation&quot;:&quot;0&quot;}\" data-image-title=\"warranty-icon-2\" data-image-description=\"\" data-image-caption=\"\" data-medium-file=\"https:\/\/global.hydroblok.com\/wp-content\/uploads\/2021\/02\/warranty-icon-2.png\" data-large-file=\"https:\/\/global.hydroblok.com\/wp-content\/uploads\/2021\/02\/warranty-icon-2.png\" decoding=\"async\" class=\"alignnone wp-image-84 size-full\" src=\"\/wp-content\/uploads\/2021\/02\/warranty-icon-2.png\" alt=\"\" width=\"75\" srcset=\"https:\/\/global.hydroblok.com\/wp-content\/uploads\/2021\/02\/warranty-icon-2.png 261w, https:\/\/global.hydroblok.com\/wp-content\/uploads\/2021\/02\/warranty-icon-2-150x150.png 150w, https:\/\/global.hydroblok.com\/wp-content\/uploads\/2021\/02\/warranty-icon-2-10x10.png 10w, https:\/\/global.hydroblok.com\/wp-content\/uploads\/2021\/02\/warranty-icon-2-12x12.png 12w, https:\/\/global.hydroblok.com\/wp-content\/uploads\/2021\/02\/warranty-icon-2-100x100.png 100w, https:\/\/global.hydroblok.com\/wp-content\/uploads\/2021\/02\/warranty-icon-2-144x144.png 144w\" sizes=\"(max-width: 261px) 100vw, 261px\" title=\"\"><\/p>\n\r\n\t\t<\/div>\r\n\t<\/div>\r\n<\/div><\/div><\/div><div class=\"wpb_column vc_column_container vc_col-sm-3\/5 vc_col-xs-3\/5\"><div class=\"vc_column-inner\"><div class=\"wpb_wrapper\">\r\n\t<div class=\"wpb_text_column wpb_content_element\" >\r\n\t\t<div class=\"wpb_wrapper\">\r\n\t\t\t<h5>TRANQUILLIT\u00c9 D&#039;ESPRIT<\/h5>\n\r\n\t\t<\/div>\r\n\t<\/div>\r\n<\/div><\/div><\/div><\/div><div class=\"vc_row wpb_row vc_inner vc_row-fluid vc_row-o-content-middle vc_row-flex\"><div class=\"wpb_column vc_column_container vc_col-sm-2\/5 vc_col-xs-2\/5\"><div class=\"vc_column-inner\"><div class=\"wpb_wrapper\">\r\n\t<div class=\"wpb_text_column wpb_content_element\" >\r\n\t\t<div class=\"wpb_wrapper\">\r\n\t\t\t<p><img data-attachment-id=\"84\" data-permalink=\"https:\/\/global.hydroblok.com\/fr_ca\/warranty-icon-2\/\" data-orig-file=\"https:\/\/global.hydroblok.com\/wp-content\/uploads\/2021\/02\/warranty-icon-2.png\" data-orig-size=\"261,262\" data-comments-opened=\"0\" data-image-meta=\"{&quot;aperture&quot;:&quot;0&quot;,&quot;credit&quot;:&quot;&quot;,&quot;camera&quot;:&quot;&quot;,&quot;caption&quot;:&quot;&quot;,&quot;created_timestamp&quot;:&quot;0&quot;,&quot;copyright&quot;:&quot;&quot;,&quot;focal_length&quot;:&quot;0&quot;,&quot;iso&quot;:&quot;0&quot;,&quot;shutter_speed&quot;:&quot;0&quot;,&quot;title&quot;:&quot;&quot;,&quot;orientation&quot;:&quot;0&quot;}\" data-image-title=\"warranty-icon-2\" data-image-description=\"\" data-image-caption=\"\" data-medium-file=\"https:\/\/global.hydroblok.com\/wp-content\/uploads\/2021\/02\/warranty-icon-2.png\" data-large-file=\"https:\/\/global.hydroblok.com\/wp-content\/uploads\/2021\/02\/warranty-icon-2.png\" decoding=\"async\" class=\"alignnone wp-image-84 size-full\" src=\"\/wp-content\/uploads\/2021\/06\/HB_cash_shield_icon.png\" alt=\"\" width=\"75\" title=\"\"><\/p>\n\r\n\t\t<\/div>\r\n\t<\/div>\r\n<\/div><\/div><\/div><div class=\"wpb_column vc_column_container vc_col-sm-3\/5 vc_col-xs-3\/5\"><div class=\"vc_column-inner\"><div class=\"wpb_wrapper\">\r\n\t<div class=\"wpb_text_column wpb_content_element\" >\r\n\t\t<div class=\"wpb_wrapper\">\r\n\t\t\t<h5>VALEUR AJOUT\u00c9E<\/h5>\n\r\n\t\t<\/div>\r\n\t<\/div>\r\n<\/div><\/div><\/div><\/div><div class=\"vc_row wpb_row vc_inner vc_row-fluid vc_row-o-content-middle vc_row-flex\"><div class=\"wpb_column vc_column_container vc_col-sm-2\/5 vc_col-xs-2\/5\"><div class=\"vc_column-inner\"><div class=\"wpb_wrapper\">\r\n\t<div class=\"wpb_text_column wpb_content_element\" >\r\n\t\t<div class=\"wpb_wrapper\">\r\n\t\t\t<p><img data-attachment-id=\"84\" data-permalink=\"https:\/\/global.hydroblok.com\/fr_ca\/warranty-icon-2\/\" data-orig-file=\"https:\/\/global.hydroblok.com\/wp-content\/uploads\/2021\/02\/warranty-icon-2.png\" data-orig-size=\"261,262\" data-comments-opened=\"0\" data-image-meta=\"{&quot;aperture&quot;:&quot;0&quot;,&quot;credit&quot;:&quot;&quot;,&quot;camera&quot;:&quot;&quot;,&quot;caption&quot;:&quot;&quot;,&quot;created_timestamp&quot;:&quot;0&quot;,&quot;copyright&quot;:&quot;&quot;,&quot;focal_length&quot;:&quot;0&quot;,&quot;iso&quot;:&quot;0&quot;,&quot;shutter_speed&quot;:&quot;0&quot;,&quot;title&quot;:&quot;&quot;,&quot;orientation&quot;:&quot;0&quot;}\" data-image-title=\"warranty-icon-2\" data-image-description=\"\" data-image-caption=\"\" data-medium-file=\"https:\/\/global.hydroblok.com\/wp-content\/uploads\/2021\/02\/warranty-icon-2.png\" data-large-file=\"https:\/\/global.hydroblok.com\/wp-content\/uploads\/2021\/02\/warranty-icon-2.png\" decoding=\"async\" class=\"alignnone wp-image-84 size-full\" src=\"\/wp-content\/uploads\/2021\/06\/HB_home_shield_icon.png\" alt=\"\" width=\"75\" title=\"\"><\/p>\n\r\n\t\t<\/div>\r\n\t<\/div>\r\n<\/div><\/div><\/div><div class=\"wpb_column vc_column_container vc_col-sm-3\/5 vc_col-xs-3\/5\"><div class=\"vc_column-inner\"><div class=\"wpb_wrapper\">\r\n\t<div class=\"wpb_text_column wpb_content_element\" >\r\n\t\t<div class=\"wpb_wrapper\">\r\n\t\t\t<h5>PROTECTION DIRECTE<\/h5>\n\r\n\t\t<\/div>\r\n\t<\/div>\r\n<\/div><\/div><\/div><\/div><\/div><\/div><\/div><div class=\"gL-tl wpb_animate_when_almost_visible wpb_fadeIn fadeIn wpb_column vc_column_container vc_col-sm-4 vc_col-has-fill\"><div class=\"vc_column-inner vc_custom_1618508081975\"><div class=\"wpb_wrapper\">\r\n\t<div class=\"wpb_text_column wpb_content_element  vc_custom_1618426392115\" >\r\n\t\t<div class=\"wpb_wrapper\">\r\n\t\t\t<p><img data-attachment-id=\"315\" data-permalink=\"https:\/\/global.hydroblok.com\/fr_ca\/register-warranty-icon\/\" data-orig-file=\"https:\/\/global.hydroblok.com\/wp-content\/uploads\/2021\/03\/register-warranty-icon.png\" data-orig-size=\"262,262\" data-comments-opened=\"0\" data-image-meta=\"{&quot;aperture&quot;:&quot;0&quot;,&quot;credit&quot;:&quot;&quot;,&quot;camera&quot;:&quot;&quot;,&quot;caption&quot;:&quot;&quot;,&quot;created_timestamp&quot;:&quot;0&quot;,&quot;copyright&quot;:&quot;&quot;,&quot;focal_length&quot;:&quot;0&quot;,&quot;iso&quot;:&quot;0&quot;,&quot;shutter_speed&quot;:&quot;0&quot;,&quot;title&quot;:&quot;&quot;,&quot;orientation&quot;:&quot;0&quot;}\" data-image-title=\"register-warranty-icon\" data-image-description=\"\" data-image-caption=\"\" data-medium-file=\"https:\/\/global.hydroblok.com\/wp-content\/uploads\/2021\/03\/register-warranty-icon.png\" data-large-file=\"https:\/\/global.hydroblok.com\/wp-content\/uploads\/2021\/03\/register-warranty-icon.png\" decoding=\"async\" class=\"alignnone wp-image-315 size-full\" src=\"\/wp-content\/uploads\/2021\/03\/register-warranty-icon.png\" alt=\"\" width=\"100\" srcset=\"https:\/\/global.hydroblok.com\/wp-content\/uploads\/2021\/03\/register-warranty-icon.png 262w, https:\/\/global.hydroblok.com\/wp-content\/uploads\/2021\/03\/register-warranty-icon-150x150.png 150w, https:\/\/global.hydroblok.com\/wp-content\/uploads\/2021\/03\/register-warranty-icon-10x10.png 10w, https:\/\/global.hydroblok.com\/wp-content\/uploads\/2021\/03\/register-warranty-icon-12x12.png 12w, https:\/\/global.hydroblok.com\/wp-content\/uploads\/2021\/03\/register-warranty-icon-100x100.png 100w, https:\/\/global.hydroblok.com\/wp-content\/uploads\/2021\/03\/register-warranty-icon-144x144.png 144w\" sizes=\"(max-width: 262px) 100vw, 262px\" title=\"\"><\/p>\n<h3>Enregistrez votre garantie<\/h3>\n\r\n\t\t<\/div>\r\n\t<\/div>\r\n\r\n\t<div class=\"wpb_text_column wpb_content_element\" >\r\n\t\t<div class=\"wpb_wrapper\">\r\n\t\t\t<p>Merci d&#039;avoir choisi HYDRO-BLOK pour votre projet de douche. Pour \u00eatre \u00e9ligible \u00e0 la protection en vertu de notre garantie \u00e0 vie limit\u00e9e, nous vous demandons d&#039;enregistrer votre installation de douche aupr\u00e8s de nous. Vous aurez besoin de scans\/images de vos re\u00e7us pour vos produits HYDRO-BLOK pour compl\u00e9ter le processus d&#039;enregistrement.<\/p>\n<p><a class=\"btn btn-prim\" href=\"https:\/\/global.hydroblok.com\/fr_ca\/hydro-blok-lifetime-limited-warranty-registration\/\">Commencer <span class=\"arrw\">\u2192<\/span><\/a><\/p>\n\r\n\t\t<\/div>\r\n\t<\/div>\r\n<\/div><\/div><\/div><div class=\"gL-tl wpb_animate_when_almost_visible wpb_fadeIn fadeIn wpb_column vc_column_container vc_col-sm-4 vc_col-has-fill\"><div class=\"vc_column-inner vc_custom_1618508088319\"><div class=\"wpb_wrapper\">\r\n\t<div class=\"wpb_text_column wpb_content_element  vc_custom_1618426401827\" >\r\n\t\t<div class=\"wpb_wrapper\">\r\n\t\t\t<p><img data-attachment-id=\"302\" data-permalink=\"https:\/\/global.hydroblok.com\/fr_ca\/warranty-claim-icon\/\" data-orig-file=\"https:\/\/global.hydroblok.com\/wp-content\/uploads\/2021\/03\/warranty-claim-icon.png\" data-orig-size=\"262,262\" data-comments-opened=\"0\" data-image-meta=\"{&quot;aperture&quot;:&quot;0&quot;,&quot;credit&quot;:&quot;&quot;,&quot;camera&quot;:&quot;&quot;,&quot;caption&quot;:&quot;&quot;,&quot;created_timestamp&quot;:&quot;0&quot;,&quot;copyright&quot;:&quot;&quot;,&quot;focal_length&quot;:&quot;0&quot;,&quot;iso&quot;:&quot;0&quot;,&quot;shutter_speed&quot;:&quot;0&quot;,&quot;title&quot;:&quot;&quot;,&quot;orientation&quot;:&quot;0&quot;}\" data-image-title=\"warranty-claim-icon\" data-image-description=\"\" data-image-caption=\"\" data-medium-file=\"https:\/\/global.hydroblok.com\/wp-content\/uploads\/2021\/03\/warranty-claim-icon.png\" data-large-file=\"https:\/\/global.hydroblok.com\/wp-content\/uploads\/2021\/03\/warranty-claim-icon.png\" decoding=\"async\" class=\"alignnone size-full wp-image-302\" src=\"\/wp-content\/uploads\/2021\/03\/warranty-claim-icon.png\" alt=\"\" width=\"100\" srcset=\"https:\/\/global.hydroblok.com\/wp-content\/uploads\/2021\/03\/warranty-claim-icon.png 262w, https:\/\/global.hydroblok.com\/wp-content\/uploads\/2021\/03\/warranty-claim-icon-150x150.png 150w, https:\/\/global.hydroblok.com\/wp-content\/uploads\/2021\/03\/warranty-claim-icon-10x10.png 10w, https:\/\/global.hydroblok.com\/wp-content\/uploads\/2021\/03\/warranty-claim-icon-12x12.png 12w, https:\/\/global.hydroblok.com\/wp-content\/uploads\/2021\/03\/warranty-claim-icon-100x100.png 100w, https:\/\/global.hydroblok.com\/wp-content\/uploads\/2021\/03\/warranty-claim-icon-144x144.png 144w\" sizes=\"(max-width: 262px) 100vw, 262px\" title=\"\"><\/p>\n<h3>R\u00e9clamations de garantie<\/h3>\n\r\n\t\t<\/div>\r\n\t<\/div>\r\n\r\n\t<div class=\"wpb_text_column wpb_content_element\" >\r\n\t\t<div class=\"wpb_wrapper\">\r\n\t\t\t<p>Nous esp\u00e9rons que vous n&#039;aurez jamais \u00e0 vous retrouver dans une situation o\u00f9 vous devez nous contacter au sujet d&#039;une r\u00e9clamation au titre de la garantie. En cas de panne de votre syst\u00e8me de douche, veuillez contacter le bureau HYDRO-BLOK le plus proche (USA Ouest\/USA Est\/Canada).<\/p>\n<p><a class=\"btn btn-prim\" href=\"https:\/\/global.hydroblok.com\/fr_ca\/contact\/\">Nous contacter <span class=\"arrw\">\u2192<\/span><\/a><\/p>\n\r\n\t\t<\/div>\r\n\t<\/div>\r\n<\/div><\/div><\/div><\/div><\/div>\n<\/section>","protected":false},"excerpt":{"rendered":"La meilleure garantie \u00e0 vie de l&#039;industrie. Nous nous effor\u00e7ons de concevoir et de construire les meilleurs syst\u00e8mes de douche de la plan\u00e8te. Nous sommes obs\u00e9d\u00e9s par chaque aspect de la production et chaque mat\u00e9riau que nous choisissons [...]","protected":false},"author":7,"featured_media":0,"parent":0,"menu_order":0,"comment_status":"closed","ping_status":"closed","template":"page-v2.php","meta":[],"jetpack_sharing_enabled":true,"jetpack_shortlink":"https:\/\/wp.me\/PgwIK9-4L","jetpack_likes_enabled":true,"_links":{"self":[{"href":"https:\/\/global.hydroblok.com\/fr_ca\/wp-json\/wp\/v2\/pages\/295"}],"collection":[{"href":"https:\/\/global.hydroblok.com\/fr_ca\/wp-json\/wp\/v2\/pages"}],"about":[{"href":"https:\/\/global.hydroblok.com\/fr_ca\/wp-json\/wp\/v2\/types\/page"}],"author":[{"embeddable":true,"href":"https:\/\/global.hydroblok.com\/fr_ca\/wp-json\/wp\/v2\/users\/7"}],"replies":[{"embeddable":true,"href":"https:\/\/global.hydroblok.com\/fr_ca\/wp-json\/wp\/v2\/comments?post=295"}],"version-history":[{"count":30,"href":"https:\/\/global.hydroblok.com\/fr_ca\/wp-json\/wp\/v2\/pages\/295\/revisions"}],"predecessor-version":[{"id":6267,"href":"https:\/\/global.hydroblok.com\/fr_ca\/wp-json\/wp\/v2\/pages\/295\/revisions\/6267"}],"wp:attachment":[{"href":"https:\/\/global.hydroblok.com\/fr_ca\/wp-json\/wp\/v2\/media?parent=295"}],"curies":[{"name":"wp","href":"https:\/\/api.w.org\/{rel}","templated":true}]}}