{"id":3,"date":"2021-02-18T14:30:10","date_gmt":"2021-02-18T14:30:10","guid":{"rendered":"https:\/\/43686.cowlickdev.com\/?page_id=3"},"modified":"2024-09-27T17:11:43","modified_gmt":"2024-09-27T21:11:43","slug":"privacy-policy","status":"publish","type":"page","link":"https:\/\/global.hydroblok.com\/fr_ca\/privacy-policy\/","title":{"rendered":"Politique de confidentialit\u00e9"},"content":{"rendered":"<section class=\"wpb-content-wrapper\"><div class=\"vc_row wpb_row vc_row-fluid\"><div class=\"inner_cont\"><div class=\"wpb_column vc_column_container vc_col-sm-12\"><div class=\"vc_column-inner\"><div class=\"wpb_wrapper\">\r\n\t<div class=\"wpb_text_column wpb_content_element\" >\r\n\t\t<div class=\"wpb_wrapper\">\r\n\t\t\t<h2>CONFIDENTIALIT\u00c9 ET CONDITIONS D&#039;UTILISATION<\/h2>\n<h5>Updated September 2024<\/h5>\n<p>This Privacy Policy describes how your personal information is collected, used, and shared when you visit or make a purchase from global.hydroblok.com (the \u201cSite\u201d).<\/p>\n<h4>INFORMATIONS PERSONNELLES QUE NOUS COLLECTONS<\/h4>\n<p>Lorsque vous visitez le Site, nous collectons automatiquement certaines informations sur votre appareil, notamment des informations sur votre navigateur Web, votre adresse IP, votre fuseau horaire et certains des cookies install\u00e9s sur votre appareil. De plus, lorsque vous naviguez sur le Site, nous recueillons des informations sur les pages Web individuelles ou les produits que vous consultez, les sites Web ou les termes de recherche qui vous ont r\u00e9f\u00e9r\u00e9 au Site et des informations sur la fa\u00e7on dont vous interagissez avec le Site. Nous appelons ces informations collect\u00e9es automatiquement \u00ab\u00a0Informations sur l&#039;appareil\u00a0\u00bb.<\/p>\n<p>Nous collectons des informations sur l&#039;appareil \u00e0 l&#039;aide des technologies suivantes : \u2013 Les \u00ab\u00a0cookies\u00a0\u00bb sont des fichiers de donn\u00e9es qui sont plac\u00e9s sur votre appareil ou votre ordinateur et incluent souvent un identifiant unique anonyme. Pour plus d&#039;informations sur les cookies et comment d\u00e9sactiver les cookies, visitez http:\/\/www.allaboutcookies.org. \u2013 Les \u00ab\u00a0fichiers journaux\u00a0\u00bb suivent les actions se produisant sur le site et collectent des donn\u00e9es, notamment votre adresse IP, le type de navigateur, le fournisseur de services Internet, les pages de renvoi\/de sortie et les horodatages.<\/p>\n<p>De plus, lorsque vous enregistrez votre garantie ou soumettez des informations via le Site, nous collectons certaines informations vous concernant, notamment votre nom, votre adresse de facturation, votre adresse de livraison, votre adresse e-mail et votre num\u00e9ro de t\u00e9l\u00e9phone. Nous appelons ces informations \u00ab\u00a0Coordonn\u00e9es\u00a0\u00bb.<\/p>\n<p>Lorsque nous parlons de \u00ab\u00a0Informations personnelles\u00a0\u00bb dans cette politique de confidentialit\u00e9, nous parlons \u00e0 la fois des informations sur l&#039;appareil et des informations de contact.<\/p>\n<h4>COMMENT UTILISONS-NOUS VOS INFORMATIONS PERSONNELLES ?<\/h4>\n<p>Nous utilisons les informations de contact que nous collectons pour enregistrer votre garantie ou r\u00e9pondre \u00e0 une demande de contact. De plus, nous utilisons ces informations de contact pour : \u2013 Communiquer avec vous concernant votre demande\/garantie ; et \u2013 Lorsque vous choisissez sp\u00e9cifiquement de recevoir notre liste de diffusion par e-mail, vous fournir des informations ou des publicit\u00e9s relatives \u00e0 nos produits ou services.<\/p>\n<p>Nous utilisons les informations sur l&#039;appareil que nous collectons pour nous aider \u00e0 d\u00e9tecter les risques potentiels et la fraude (en particulier, votre adresse IP), et plus g\u00e9n\u00e9ralement pour am\u00e9liorer et optimiser notre site (par exemple, en g\u00e9n\u00e9rant des analyses sur la fa\u00e7on dont nos clients naviguent et interagissent avec le Site, et d&#039;\u00e9valuer le succ\u00e8s de nos campagnes marketing et publicitaires).<\/p>\n<h4>PARTAGE DE VOS INFORMATIONS PERSONNELLES<\/h4>\n<p>Nous utilisons Google Analytics pour nous aider \u00e0 comprendre comment nos clients utilisent le Site \u2014 vous pouvez en savoir plus sur la fa\u00e7on dont Google utilise vos Informations personnelles ici : https:\/\/www.google.com\/intl\/en\/policies\/privacy\/. Vous pouvez \u00e9galement vous d\u00e9sinscrire de Google Analytics ici : https:\/\/tools.google.com\/dlpage\/gaoptout.<\/p>\n<p>Enfin, nous pouvons \u00e9galement partager vos informations de contact pour nous conformer aux lois et r\u00e9glementations applicables, pour r\u00e9pondre \u00e0 une citation \u00e0 compara\u00eetre, \u00e0 un mandat de perquisition ou \u00e0 toute autre demande l\u00e9gale d&#039;informations que nous recevons, ou pour prot\u00e9ger nos droits d&#039;une autre mani\u00e8re.<\/p>\n<h4>NE PAS SUIVRE<\/h4>\n<p>Veuillez noter que nous ne modifions pas les pratiques de collecte et d&#039;utilisation des donn\u00e9es de notre site lorsque nous voyons un signal Ne pas suivre de votre navigateur.<\/p>\n<h4>TES DROITS<\/h4>\n<p>If you are a European resident, you have the right to access personal information we hold about you and to ask that your personal information be corrected, updated, or deleted. If you would like to exercise this right, please contact us through <a href=\"https:\/\/global.hydroblok.com\/fr_ca\/gdpr-data-request-form\/\">GDPR Data Request Form<\/a>.<\/p>\n<p>Additionally, if you are a European resident we note that we are processing your information in order to fulfill contracts we might have with you (for example if you have an inquiry or make an order through the Site), or otherwise to pursue our legitimate business interests listed above. Additionally, please note that your information might be transferred outside of Europe, including to our servers in United States and any 3rd party providers as described above in the United States.<\/p>\n<h4>LA CONSERVATION DES DONN\u00c9ES<\/h4>\n<p>Lorsque vous enregistrez votre garantie ou nous contactez via le site, nous conserverons vos informations de commande pour nos dossiers \u00e0 moins et jusqu&#039;\u00e0 ce que vous nous demandiez de supprimer ces informations.<\/p>\n<h4>CHANGEMENTS<\/h4>\n<p>Nous pouvons mettre \u00e0 jour cette politique de confidentialit\u00e9 de temps \u00e0 autre afin de refl\u00e9ter, par exemple, des changements dans nos pratiques ou pour d&#039;autres raisons op\u00e9rationnelles, l\u00e9gales ou r\u00e9glementaires.<\/p>\n<h4>NOUS CONTACTER<\/h4>\n<p>For more information about our privacy practices, if you have questions, or if you would like to make a complaint, please contact us by e\u2011mail at <a href=\"mailto:webmaster@hydroblok.com\">webmaster@hydroblok.com<\/a> or via <a href=\"https:\/\/global.hydroblok.com\/fr_ca\/contact\/\">our contact page<\/a>.<\/p>\n\r\n\t\t<\/div>\r\n\t<\/div>\r\n<\/div><\/div><\/div><\/div><\/div><\/section>","protected":false},"excerpt":{"rendered":"PRIVACY &amp; TERMS OF USE Updated September 2024 This Privacy Policy describes how your personal information is collected, used, and shared when you visit or make a purchase from global.hydroblok.com [...]","protected":false},"author":7,"featured_media":0,"parent":0,"menu_order":0,"comment_status":"closed","ping_status":"closed","template":"page-v2.php","meta":[],"jetpack_sharing_enabled":true,"jetpack_shortlink":"https:\/\/wp.me\/PgwIK9-3","jetpack_likes_enabled":true,"_links":{"self":[{"href":"https:\/\/global.hydroblok.com\/fr_ca\/wp-json\/wp\/v2\/pages\/3"}],"collection":[{"href":"https:\/\/global.hydroblok.com\/fr_ca\/wp-json\/wp\/v2\/pages"}],"about":[{"href":"https:\/\/global.hydroblok.com\/fr_ca\/wp-json\/wp\/v2\/types\/page"}],"author":[{"embeddable":true,"href":"https:\/\/global.hydroblok.com\/fr_ca\/wp-json\/wp\/v2\/users\/7"}],"replies":[{"embeddable":true,"href":"https:\/\/global.hydroblok.com\/fr_ca\/wp-json\/wp\/v2\/comments?post=3"}],"version-history":[{"count":8,"href":"https:\/\/global.hydroblok.com\/fr_ca\/wp-json\/wp\/v2\/pages\/3\/revisions"}],"predecessor-version":[{"id":9655,"href":"https:\/\/global.hydroblok.com\/fr_ca\/wp-json\/wp\/v2\/pages\/3\/revisions\/9655"}],"wp:attachment":[{"href":"https:\/\/global.hydroblok.com\/fr_ca\/wp-json\/wp\/v2\/media?parent=3"}],"curies":[{"name":"wp","href":"https:\/\/api.w.org\/{rel}","templated":true}]}}