{"id":4698,"date":"2021-05-20T16:45:01","date_gmt":"2021-05-20T20:45:01","guid":{"rendered":"https:\/\/global.hydroblok.com\/?page_id=4698"},"modified":"2022-05-09T23:12:18","modified_gmt":"2022-05-10T03:12:18","slug":"hydro-blok-lifetime-limited-warranty","status":"publish","type":"page","link":"https:\/\/global.hydroblok.com\/fr_ca\/hydro-blok-lifetime-limited-warranty\/","title":{"rendered":"Garantie \u00e0 vie limit\u00e9e HYDRO-BLOK"},"content":{"rendered":"<section class=\"wpb-content-wrapper\"><div class=\"vc_row wpb_row vc_row-fluid vc_custom_1616521607756 vc_row-has-fill vc_row-o-content-middle vc_row-flex\"><div class=\"inner_cont\"><div class=\"wpb_column vc_column_container vc_col-sm-4\"><div class=\"vc_column-inner\"><div class=\"wpb_wrapper\">\r\n\t<div class=\"wpb_text_column wpb_content_element\" >\r\n\t\t<div class=\"wpb_wrapper\">\r\n\t\t\t<h1 style=\"color: #fff;\">Garantie \u00e0 vie limit\u00e9e HYDRO-BLOK<\/h1>\n\r\n\t\t<\/div>\r\n\t<\/div>\r\n<div class=\"vc_row wpb_row vc_inner vc_row-fluid\"><div class=\"wpb_column vc_column_container vc_col-sm-6\"><div class=\"vc_column-inner\"><div class=\"wpb_wrapper\"><\/div><\/div><\/div><div class=\"wpb_column vc_column_container vc_col-sm-6\"><div class=\"vc_column-inner\"><div class=\"wpb_wrapper\"><\/div><\/div><\/div><\/div><\/div><\/div><\/div><div class=\"wpb_column vc_column_container vc_col-sm-4\"><div class=\"vc_column-inner\"><div class=\"wpb_wrapper\">\r\n\t<div class=\"wpb_text_column wpb_content_element\" >\r\n\t\t<div class=\"wpb_wrapper\">\r\n\t\t\t<p><a href=\"\/wp-content\/uploads\/2021\/01\/HB_January11_Lifetime_Warranty_1000px.png\"><img data-attachment-id=\"4101\" data-permalink=\"https:\/\/global.hydroblok.com\/fr_ca\/hydro-blok-lifetime-limited-warranty\/hb_january11_lifetime_warranty_1000px\/\" data-orig-file=\"https:\/\/global.hydroblok.com\/wp-content\/uploads\/2021\/01\/HB_January11_Lifetime_Warranty_1000px.png\" data-orig-size=\"1000,828\" data-comments-opened=\"0\" data-image-meta=\"{&quot;aperture&quot;:&quot;0&quot;,&quot;credit&quot;:&quot;&quot;,&quot;camera&quot;:&quot;&quot;,&quot;caption&quot;:&quot;&quot;,&quot;created_timestamp&quot;:&quot;0&quot;,&quot;copyright&quot;:&quot;&quot;,&quot;focal_length&quot;:&quot;0&quot;,&quot;iso&quot;:&quot;0&quot;,&quot;shutter_speed&quot;:&quot;0&quot;,&quot;title&quot;:&quot;&quot;,&quot;orientation&quot;:&quot;0&quot;}\" data-image-title=\"HB_January11_Lifetime_Warranty_1000px\" data-image-description=\"\" data-image-caption=\"\" data-medium-file=\"https:\/\/global.hydroblok.com\/wp-content\/uploads\/2021\/01\/HB_January11_Lifetime_Warranty_1000px-300x248.png\" data-large-file=\"https:\/\/global.hydroblok.com\/wp-content\/uploads\/2021\/01\/HB_January11_Lifetime_Warranty_1000px.png\" decoding=\"async\" loading=\"lazy\" class=\"alignnone size-medium wp-image-4101\" src=\"\/wp-content\/uploads\/2021\/01\/HB_January11_Lifetime_Warranty_1000px-300x248.png\" alt=\"\" width=\"300\" height=\"248\" srcset=\"https:\/\/global.hydroblok.com\/wp-content\/uploads\/2021\/01\/HB_January11_Lifetime_Warranty_1000px-300x248.png 300w, https:\/\/global.hydroblok.com\/wp-content\/uploads\/2021\/01\/HB_January11_Lifetime_Warranty_1000px-768x636.png 768w, https:\/\/global.hydroblok.com\/wp-content\/uploads\/2021\/01\/HB_January11_Lifetime_Warranty_1000px-600x497.png 600w, https:\/\/global.hydroblok.com\/wp-content\/uploads\/2021\/01\/HB_January11_Lifetime_Warranty_1000px-900x745.png 900w, https:\/\/global.hydroblok.com\/wp-content\/uploads\/2021\/01\/HB_January11_Lifetime_Warranty_1000px-14x12.png 14w, https:\/\/global.hydroblok.com\/wp-content\/uploads\/2021\/01\/HB_January11_Lifetime_Warranty_1000px.png 1000w\" sizes=\"(max-width: 300px) 100vw, 300px\" title=\"\"><\/a><\/p>\n\r\n\t\t<\/div>\r\n\t<\/div>\r\n<\/div><\/div><\/div><div class=\"wpb_column vc_column_container vc_col-sm-4\"><div class=\"vc_column-inner\"><div class=\"wpb_wrapper\">\r\n\t<div class=\"wpb_text_column wpb_content_element\" >\r\n\t\t<div class=\"wpb_wrapper\">\r\n\t\t\t<p><img data-attachment-id=\"167\" data-permalink=\"https:\/\/global.hydroblok.com\/fr_ca\/hbad-icon\/\" data-orig-file=\"https:\/\/global.hydroblok.com\/wp-content\/uploads\/2021\/03\/hbad-icon.png\" data-orig-size=\"340,340\" data-comments-opened=\"0\" data-image-meta=\"{&quot;aperture&quot;:&quot;0&quot;,&quot;credit&quot;:&quot;&quot;,&quot;camera&quot;:&quot;&quot;,&quot;caption&quot;:&quot;&quot;,&quot;created_timestamp&quot;:&quot;0&quot;,&quot;copyright&quot;:&quot;&quot;,&quot;focal_length&quot;:&quot;0&quot;,&quot;iso&quot;:&quot;0&quot;,&quot;shutter_speed&quot;:&quot;0&quot;,&quot;title&quot;:&quot;&quot;,&quot;orientation&quot;:&quot;0&quot;}\" data-image-title=\"hbad-icon\" data-image-description=\"\" data-image-caption=\"\" data-medium-file=\"https:\/\/global.hydroblok.com\/wp-content\/uploads\/2021\/03\/hbad-icon-300x300.png\" data-large-file=\"https:\/\/global.hydroblok.com\/wp-content\/uploads\/2021\/03\/hbad-icon.png\" decoding=\"async\" class=\"alignnone wp-image-167 size-thumbnail\" src=\"\/wp-content\/uploads\/2021\/03\/hbad-icon-150x150.png\" alt=\"\" width=\"60\" srcset=\"https:\/\/global.hydroblok.com\/wp-content\/uploads\/2021\/03\/hbad-icon-150x150.png 150w, https:\/\/global.hydroblok.com\/wp-content\/uploads\/2021\/03\/hbad-icon-300x300.png 300w, https:\/\/global.hydroblok.com\/wp-content\/uploads\/2021\/03\/hbad-icon-10x10.png 10w, https:\/\/global.hydroblok.com\/wp-content\/uploads\/2021\/03\/hbad-icon-12x12.png 12w, https:\/\/global.hydroblok.com\/wp-content\/uploads\/2021\/03\/hbad-icon-100x100.png 100w, https:\/\/global.hydroblok.com\/wp-content\/uploads\/2021\/03\/hbad-icon-144x144.png 144w, https:\/\/global.hydroblok.com\/wp-content\/uploads\/2021\/03\/hbad-icon.png 340w\" sizes=\"(max-width: 150px) 100vw, 150px\" title=\"\"><\/p>\n<h4 style=\"color: #fff;\">Besoin d&#039;enregistrer votre achat\/installation\u00a0?<\/h4>\n<p style=\"color: #fff;\">Vous devez enregistrer votre installation pour valider votre garantie \u00e0 vie limit\u00e9e HYDRO-BLOK. <a href=\"#\">Cliquez ici pour enregistrer votre installation<\/a>.<\/p>\n\r\n\t\t<\/div>\r\n\t<\/div>\r\n<\/div><\/div><\/div><\/div><\/div><div class=\"vc_row wpb_row vc_row-fluid mgy-top-third vc_custom_1621547095718 vc_row-has-fill\"><div class=\"inner_cont\"><div class=\"wpb_column vc_column_container vc_col-sm-12 vc_col-has-fill\"><div class=\"vc_column-inner vc_custom_1621536819184\"><div class=\"wpb_wrapper\"><div class=\"vc_row wpb_row vc_inner vc_row-fluid\"><div class=\"wpb_column vc_column_container vc_col-sm-12\"><div class=\"vc_column-inner\"><div class=\"wpb_wrapper\"><p style='text-align: left;'><a class='btn btn-prim' href='http:\/\/global.hydroblok.com\/wp-content\/uploads\/2021\/01\/HYDRO-BLOK_Lifetime_Warranty_J1121.pdf' target='_blank'>T\u00c9L\u00c9CHARGER LE PDF<\/a><\/p><\/div><\/div><\/div><\/div><div class=\"vc_separator wpb_content_element vc_separator_align_center vc_sep_width_100 vc_sep_pos_align_center vc_separator_no_text vc_sep_color_grey\" ><span class=\"vc_sep_holder vc_sep_holder_l\"><span class=\"vc_sep_line\"><\/span><\/span><span class=\"vc_sep_holder vc_sep_holder_r\"><span class=\"vc_sep_line\"><\/span><\/span>\n<\/div>\r\n\t<div class=\"wpb_text_column wpb_content_element\" >\r\n\t\t<div class=\"wpb_wrapper\">\r\n\t\t\t<h4><strong>SYST\u00c8ME DE DOUCHE HYDRO-BLOK Garantie \u00e0 VIE limit\u00e9e \u2013 R\u00e9vis\u00e9e en janvier 2021<\/strong><\/h4>\n<p><strong>COUVERTURE DE LA GARANTIE LIMIT\u00c9E\u00a0: <\/strong><\/p>\n<p>Sous r\u00e9serve des conditions et limitations \u00e9nonc\u00e9es ci-dessous, Hydroblok Grand International Inc. et Hydro-Blok Canada Inc. (\u00ab Hydro-Blok \u00bb) garantit que tous ses produits \u00e0 base de mousse, ses produits de drainage et ses produits d&#039;\u00e9tanch\u00e9it\u00e9 seront exempts de tout d\u00e9faut de fabrication, et ne se d\u00e9t\u00e9riorera pas ou ne se d\u00e9composera pas dans des conditions normales d&#039;utilisation PENDANT LA DUR\u00c9E DE VIE DES PRODUITS \u00e0 compter de la date d&#039;achat lorsque le produit est utilis\u00e9 et install\u00e9 conform\u00e9ment aux sp\u00e9cifications \u00e9crites des fiches techniques, des instructions et des directives standard de l&#039;industrie d&#039;Hydro-Blok. Le propri\u00e9taire doit remplir et soumettre l&#039;enregistrement \u00e0 Hydro-Blok, disponible sur global.hydroblok.com, ou soumettre une preuve d&#039;achat et des informations d&#039;installation (y compris la date d&#039;installation, le nom et l&#039;adresse de l&#039;installateur) \u00e0 Hydro-Blok \u00e0 l&#039;adresse fournie ci-apr\u00e8s dans les soixante ( 60) jours d&#039;installation.<\/p>\n<p><strong>R\u00c9SOLUTION EXCLUSIVE\u00a0: <\/strong><\/p>\n<p>Si le produit est install\u00e9 en tant que syst\u00e8me et ne respecte pas cette garantie, le recours exclusif du propri\u00e9taire et la seule obligation d&#039;Hydro-book est de payer pour le remplacement de ses propres produits et le remplacement des mat\u00e9riaux de finition, ainsi que l&#039;installation de remplacement. Hydro-Blok ne paiera pas plus pour le remplacement, calcul\u00e9 au pied carr\u00e9, que le prix d&#039;achat original de la portion remplac\u00e9e. Hydro-Blok ne paiera pas pour le remplacement de toute partie de l&#039;installation qui ne s&#039;av\u00e8re pas d\u00e9fectueuse. L&#039;efflorescence est quelque chose qui provient de mat\u00e9riaux \u00e0 base de ciment et n&#039;est pas consid\u00e9r\u00e9e comme une condition d\u00e9fectueuse et donc non couverte par cette garantie.<\/p>\n<p><strong>CLAUSE DE NON-RESPONSABILIT\u00c9: <\/strong><\/p>\n<p>Il n&#039;y a aucune garantie au-del\u00e0 de cette garantie exprim\u00e9e comme indiqu\u00e9 ci-dessus. Toutes les autres garanties, repr\u00e9sentations ou conditions, expresses ou implicites, sont rejet\u00e9es et exclues, y compris les garanties, repr\u00e9sentations ou conditions de qualit\u00e9 marchande ou d&#039;ad\u00e9quation \u00e0 un usage particulier d\u00e9coulant de la loi ou autrement par la loi ou d&#039;un cours ou d&#039;un usage commercial. Cette garantie remplace toute autre garantie expresse ou implicite. Les recours contenus dans le pr\u00e9sent document sont les seuls recours disponibles en cas de violation de cette garantie. Cette garantie limit\u00e9e vous donne des droits l\u00e9gaux sp\u00e9cifiques. Certaines provinces et certains \u00c9tats n&#039;autorisent pas les avis de non-responsabilit\u00e9 ou autres restrictions de garanties implicites, de sorte que certains des avis de non-responsabilit\u00e9 ci-dessus peuvent ne pas s&#039;appliquer \u00e0 vous.<\/p>\n<p><strong>EXCLU : <\/strong><\/p>\n<p>Hydro-Blok ne garantit que l&#039;acheteur ou le propri\u00e9taire original et ne permet pas que cette garantie limit\u00e9e soit transf\u00e9r\u00e9e ou attribu\u00e9e \u00e0 un nouvel utilisateur final ou propri\u00e9taire. Hydro-Blok n&#039;est pas responsable de tout travail non conforme aux instructions d&#039;installation fournies par Hydro-Blok. et les directives des normes de construction de l&#039;industrie. Hydro-Blok n&#039;assumera aucune responsabilit\u00e9 en cas de pertes de profits, de pertes dues \u00e0 des retards ou de tout autre dommage indirect ou cons\u00e9cutif d\u00e9coulant de la liste suivante\u00a0:<\/p>\n<p>a) Les dommages provenant de tout ce qui est li\u00e9 au produit ou aux mat\u00e9riaux dont il fait partie<br \/>\nb) Toute p\u00e9n\u00e9tration ou destruction intentionnelle ou non intentionnelle du syst\u00e8me<br \/>\nc) Dommages caus\u00e9s par un mouvement structurel excessif ou une d\u00e9flexion<br \/>\nd) Force majeure, guerre ou terrorisme<br \/>\ne) Incendie et explosions<br \/>\nf) Toute mauvaise utilisation des produits \u00e0 tout moment pendant le processus d&#039;installation<br \/>\ng) Toutes installations ou applications ext\u00e9rieures, industrielles ou immerg\u00e9es.<\/p>\n<p><strong>COMMENT FAIRE UNE R\u00c9CLAMATION : <\/strong><\/p>\n<p>Pour faire une r\u00e9clamation en vertu de cette garantie \u00e0 vie limit\u00e9e, l&#039;acheteur ou le propri\u00e9taire d&#039;origine doit aviser Hydro-Blok. par email \u00e0 <a href=\"mailto:sales@hydroblok.com\">sales@hydroblok.com<\/a> dans les 30 jours suivant toute pr\u00e9occupation ou probl\u00e8me de d\u00e9faut de fabrication. Avec l&#039;avis \u00e9crit, l&#039;utilisateur final doit \u00e9galement fournir la preuve d&#039;achat originale compl\u00e8te avec la date et tous les produits achet\u00e9s, ainsi que tous les co\u00fbts li\u00e9s \u00e0 l&#039;installation. Hydro-Blok. se r\u00e9serve le droit d&#039;inspecter l&#039;installation d&#039;origine et\/ou de demander des preuves photographiques comme condition de cette garantie limit\u00e9e afin de justifier chaque r\u00e9clamation.<\/p>\n<p><strong>INFORMATIONS TECHNIQUES: <\/strong><\/p>\n<p>L&#039;assistance technique et les informations sont disponibles en ligne sur global.hydroblok.com ou en appelant :<\/p>\n<p><strong>Sans frais : (844) 588-9559<\/strong><\/p>\n<p>Cette garantie \u00e0 vie limit\u00e9e est r\u00e9gie par les lois de l&#039;\u00c9tat du Nevada aux \u00c9tats-Unis et de la province de l&#039;Ontario au Canada. Toute r\u00e9clamation au titre de la garantie sera approuv\u00e9e et fournie par le service des r\u00e9clamations au titre de la garantie d&#039;Hydroblok Grand International Inc. uniquement.<\/p>\n<p>Hydro-Blok Grand International Inc (\u00c9tats-Unis). Tous les droits sont r\u00e9serv\u00e9s<\/p>\n<p>Hydroblok Canada Inc. (Canada). Tous les droits sont r\u00e9serv\u00e9s<\/p>\n<p>&nbsp;<\/p>\n<p>&nbsp;<\/p>\n\r\n\t\t<\/div>\r\n\t<\/div>\r\n<\/div><\/div><\/div><\/div><\/div>\n<\/section>","protected":false},"excerpt":{"rendered":"Garantie \u00e0 vie limit\u00e9e HYDRO-BLOK Besoin d&#039;enregistrer votre achat\/installation ? Vous devez enregistrer votre installation pour valider votre garantie \u00e0 vie limit\u00e9e HYDRO-BLOK. Cliquez ici pour enregistrer votre installation. T\u00c9L\u00c9CHARGER LE PDF HYDRO-BLOK [...]","protected":false},"author":8,"featured_media":0,"parent":0,"menu_order":0,"comment_status":"closed","ping_status":"closed","template":"","meta":[],"jetpack_sharing_enabled":true,"jetpack_shortlink":"https:\/\/wp.me\/PgwIK9-1dM","jetpack_likes_enabled":true,"_links":{"self":[{"href":"https:\/\/global.hydroblok.com\/fr_ca\/wp-json\/wp\/v2\/pages\/4698"}],"collection":[{"href":"https:\/\/global.hydroblok.com\/fr_ca\/wp-json\/wp\/v2\/pages"}],"about":[{"href":"https:\/\/global.hydroblok.com\/fr_ca\/wp-json\/wp\/v2\/types\/page"}],"author":[{"embeddable":true,"href":"https:\/\/global.hydroblok.com\/fr_ca\/wp-json\/wp\/v2\/users\/8"}],"replies":[{"embeddable":true,"href":"https:\/\/global.hydroblok.com\/fr_ca\/wp-json\/wp\/v2\/comments?post=4698"}],"version-history":[{"count":24,"href":"https:\/\/global.hydroblok.com\/fr_ca\/wp-json\/wp\/v2\/pages\/4698\/revisions"}],"predecessor-version":[{"id":7060,"href":"https:\/\/global.hydroblok.com\/fr_ca\/wp-json\/wp\/v2\/pages\/4698\/revisions\/7060"}],"wp:attachment":[{"href":"https:\/\/global.hydroblok.com\/fr_ca\/wp-json\/wp\/v2\/media?parent=4698"}],"curies":[{"name":"wp","href":"https:\/\/api.w.org\/{rel}","templated":true}]}}