{"id":5309,"date":"2021-06-21T18:45:12","date_gmt":"2021-06-21T22:45:12","guid":{"rendered":"https:\/\/global.hydroblok.com\/?page_id=5309"},"modified":"2023-07-14T17:56:35","modified_gmt":"2023-07-14T21:56:35","slug":"hydro-blok-project-submission","status":"publish","type":"page","link":"https:\/\/global.hydroblok.com\/fr_ca\/hydro-blok-project-submission\/","title":{"rendered":"Soumission de projet HYDRO-BLOK"},"content":{"rendered":"<section class=\"wpb-content-wrapper\"><div class=\"vc_row wpb_row vc_row-fluid vc_custom_1616521607756 vc_row-has-fill vc_row-o-content-middle vc_row-flex\"><div class=\"inner_cont\"><div class=\"wpb_column vc_column_container vc_col-sm-3\"><div class=\"vc_column-inner\"><div class=\"wpb_wrapper\">\r\n\t<div class=\"wpb_text_column wpb_content_element\" >\r\n\t\t<div class=\"wpb_wrapper\">\r\n\t\t\t<h1 style=\"color: #fff;\">Soumission de projet HYDRO-BLOK<\/h1>\n\r\n\t\t<\/div>\r\n\t<\/div>\r\n<\/div><\/div><\/div><div class=\"wpb_column vc_column_container vc_col-sm-2\"><div class=\"vc_column-inner\"><div class=\"wpb_wrapper\"><\/div><\/div><\/div><div class=\"wpb_column vc_column_container vc_col-sm-7\"><div class=\"vc_column-inner\"><div class=\"wpb_wrapper\"><div class=\"vc_row wpb_row vc_inner vc_row-fluid\"><div class=\"wpb_column vc_column_container vc_col-sm-6\"><div class=\"vc_column-inner\"><div class=\"wpb_wrapper\">\r\n\t<div class=\"wpb_text_column wpb_content_element  wpb_animate_when_almost_visible wpb_fadeInDown fadeInDown\" >\r\n\t\t<div class=\"wpb_wrapper\">\r\n\t\t\t<h4 style=\"color: #fff;\">Nous voulons voir votre projet!<\/h4>\n<p style=\"color: #fff;\">Nous sommes toujours int\u00e9ress\u00e9s de voir ce que les propri\u00e9taires et les entrepreneurs font avec les produits HYDRO-BLOK. Ajoutez votre projet ci-dessous et voyez votre douche HYDRO-BLOK dans notre galerie de projets. Entrepreneurs, veuillez vous assurer d&#039;avoir l&#039;autorisation du propri\u00e9taire.<\/p>\n\r\n\t\t<\/div>\r\n\t<\/div>\r\n<\/div><\/div><\/div><div class=\"wpb_column vc_column_container vc_col-sm-6\"><div class=\"vc_column-inner\"><div class=\"wpb_wrapper\">\r\n\t<div class=\"wpb_text_column wpb_content_element  wpb_animate_when_almost_visible wpb_fadeInDown fadeInDown\" >\r\n\t\t<div class=\"wpb_wrapper\">\r\n\t\t\t<h4 style=\"color: #fff;\">Conseils pour les photographies<\/h4>\n<p style=\"color: #fff;\">Prenez vos photos de douche pendant la journ\u00e9e pour maximiser la quantit\u00e9 de lumi\u00e8re. Retirez si possible les effets personnels tels que le shampoing et les serviettes. Les photos en cours sont les bienvenues, mais assurez-vous de suivre les instructions d&#039;installation recommand\u00e9es ou nous ne pouvons pas publier votre photo.<\/p>\n\r\n\t\t<\/div>\r\n\t<\/div>\r\n<\/div><\/div><\/div><\/div><\/div><\/div><\/div><\/div><\/div><div class=\"vc_row wpb_row vc_row-fluid mgy-top-third vc_custom_1621547126277 vc_row-has-fill\"><div class=\"inner_cont\"><div class=\"wpb_column vc_column_container vc_col-sm-12 vc_col-has-fill\"><div class=\"vc_column-inner vc_custom_1621536819184\"><div class=\"wpb_wrapper\">\r\n\t<div class=\"wpb_text_column wpb_content_element\" >\r\n\t\t<div class=\"wpb_wrapper\">\r\n\t\t\t<div class=\"wpforms-container wpforms-container-full\" id=\"wpforms-5308\"><form id=\"wpforms-form-5308\" class=\"wpforms-validate wpforms-form\" data-formid=\"5308\" method=\"post\" enctype=\"multipart\/form-data\" action=\"\/fr_ca\/wp-json\/wp\/v2\/pages\/5309?wpforms_form_id=5308\" data-token=\"861d63aa6138e454c70c5255d594ceed\" data-trp-original-action=\"\/fr_ca\/wp-json\/wp\/v2\/pages\/5309?wpforms_form_id=5308\"><noscript class=\"wpforms-error-noscript\" data-no-translation=\"\" data-trp-gettext=\"\">Veuillez activer JavaScript dans votre navigateur pour remplir ce formulaire.<\/noscript><div class=\"wpforms-field-container\"><div id=\"wpforms-5308-field_6-container\" class=\"wpforms-field wpforms-field-divider\" data-field-id=\"6\"><h3 id=\"wpforms-5308-field_6\" name=\"wpforms[fields][6]\">VOS D\u00c9TAILS<\/h3><div class=\"wpforms-field-description\">Votre nom, organisation et e-mail ne seront pas publi\u00e9s sur notre site Web ni utilis\u00e9s pour des e-mails non sollicit\u00e9s.<\/div><\/div><div id=\"wpforms-5308-field_1-container\" class=\"wpforms-field wpforms-field-text\" data-field-id=\"1\"><label class=\"wpforms-field-label\" for=\"wpforms-5308-field_1\">votre nom <span class=\"wpforms-required-label\">*<\/span><\/label><input type=\"text\" id=\"wpforms-5308-field_1\" class=\"wpforms-field-medium wpforms-field-required\" name=\"wpforms[fields][1]\" required><\/div><div id=\"wpforms-5308-field_19-container\" class=\"wpforms-field wpforms-field-text\" data-field-id=\"19\"><label class=\"wpforms-field-label\" for=\"wpforms-5308-field_19\">Emplacement <span class=\"wpforms-required-label\">*<\/span><\/label><input type=\"text\" id=\"wpforms-5308-field_19\" class=\"wpforms-field-medium wpforms-field-required\" name=\"wpforms[fields][19]\" required><div class=\"wpforms-field-description\">Emplacement g\u00e9n\u00e9ral (p. ex. Californie du Nord, Seattle, Calgary AB)<\/div><\/div><div id=\"wpforms-5308-field_3-container\" class=\"wpforms-field wpforms-field-email\" data-field-id=\"3\"><label class=\"wpforms-field-label\" for=\"wpforms-5308-field_3\">E-mail <span class=\"wpforms-required-label\">*<\/span><\/label><input type=\"email\" id=\"wpforms-5308-field_3\" class=\"wpforms-field-medium wpforms-field-required\" name=\"wpforms[fields][3]\" required><\/div><div id=\"wpforms-5308-field_18-container\" class=\"wpforms-field wpforms-field-radio wpforms-conditional-trigger\" data-field-id=\"18\"><label class=\"wpforms-field-label\" for=\"wpforms-5308-field_18\">je suis le <span class=\"wpforms-required-label\">*<\/span><\/label><ul id=\"wpforms-5308-field_18\" class=\"wpforms-field-required\"><li class=\"choice-1 depth-1\"><input type=\"radio\" id=\"wpforms-5308-field_18_1\" name=\"wpforms[fields][18]\" value=\"Home or Business owner\" required><label class=\"wpforms-field-label-inline\" for=\"wpforms-5308-field_18_1\">Propri\u00e9taire de maison ou d&#039;entreprise<\/label><\/li><li class=\"choice-2 depth-1\"><input type=\"radio\" id=\"wpforms-5308-field_18_2\" name=\"wpforms[fields][18]\" value=\"Contractor\/Installer\" required><label class=\"wpforms-field-label-inline\" for=\"wpforms-5308-field_18_2\">Entrepreneur\/Installateur<\/label><\/li><li class=\"choice-3 depth-1\"><input type=\"radio\" id=\"wpforms-5308-field_18_3\" name=\"wpforms[fields][18]\" value=\"Other\" required><label class=\"wpforms-field-label-inline\" for=\"wpforms-5308-field_18_3\">Autre<\/label><\/li><\/ul><\/div><div id=\"wpforms-5308-field_2-container\" class=\"wpforms-field wpforms-field-text wpforms-conditional-field wpforms-conditional-show\" data-field-id=\"2\" style=\"display:none;\"><label class=\"wpforms-field-label\" for=\"wpforms-5308-field_2\">Nom de l&#039;entreprise<\/label><input type=\"text\" id=\"wpforms-5308-field_2\" class=\"wpforms-field-medium\" name=\"wpforms[fields][2]\" ><\/div><div id=\"wpforms-5308-field_20-container\" class=\"wpforms-field wpforms-field-checkbox wpforms-list-inline wpforms-conditional-field wpforms-conditional-show\" data-field-id=\"20\" style=\"display:none;\"><ul id=\"wpforms-5308-field_20\"><li class=\"choice-1 depth-1\"><input type=\"checkbox\" id=\"wpforms-5308-field_20_1\" name=\"wpforms[fields][20][]\" value=\"Yes, Please credit my business name as the designer\/installer on this project.\"  ><label class=\"wpforms-field-label-inline\" for=\"wpforms-5308-field_20_1\">Oui, veuillez cr\u00e9diter mon nom commercial en tant que concepteur\/installateur sur ce projet.<\/label><\/li><\/ul><\/div><div id=\"wpforms-5308-field_5-container\" class=\"wpforms-field wpforms-field-divider\" data-field-id=\"5\"><h3 id=\"wpforms-5308-field_5\" name=\"wpforms[fields][5]\">D\u00c9TAILS DU PROJET<\/h3><\/div><div id=\"wpforms-5308-field_8-container\" class=\"wpforms-field wpforms-field-radio\" data-field-id=\"8\"><label class=\"wpforms-field-label\" for=\"wpforms-5308-field_8\">Type de projet <span class=\"wpforms-required-label\">*<\/span><\/label><ul id=\"wpforms-5308-field_8\" class=\"wpforms-field-required\"><li class=\"choice-1 depth-1\"><input type=\"radio\" id=\"wpforms-5308-field_8_1\" name=\"wpforms[fields][8]\" value=\"Commercial\" required><label class=\"wpforms-field-label-inline\" for=\"wpforms-5308-field_8_1\">Commercial<\/label><\/li><li class=\"choice-2 depth-1\"><input type=\"radio\" id=\"wpforms-5308-field_8_2\" name=\"wpforms[fields][8]\" value=\"Residential\" required><label class=\"wpforms-field-label-inline\" for=\"wpforms-5308-field_8_2\">R\u00e9sidentiel<\/label><\/li><li class=\"choice-3 depth-1\"><input type=\"radio\" id=\"wpforms-5308-field_8_3\" name=\"wpforms[fields][8]\" value=\"Other\" required><label class=\"wpforms-field-label-inline\" for=\"wpforms-5308-field_8_3\">Autre<\/label><\/li><\/ul><\/div><div id=\"wpforms-5308-field_7-container\" class=\"wpforms-field wpforms-field-textarea\" data-field-id=\"7\"><label class=\"wpforms-field-label\" for=\"wpforms-5308-field_7\">Br\u00e8ve description du projet (facultatif - sous forme de point ou de paragraphe)<\/label><textarea id=\"wpforms-5308-field_7\" class=\"wpforms-field-medium\" name=\"wpforms[fields][7]\" ><\/textarea><\/div><div id=\"wpforms-5308-field_14-container\" class=\"wpforms-field wpforms-field-divider\" data-field-id=\"14\"><h3 id=\"wpforms-5308-field_14\" name=\"wpforms[fields][14]\">PHOTOS DE PROJET<\/h3><div class=\"wpforms-field-description\">Veuillez soumettre des fichiers au format JPG ou PNG dans une taille de fichier aussi grande que possible (500 Ko \u00e0 5 Mo recommand\u00e9s). Si vous avez plus de 3 images \u00e0 soumettre, veuillez soumettre un seul fichier ZIP ou autre fichier d&#039;archive si possible.<\/div><\/div><div id=\"wpforms-5308-field_12-container\" class=\"wpforms-field wpforms-field-file-upload\" data-field-id=\"12\"><label class=\"wpforms-field-label\" for=\"wpforms-5308-field_12\">Image 1<\/label><div\n\t\tclass=\"wpforms-uploader\"\n\t\tdata-field-id=\"12\"\n\t\tdata-form-id=\"5308\"\n\t\tdata-input-name=\"wpforms_5308_12\"\n\t\tdata-extensions=\"jpg,png\"\n\t\tdata-max-size=\"134217728\"\n\t\tdata-max-file-number=\"1\"\n\t\tdata-post-max-size=\"134217728\"\n\t\tdata-max-parallel-uploads=\"4\"\n\t\tdata-parallel-uploads=\"true\"\n\t\tdata-file-chunk-size=\"2097152\">\n\t<div class=\"dz-message\">\n\t\t<svg viewbox=\"0 0 1024 1024\" focusable=\"false\" data-icon=\"inbox\" width=\"50px\" height=\"50px\" fill=\"#b1b1b1\" aria-hidden=\"true\">\n\t\t\t<path d=\"M885.2 446.3l-.2-.8-112.2-285.1c-5-16.1-19.9-27.2-36.8-27.2H281.2c-17 0-32.1 11.3-36.9 27.6L139.4 443l-.3.7-.2.8c-1.3 4.9-1.7 9.9-1 14.8-.1 1.6-.2 3.2-.2 4.8V830a60.9 60.9 0 0 0 60.8 60.8h627.2c33.5 0 60.8-27.3 60.9-60.8V464.1c0-1.3 0-2.6-.1-3.7.4-4.9 0-9.6-1.3-14.1zm-295.8-43l-.3 15.7c-.8 44.9-31.8 75.1-77.1 75.1-22.1 0-41.1-7.1-54.8-20.6S436 441.2 435.6 419l-.3-15.7H229.5L309 210h399.2l81.7 193.3H589.4zm-375 76.8h157.3c24.3 57.1 76 90.8 140.4 90.8 33.7 0 65-9.4 90.3-27.2 22.2-15.6 39.5-37.4 50.7-63.6h156.5V814H214.4V480.1z\"><\/path>\n\t\t<\/svg>\n\t\t<span class=\"modern-title\">Cliquez ou faites glisser un fichier dans cette zone pour le t\u00e9l\u00e9charger.<\/span>\n\n\t\t\t<\/div>\n<\/div>\n<input\n\t\ttype=\"text\"\n\t\tautocomplete=\"off\"\n\t\tclass=\"dropzone-input\"\n\t\tstyle=\"position:absolute!important;clip:rect(0,0,0,0)!important;height:1px!important;width:1px!important;border:0!important;overflow:hidden!important;padding:0!important;margin:0!important;\"\n\t\tid=\"wpforms-5308-field_12\"\n\t\tname=\"wpforms_5308_12\" \t\tvalue=\"\">\n<\/div><div id=\"wpforms-5308-field_16-container\" class=\"wpforms-field wpforms-field-file-upload\" data-field-id=\"16\"><label class=\"wpforms-field-label\" for=\"wpforms-5308-field_16\">Image 2<\/label><div\n\t\tclass=\"wpforms-uploader\"\n\t\tdata-field-id=\"16\"\n\t\tdata-form-id=\"5308\"\n\t\tdata-input-name=\"wpforms_5308_16\"\n\t\tdata-extensions=\"jpg,jpeg,jpe,gif,png,bmp,tiff,tif,webp,ico,heic,asf,asx,wmv,wmx,wm,avi,divx,mov,qt,mpeg,mpg,mpe,mp4,m4v,ogv,webm,mkv,3gp,3gpp,3g2,3gp2,txt,asc,c,cc,h,srt,csv,tsv,ics,rtx,css,vtt,mp3,m4a,m4b,aac,ra,ram,wav,ogg,oga,flac,mid,midi,wma,wax,mka,rtf,pdf,class,tar,zip,gz,gzip,rar,7z,psd,xcf,doc,pot,pps,ppt,wri,xla,xls,xlt,xlw,mpp,docx,docm,dotx,dotm,xlsx,xlsm,xlsb,xltx,xltm,xlam,pptx,pptm,ppsx,ppsm,potx,potm,ppam,sldx,sldm,onetoc,onetoc2,onepkg,oxps,xps,odt,odp,ods,odg,odc,odb,odf,wp,wpd,key,numbers,pages,svg\"\n\t\tdata-max-size=\"134217728\"\n\t\tdata-max-file-number=\"1\"\n\t\tdata-post-max-size=\"134217728\"\n\t\tdata-max-parallel-uploads=\"4\"\n\t\tdata-parallel-uploads=\"true\"\n\t\tdata-file-chunk-size=\"2097152\">\n\t<div class=\"dz-message\">\n\t\t<svg viewbox=\"0 0 1024 1024\" focusable=\"false\" data-icon=\"inbox\" width=\"50px\" height=\"50px\" fill=\"#b1b1b1\" aria-hidden=\"true\">\n\t\t\t<path d=\"M885.2 446.3l-.2-.8-112.2-285.1c-5-16.1-19.9-27.2-36.8-27.2H281.2c-17 0-32.1 11.3-36.9 27.6L139.4 443l-.3.7-.2.8c-1.3 4.9-1.7 9.9-1 14.8-.1 1.6-.2 3.2-.2 4.8V830a60.9 60.9 0 0 0 60.8 60.8h627.2c33.5 0 60.8-27.3 60.9-60.8V464.1c0-1.3 0-2.6-.1-3.7.4-4.9 0-9.6-1.3-14.1zm-295.8-43l-.3 15.7c-.8 44.9-31.8 75.1-77.1 75.1-22.1 0-41.1-7.1-54.8-20.6S436 441.2 435.6 419l-.3-15.7H229.5L309 210h399.2l81.7 193.3H589.4zm-375 76.8h157.3c24.3 57.1 76 90.8 140.4 90.8 33.7 0 65-9.4 90.3-27.2 22.2-15.6 39.5-37.4 50.7-63.6h156.5V814H214.4V480.1z\"><\/path>\n\t\t<\/svg>\n\t\t<span class=\"modern-title\">Cliquez ou faites glisser un fichier dans cette zone pour le t\u00e9l\u00e9charger.<\/span>\n\n\t\t\t<\/div>\n<\/div>\n<input\n\t\ttype=\"text\"\n\t\tautocomplete=\"off\"\n\t\tclass=\"dropzone-input\"\n\t\tstyle=\"position:absolute!important;clip:rect(0,0,0,0)!important;height:1px!important;width:1px!important;border:0!important;overflow:hidden!important;padding:0!important;margin:0!important;\"\n\t\tid=\"wpforms-5308-field_16\"\n\t\tname=\"wpforms_5308_16\" \t\tvalue=\"\">\n<\/div><div id=\"wpforms-5308-field_17-container\" class=\"wpforms-field wpforms-field-file-upload\" data-field-id=\"17\"><label class=\"wpforms-field-label\" for=\"wpforms-5308-field_17\">Image 3<\/label><div\n\t\tclass=\"wpforms-uploader\"\n\t\tdata-field-id=\"17\"\n\t\tdata-form-id=\"5308\"\n\t\tdata-input-name=\"wpforms_5308_17\"\n\t\tdata-extensions=\"jpg,jpeg,jpe,gif,png,bmp,tiff,tif,webp,ico,heic,asf,asx,wmv,wmx,wm,avi,divx,mov,qt,mpeg,mpg,mpe,mp4,m4v,ogv,webm,mkv,3gp,3gpp,3g2,3gp2,txt,asc,c,cc,h,srt,csv,tsv,ics,rtx,css,vtt,mp3,m4a,m4b,aac,ra,ram,wav,ogg,oga,flac,mid,midi,wma,wax,mka,rtf,pdf,class,tar,zip,gz,gzip,rar,7z,psd,xcf,doc,pot,pps,ppt,wri,xla,xls,xlt,xlw,mpp,docx,docm,dotx,dotm,xlsx,xlsm,xlsb,xltx,xltm,xlam,pptx,pptm,ppsx,ppsm,potx,potm,ppam,sldx,sldm,onetoc,onetoc2,onepkg,oxps,xps,odt,odp,ods,odg,odc,odb,odf,wp,wpd,key,numbers,pages,svg\"\n\t\tdata-max-size=\"134217728\"\n\t\tdata-max-file-number=\"1\"\n\t\tdata-post-max-size=\"134217728\"\n\t\tdata-max-parallel-uploads=\"4\"\n\t\tdata-parallel-uploads=\"true\"\n\t\tdata-file-chunk-size=\"2097152\">\n\t<div class=\"dz-message\">\n\t\t<svg viewbox=\"0 0 1024 1024\" focusable=\"false\" data-icon=\"inbox\" width=\"50px\" height=\"50px\" fill=\"#b1b1b1\" aria-hidden=\"true\">\n\t\t\t<path d=\"M885.2 446.3l-.2-.8-112.2-285.1c-5-16.1-19.9-27.2-36.8-27.2H281.2c-17 0-32.1 11.3-36.9 27.6L139.4 443l-.3.7-.2.8c-1.3 4.9-1.7 9.9-1 14.8-.1 1.6-.2 3.2-.2 4.8V830a60.9 60.9 0 0 0 60.8 60.8h627.2c33.5 0 60.8-27.3 60.9-60.8V464.1c0-1.3 0-2.6-.1-3.7.4-4.9 0-9.6-1.3-14.1zm-295.8-43l-.3 15.7c-.8 44.9-31.8 75.1-77.1 75.1-22.1 0-41.1-7.1-54.8-20.6S436 441.2 435.6 419l-.3-15.7H229.5L309 210h399.2l81.7 193.3H589.4zm-375 76.8h157.3c24.3 57.1 76 90.8 140.4 90.8 33.7 0 65-9.4 90.3-27.2 22.2-15.6 39.5-37.4 50.7-63.6h156.5V814H214.4V480.1z\"><\/path>\n\t\t<\/svg>\n\t\t<span class=\"modern-title\">Cliquez ou faites glisser un fichier dans cette zone pour le t\u00e9l\u00e9charger.<\/span>\n\n\t\t\t<\/div>\n<\/div>\n<input\n\t\ttype=\"text\"\n\t\tautocomplete=\"off\"\n\t\tclass=\"dropzone-input\"\n\t\tstyle=\"position:absolute!important;clip:rect(0,0,0,0)!important;height:1px!important;width:1px!important;border:0!important;overflow:hidden!important;padding:0!important;margin:0!important;\"\n\t\tid=\"wpforms-5308-field_17\"\n\t\tname=\"wpforms_5308_17\" \t\tvalue=\"\">\n<\/div><\/div><div class=\"wpforms-field wpforms-field-hp\"><label for=\"wpforms-5308-field-hp\" class=\"wpforms-field-label\">Nom<\/label><input type=\"text\" name=\"wpforms[hp]\" id=\"wpforms-5308-field-hp\" class=\"wpforms-field-medium\"><\/div><div class=\"wpforms-recaptcha-container wpforms-is-recaptcha\"><div class=\"g-recaptcha\" data-sitekey=\"6Lfa_UobAAAAAJGpWUjowAtwrzzxGGla68r7Oxbg\"><\/div><input type=\"text\" name=\"g-recaptcha-hidden\" class=\"wpforms-recaptcha-hidden\" style=\"position:absolute!important;clip:rect(0,0,0,0)!important;height:1px!important;width:1px!important;border:0!important;overflow:hidden!important;padding:0!important;margin:0!important;\" required><\/div><div class=\"wpforms-submit-container\"><input type=\"hidden\" name=\"wpforms[id]\" value=\"5308\"><input type=\"hidden\" name=\"wpforms[author]\" value=\"1\"><button type=\"submit\" name=\"wpforms[submit]\" id=\"wpforms-submit-5308\" class=\"wpforms-submit\" data-alt-text=\"Sending...\" data-submit-text=\"Submit Now\" aria-live=\"assertive\" value=\"wpforms-submit\">Soumettre maintenant<\/button><\/div><input type=\"hidden\" name=\"trp-form-language\" value=\"fr_ca\"\/><\/form><\/div>  <!-- .wpforms-container -->\n\r\n\t\t<\/div>\r\n\t<\/div>\r\n<\/div><\/div><\/div><\/div><\/div>\n<\/section>","protected":false},"excerpt":{"rendered":"Soumission de projet HYDRO-BLOK Nous voulons voir votre projet! Nous sommes toujours int\u00e9ress\u00e9s de voir ce que les propri\u00e9taires et les entrepreneurs font avec les produits HYDRO-BLOK. Ajoutez votre projet ci-dessous et voyez [...]","protected":false},"author":1,"featured_media":0,"parent":0,"menu_order":0,"comment_status":"closed","ping_status":"closed","template":"page-v2.php","meta":[],"jetpack_sharing_enabled":true,"jetpack_shortlink":"https:\/\/wp.me\/PgwIK9-1nD","jetpack_likes_enabled":true,"_links":{"self":[{"href":"https:\/\/global.hydroblok.com\/fr_ca\/wp-json\/wp\/v2\/pages\/5309"}],"collection":[{"href":"https:\/\/global.hydroblok.com\/fr_ca\/wp-json\/wp\/v2\/pages"}],"about":[{"href":"https:\/\/global.hydroblok.com\/fr_ca\/wp-json\/wp\/v2\/types\/page"}],"author":[{"embeddable":true,"href":"https:\/\/global.hydroblok.com\/fr_ca\/wp-json\/wp\/v2\/users\/1"}],"replies":[{"embeddable":true,"href":"https:\/\/global.hydroblok.com\/fr_ca\/wp-json\/wp\/v2\/comments?post=5309"}],"version-history":[{"count":6,"href":"https:\/\/global.hydroblok.com\/fr_ca\/wp-json\/wp\/v2\/pages\/5309\/revisions"}],"predecessor-version":[{"id":5315,"href":"https:\/\/global.hydroblok.com\/fr_ca\/wp-json\/wp\/v2\/pages\/5309\/revisions\/5315"}],"wp:attachment":[{"href":"https:\/\/global.hydroblok.com\/fr_ca\/wp-json\/wp\/v2\/media?parent=5309"}],"curies":[{"name":"wp","href":"https:\/\/api.w.org\/{rel}","templated":true}]}}