{"id":7041,"date":"2022-05-05T11:18:13","date_gmt":"2022-05-05T15:18:13","guid":{"rendered":"https:\/\/global.hydroblok.com\/?page_id=7041"},"modified":"2022-05-05T12:14:00","modified_gmt":"2022-05-05T16:14:00","slug":"career","status":"publish","type":"page","link":"https:\/\/global.hydroblok.com\/fr_ca\/career\/","title":{"rendered":"Carri\u00e8re"},"content":{"rendered":"<section class=\"wpb-content-wrapper\"><div class=\"vc_row wpb_row vc_row-fluid\"><div class=\"inner_cont\"><div class=\"wpb_column vc_column_container vc_col-sm-12\"><div class=\"vc_column-inner\"><div class=\"wpb_wrapper\">\n\t<div  class=\"wpb_single_image wpb_content_element vc_align_center\">\n\t\t\n\t\t<figure class=\"wpb_wrapper vc_figure\">\n\t\t\t<div class=\"vc_single_image-wrapper   vc_box_border_grey\"><img width=\"1024\" height=\"512\" src=\"https:\/\/global.hydroblok.com\/wp-content\/uploads\/2022\/05\/HYDRO-BLOK-now-were-hiring-1024x512.png\" class=\"vc_single_image-img attachment-large\" alt=\"\" decoding=\"async\" loading=\"lazy\" title=\"HYDRO-BLOK-maintenant nous embauchons\" srcset=\"https:\/\/global.hydroblok.com\/wp-content\/uploads\/2022\/05\/HYDRO-BLOK-now-were-hiring-1024x512.png 1024w, https:\/\/global.hydroblok.com\/wp-content\/uploads\/2022\/05\/HYDRO-BLOK-now-were-hiring-300x150.png 300w, https:\/\/global.hydroblok.com\/wp-content\/uploads\/2022\/05\/HYDRO-BLOK-now-were-hiring-768x384.png 768w, https:\/\/global.hydroblok.com\/wp-content\/uploads\/2022\/05\/HYDRO-BLOK-now-were-hiring-600x300.png 600w, https:\/\/global.hydroblok.com\/wp-content\/uploads\/2022\/05\/HYDRO-BLOK-now-were-hiring-900x450.png 900w, https:\/\/global.hydroblok.com\/wp-content\/uploads\/2022\/05\/HYDRO-BLOK-now-were-hiring-1536x768.png 1536w, https:\/\/global.hydroblok.com\/wp-content\/uploads\/2022\/05\/HYDRO-BLOK-now-were-hiring-2048x1024.png 2048w, https:\/\/global.hydroblok.com\/wp-content\/uploads\/2022\/05\/HYDRO-BLOK-now-were-hiring-18x9.png 18w\" sizes=\"(max-width: 1024px) 100vw, 1024px\" data-attachment-id=\"7047\" data-permalink=\"https:\/\/global.hydroblok.com\/fr_ca\/career\/hydro-blok-now-were-hiring\/\" data-orig-file=\"https:\/\/global.hydroblok.com\/wp-content\/uploads\/2022\/05\/HYDRO-BLOK-now-were-hiring.png\" data-orig-size=\"6912,3456\" data-comments-opened=\"0\" data-image-meta=\"{&quot;aperture&quot;:&quot;0&quot;,&quot;credit&quot;:&quot;&quot;,&quot;camera&quot;:&quot;&quot;,&quot;caption&quot;:&quot;&quot;,&quot;created_timestamp&quot;:&quot;0&quot;,&quot;copyright&quot;:&quot;&quot;,&quot;focal_length&quot;:&quot;0&quot;,&quot;iso&quot;:&quot;0&quot;,&quot;shutter_speed&quot;:&quot;0&quot;,&quot;title&quot;:&quot;&quot;,&quot;orientation&quot;:&quot;0&quot;}\" data-image-title=\"HYDRO-BLOK-now we&#8217;re hiring\" data-image-description=\"\" data-image-caption=\"\" data-medium-file=\"https:\/\/global.hydroblok.com\/wp-content\/uploads\/2022\/05\/HYDRO-BLOK-now-were-hiring-300x150.png\" data-large-file=\"https:\/\/global.hydroblok.com\/wp-content\/uploads\/2022\/05\/HYDRO-BLOK-now-were-hiring-1024x512.png\"><\/div>\n\t\t<\/figure>\n\t<\/div>\n<div class=\"vc_empty_space\"   style=\"height: 32px\"><span class=\"vc_empty_space_inner\"><\/span><\/div><\/div><\/div><\/div><\/div><\/div><div class=\"vc_row wpb_row vc_row-fluid\"><div class=\"inner_cont\"><div class=\"wpb_column vc_column_container vc_col-sm-6\"><div class=\"vc_column-inner\"><div class=\"wpb_wrapper\">\r\n\t<div class=\"wpb_text_column wpb_content_element\" >\r\n\t\t<div class=\"wpb_wrapper\">\r\n\t\t\t<h2>Repr\u00e9sentants des ventes de distribution ind\u00e9pendants<\/h2>\n<p><strong>Hydro-Blok<\/strong> est \u00e0 la recherche de repr\u00e9sentants de distribution ind\u00e9pendants exp\u00e9riment\u00e9s pour aider \u00e0 d\u00e9velopper le march\u00e9 de l&#039;est de l&#039;Am\u00e9rique du Nord.<\/p>\n<p><strong>Qui nous sommes:<\/strong> Notre \u00e9quipe a d\u00e9velopp\u00e9 une gamme de produits innovants avec une philosophie simple\u00a0: &quot;la construction d&#039;un syst\u00e8me de douche devrait \u00eatre plus rapide, plus facile et plus rentable que les approches traditionnelles&quot;. Avec son si\u00e8ge social \u00e0 Las Vegas NV et Vancouver BC, la soci\u00e9t\u00e9 emploie plus de 100 personnes qualifi\u00e9es dans son usine de fabrication situ\u00e9e dans le sud de la Chine. Des distributeurs prestigieux comme Daltile, American Olean et plus de 100 revendeurs \u00e0 travers l&#039;Am\u00e9rique du Nord proposent actuellement les gammes de produits Hydro-Blok. D\u00e9couvrez notre marque \u00e0 croissance rapide sur global.hydroblok.com.<\/p>\n<p><strong>Gamme de produits:<\/strong> Produits de marque Hydro-Blok avec une technologie de pointe dans l&#039;industrie de l&#039;\u00e9tanch\u00e9it\u00e9 et de la construction. Notre syst\u00e8me de douche \u00e9tanche modulaire peut \u00eatre install\u00e9 en moins de 4 heures, pr\u00eat pour le carrelage ou la pierre. Hydro-Blok est certifi\u00e9 ICC ES. Veuillez consulter notre vid\u00e9o d&#039;installation pour voir \u00e0 quel point il est facile de travailler avec nos produits : http:\/\/global.hydroblok.com\/hb-support\/installation\/<\/p>\n<p><strong>Exigences de l&#039;emploi:<\/strong><\/p>\n<p>1. Minimum de 2 ans d&#039;exp\u00e9rience sur le march\u00e9 des mat\u00e9riaux de construction, avec un accent sur le secteur de la tuile et de la pierre.<br \/>\n2. Exp\u00e9rience de vente r\u00e9ussie dans les canaux de distribution tels que les distributeurs\/concessionnaires\/entrepreneurs, avec des ant\u00e9c\u00e9dents de vente \u00e9prouv\u00e9s.<br \/>\n3. Motiv\u00e9 et flexible.<\/p>\n<p>\u00c9ducation\u00a0: \u00c9tudes secondaires minimales<\/p>\n<p><strong>Compensation:<\/strong><br \/>\n\u2022 Il s&#039;agit d&#039;un poste \u00e0 commission offrant un taux tr\u00e8s comp\u00e9titif.<br \/>\n\u2022 Les taux de commission moyens pour les repr\u00e9sentants ind\u00e9pendants des ventes de distribution dans les zones m\u00e9tropolitaines existantes sur la c\u00f4te ouest sont de $50,000-$70,000 annuellement.<\/p>\n<p><strong>Les autres informations:<\/strong><br \/>\n\u2022 Une assistance sera fournie sur le mat\u00e9riel de marketing et les programmes de formation.<br \/>\n\u2022 Hydro-Blok propose des campagnes de marketing nationales pour aider les ventes locales.<\/p>\n\r\n\t\t<\/div>\r\n\t<\/div>\r\n<\/div><\/div><\/div><div class=\"wpb_column vc_column_container vc_col-sm-6\"><div class=\"vc_column-inner\"><div class=\"wpb_wrapper\">\r\n\t<div class=\"wpb_text_column wpb_content_element\" >\r\n\t\t<div class=\"wpb_wrapper\">\r\n\t\t\t<h2>Soumettez votre candidature<\/h2>\n\r\n\t\t<\/div>\r\n\t<\/div>\r\n<script type=\"text\/javascript\">var gform;gform||(document.addEventListener(\"gform_main_scripts_loaded\",function(){gform.scriptsLoaded=!0}),window.addEventListener(\"DOMContentLoaded\",function(){gform.domLoaded=!0}),gform={domLoaded:!1,scriptsLoaded:!1,initializeOnLoaded:function(o){gform.domLoaded&&gform.scriptsLoaded?o():!gform.domLoaded&&gform.scriptsLoaded?window.addEventListener(\"DOMContentLoaded\",o):document.addEventListener(\"gform_main_scripts_loaded\",o)},hooks:{action:{},filter:{}},addAction:function(o,n,r,t){gform.addHook(\"action\",o,n,r,t)},addFilter:function(o,n,r,t){gform.addHook(\"filter\",o,n,r,t)},doAction:function(o){gform.doHook(\"action\",o,arguments)},applyFilters:function(o){return gform.doHook(\"filter\",o,arguments)},removeAction:function(o,n){gform.removeHook(\"action\",o,n)},removeFilter:function(o,n,r){gform.removeHook(\"filter\",o,n,r)},addHook:function(o,n,r,t,i){null==gform.hooks[o][n]&&(gform.hooks[o][n]=[]);var e=gform.hooks[o][n];null==i&&(i=n+\"_\"+e.length),gform.hooks[o][n].push({tag:i,callable:r,priority:t=null==t?10:t})},doHook:function(n,o,r){var t;if(r=Array.prototype.slice.call(r,1),null!=gform.hooks[n][o]&&((o=gform.hooks[n][o]).sort(function(o,n){return o.priority-n.priority}),o.forEach(function(o){\"function\"!=typeof(t=o.callable)&&(t=window[t]),\"action\"==n?t.apply(null,r):r[0]=t.apply(null,r)})),\"filter\"==n)return r[0]},removeHook:function(o,n,t,i){var r;null!=gform.hooks[o][n]&&(r=(r=gform.hooks[o][n]).filter(function(o,n,r){return!!(null!=i&&i!=o.tag||null!=t&&t!=o.priority)}),gform.hooks[o][n]=r)}});<\/script>\n                <div class='gf_browser_gecko gform_wrapper gravity-theme gform-theme--no-framework' data-form-theme='gravity-theme' data-form-index='0' id='gform_wrapper_8' ><div id='gf_8' class='gform_anchor' tabindex='-1'><\/div>\n                        <div class='gform_heading'>\n\t\t\t\t\t\t\t<p class='gform_required_legend' data-no-translation=\"\" data-trp-gettext=\"\">&quot;<span class=\"gfield_required gfield_required_asterisk\">*<\/span>&quot; indique les champs obligatoires<\/p>\n                        <\/div><form method='post' enctype='multipart\/form-data' target='gform_ajax_frame_8' id='gform_8'  action='\/fr_ca\/wp-json\/wp\/v2\/pages\/7041#gf_8' data-formid='8' novalidate data-trp-original-action=\"\/fr_ca\/wp-json\/wp\/v2\/pages\/7041#gf_8\"> \r\n <input type='hidden' class='gforms-pum' value='{\"closepopup\":false,\"closedelay\":0,\"openpopup\":false,\"openpopup_id\":0}' \/>\n                        <div class='gform-body gform_body'><div id='gform_fields_8' class='gform_fields top_label form_sublabel_below description_below validation_below'><fieldset id=\"field_8_1\" class=\"gfield gfield--type-name gfield_contains_required field_sublabel_below gfield--no-description field_description_below field_validation_below gfield_visibility_visible\"  data-js-reload=\"field_8_1\" ><legend class='gfield_label gform-field-label gfield_label_before_complex' >Nom<span class=\"gfield_required\"><span class=\"gfield_required gfield_required_asterisk\">*<\/span><\/span><\/legend><div class='ginput_complex ginput_container ginput_container--name no_prefix has_first_name no_middle_name has_last_name no_suffix gf_name_has_2 ginput_container_name gform-grid-row' id='input_8_1'>\n                            \n                            <span id='input_8_1_3_container' class='name_first gform-grid-col gform-grid-col--size-auto' >\n                                                    <input type='text' name='input_1.3' id='input_8_1_3' value=''   aria-required='true'     \/>\n                                                    <label for='input_8_1_3' class='gform-field-label gform-field-label--type-sub' data-no-translation=\"\" data-trp-gettext=\"\">Premi\u00e8re<\/label>\n                                                <\/span>\n                            \n                            <span id='input_8_1_6_container' class='name_last gform-grid-col gform-grid-col--size-auto' >\n                                                    <input type='text' name='input_1.6' id='input_8_1_6' value=''   aria-required='true'     \/>\n                                                    <label for='input_8_1_6' class='gform-field-label gform-field-label--type-sub' data-no-translation=\"\" data-trp-gettext=\"\">Dernier<\/label>\n                                                <\/span>\n                            \n                        <\/div><\/fieldset><div id=\"field_8_3\" class=\"gfield gfield--type-phone gfield--width-half gfield_contains_required field_sublabel_below gfield--no-description field_description_below field_validation_below gfield_visibility_visible\"  data-js-reload=\"field_8_3\" ><label class='gfield_label gform-field-label' for='input_8_3'>T\u00e9l\u00e9phone<span class=\"gfield_required\"><span class=\"gfield_required gfield_required_asterisk\">*<\/span><\/span><\/label><div class='ginput_container ginput_container_phone'><input name='input_3' id='input_8_3' type='tel' value='' class='large'   aria-required=\"true\" aria-invalid=\"false\"   \/><\/div><\/div><div id=\"field_8_4\" class=\"gfield gfield--type-email gfield--width-half gfield_contains_required field_sublabel_below gfield--no-description field_description_below field_validation_below gfield_visibility_visible\"  data-js-reload=\"field_8_4\" ><label class='gfield_label gform-field-label' for='input_8_4'>E-mail<span class=\"gfield_required\"><span class=\"gfield_required gfield_required_asterisk\">*<\/span><\/span><\/label><div class='ginput_container ginput_container_email'>\n                            <input name='input_4' id='input_8_4' type='email' value='' class='large'    aria-required=\"true\" aria-invalid=\"false\"  \/>\n                        <\/div><\/div><fieldset id=\"field_8_6\" class=\"gfield gfield--type-radio gfield--type-choice gfield--width-full gfield_contains_required field_sublabel_below gfield--no-description field_description_below field_validation_below gfield_visibility_visible\"  data-js-reload=\"field_8_6\" ><legend class='gfield_label gform-field-label' >Appliqu\u00e9 pour<span class=\"gfield_required\"><span class=\"gfield_required gfield_required_asterisk\">*<\/span><\/span><\/legend><div class='ginput_container ginput_container_radio'><div class='gfield_radio' id='input_8_6'>\n\t\t\t<div class='gchoice gchoice_8_6_0'>\n\t\t\t\t\t<input class='gfield-choice-input' name='input_6' type='radio' value='Independent Distribution Sales Representatives'  id='choice_8_6_0' onchange='gformToggleRadioOther( this )'    \/>\n\t\t\t\t\t<label for='choice_8_6_0' id='label_8_6_0' class='gform-field-label gform-field-label--type-inline'>Repr\u00e9sentants des ventes de distribution ind\u00e9pendants<\/label>\n\t\t\t<\/div>\n\t\t\t<div class='gchoice gchoice_8_6_1'>\n\t\t\t\t\t<input class='gfield-choice-input' name='input_6' type='radio' value='gf_other_choice'  id='choice_8_6_1' onchange='gformToggleRadioOther( this )'    \/>\n\t\t\t\t\t<label for='choice_8_6_1' id='label_8_6_1' class='gform-field-label gform-field-label--type-inline' data-no-translation=\"\" data-trp-gettext=\"\">Autre<\/label><br \/><input id='input_8_6_other' class='gchoice_other_control' name='input_6_other' type='text' value='Autre' aria-label='Autre choix, veuillez pr\u00e9ciser'  disabled='disabled' data-no-translation-value=\"\" data-no-translation-aria-label=\"\" \/>\n\t\t\t<\/div><\/div><\/div><\/fieldset><div id=\"field_8_5\" class=\"gfield gfield--type-fileupload gfield--width-full gfield_contains_required field_sublabel_below gfield--no-description field_description_below field_validation_below gfield_visibility_visible\"  data-js-reload=\"field_8_5\" ><label class='gfield_label gform-field-label' for='input_8_5'>T\u00e9l\u00e9charger votre CV<span class=\"gfield_required\"><span class=\"gfield_required gfield_required_asterisk\">*<\/span><\/span><\/label><div class='ginput_container ginput_container_fileupload'><input type='hidden' name='MAX_FILE_SIZE' value='134217728' \/><input name='input_5' id='input_8_5' type='file' class='large' aria-describedby=\"gfield_upload_rules_8_5\" onchange='javascript:gformValidateFileSize( this, 134217728 );'  \/><span class='gfield_description gform_fileupload_rules' id='gfield_upload_rules_8_5'>Max. taille du fichier\u00a0: 128 MB.<\/span><div class='gfield_description validation_message gfield_validation_message validation_message--hidden-on-empty' id='live_validation_message_8_5'><\/div><\/div><\/div><div id=\"field_8_7\" class=\"gfield gfield--type-textarea gfield--width-full field_sublabel_below gfield--no-description field_description_below field_validation_below gfield_visibility_visible\"  data-js-reload=\"field_8_7\" ><label class='gfield_label gform-field-label' for='input_8_7'>Un message<\/label><div class='ginput_container ginput_container_textarea'><textarea name='input_7' id='input_8_7' class='textarea medium'      aria-invalid=\"false\"   rows='10' cols='50'><\/textarea><\/div><\/div><fieldset id=\"field_8_8\" class=\"gfield gfield--type-consent gfield--type-choice gfield--input-type-consent gfield--width-full gfield_contains_required field_sublabel_below gfield--no-description field_description_below field_validation_below gfield_visibility_visible\"  data-js-reload=\"field_8_8\" ><legend class='gfield_label gform-field-label gfield_label_before_complex' >Consentement<span class=\"gfield_required\"><span class=\"gfield_required gfield_required_asterisk\">*<\/span><\/span><\/legend><div class='ginput_container ginput_container_consent'><input name='input_8.1' id='input_8_8_1' type='checkbox' value='1'   aria-required=\"true\" aria-invalid=\"false\"   \/> <label class=\"gform-field-label gform-field-label--type-inline gfield_consent_label\" for='input_8_8_1' >By submitting this form, you agree that HYDRO-BLOK Grand International Inc.  may collect and use your personal data (such as your name, email address, and any other information you provide) for the purposes of responding to your inquiry, providing services, or sending you relevant updates. For more information on how we protect your data, please refer to our <a href=\"https:\/\/global.hydroblok.com\/fr_ca\/privacy-policy\/\">politique de confidentialit\u00e9<\/a>.<\/label><input type='hidden' name='input_8.2' value='By submitting this form, you agree that HYDRO-BLOK Grand International Inc.  may collect and use your personal data (such as your name, email address, and any other information you provide) for the purposes of responding to your inquiry, providing services, or sending you relevant updates. For more information on how we protect your data, please refer to our &lt;a href=&quot;https:\/\/global.hydroblok.com\/privacy-policy\/&quot;&gt;privacy policy&lt;\/a&gt;.' class='gform_hidden' \/><input type='hidden' name='input_8.3' value='12' class='gform_hidden' \/><\/div><\/fieldset><\/div><\/div>\n        <div class='gform_footer top_label'> <input type='submit' id='gform_submit_button_8' class='gform_button button' value='Soumettre'  onclick='if(window[\"gf_submitting_8\"]){return false;}  if( !jQuery(\"#gform_8\")[0].checkValidity || jQuery(\"#gform_8\")[0].checkValidity()){window[\"gf_submitting_8\"]=true;}  ' onkeypress='if( event.keyCode == 13 ){ if(window[\"gf_submitting_8\"]){return false;} if( !jQuery(\"#gform_8\")[0].checkValidity || jQuery(\"#gform_8\")[0].checkValidity()){window[\"gf_submitting_8\"]=true;}  jQuery(\"#gform_8\").trigger(\"submit\",[true]); }' data-no-translation-value=\"\" \/> <input type='hidden' name='gform_ajax' value='form_id=8&amp;title=&amp;description=&amp;tabindex=0&amp;theme=gravity-theme' \/>\n            <input type='hidden' class='gform_hidden' name='is_submit_8' value='1' \/>\n            <input type='hidden' class='gform_hidden' name='gform_submit' value='8' \/>\n            \n            <input type='hidden' class='gform_hidden' name='gform_unique_id' value='' \/>\n            <input type='hidden' class='gform_hidden' name='state_8' value='WyJ7XCI2XCI6W1wiZGYxMTRlYzU5YWMzNjhkM2U1YzljMjBmNjRlY2E1ODBcIl0sXCI4LjFcIjpcIjljYzBkNmE0YzM0NGJmYmJkNWY0ZWFmMzQyNjQ1ODc0XCIsXCI4LjJcIjpcImQ4NmM5NTQ0ZThhOWM1NzhjNjYxMTFhODM5NGNmYTE3XCIsXCI4LjNcIjpcIjgyMDM3OWM2YzkyMDU4MzQ2YTRjZDMwY2RmM2M1YWRlXCJ9IiwiNWFiNDkxYjk3YWY4MTlmMjgwZmMzY2M3NzczZTRjY2MiXQ==' \/>\n            <input type='hidden' class='gform_hidden' name='gform_target_page_number_8' id='gform_target_page_number_8' value='0' \/>\n            <input type='hidden' class='gform_hidden' name='gform_source_page_number_8' id='gform_source_page_number_8' value='1' \/>\n            <input type='hidden' name='gform_field_values' value='' \/>\n            \n        <\/div>\n                        <input type=\"hidden\" name=\"trp-form-language\" value=\"fr_ca\"\/><\/form>\n                        <\/div>\n\t\t                <iframe style='display:none;width:0px;height:0px;' src='about:blank' name='gform_ajax_frame_8' id='gform_ajax_frame_8' title='Cet iframe contient la logique requise pour g\u00e9rer les formulaires Gravity aliment\u00e9s par Ajax.' data-no-translation-title=\"\"><\/iframe>\n\t\t                <script type=\"text\/javascript\">\ngform.initializeOnLoaded( function() {gformInitSpinner( 8, 'https:\/\/global.hydroblok.com\/wp-content\/plugins\/gravityforms\/images\/spinner.svg', true );jQuery('#gform_ajax_frame_8').on('load',function(){var contents = jQuery(this).contents().find('*').html();var is_postback = contents.indexOf('GF_AJAX_POSTBACK') >= 0;if(!is_postback){return;}var form_content = jQuery(this).contents().find('#gform_wrapper_8');var is_confirmation = jQuery(this).contents().find('#gform_confirmation_wrapper_8').length > 0;var is_redirect = contents.indexOf('gformRedirect(){') >= 0;var is_form = form_content.length > 0 && ! is_redirect && ! is_confirmation;var mt = parseInt(jQuery('html').css('margin-top'), 10) + parseInt(jQuery('body').css('margin-top'), 10) + 100;if(is_form){jQuery('#gform_wrapper_8').html(form_content.html());if(form_content.hasClass('gform_validation_error')){jQuery('#gform_wrapper_8').addClass('gform_validation_error');} else {jQuery('#gform_wrapper_8').removeClass('gform_validation_error');}setTimeout( function() { \/* delay the scroll by 50 milliseconds to fix a bug in chrome *\/ jQuery(document).scrollTop(jQuery('#gform_wrapper_8').offset().top - mt); }, 50 );if(window['gformInitDatepicker']) {gformInitDatepicker();}if(window['gformInitPriceFields']) {gformInitPriceFields();}var current_page = jQuery('#gform_source_page_number_8').val();gformInitSpinner( 8, 'https:\/\/global.hydroblok.com\/wp-content\/plugins\/gravityforms\/images\/spinner.svg', true );jQuery(document).trigger('gform_page_loaded', [8, current_page]);window['gf_submitting_8'] = false;}else if(!is_redirect){var confirmation_content = jQuery(this).contents().find('.GF_AJAX_POSTBACK').html();if(!confirmation_content){confirmation_content = contents;}jQuery('#gform_wrapper_8').replaceWith(confirmation_content);jQuery(document).scrollTop(jQuery('#gf_8').offset().top - mt);jQuery(document).trigger('gform_confirmation_loaded', [8]);window['gf_submitting_8'] = false;wp.a11y.speak(jQuery('#gform_confirmation_message_8').text());}else{jQuery('#gform_8').append(contents);if(window['gformRedirect']) {gformRedirect();}}jQuery(document).trigger(\"gform_pre_post_render\", [{ formId: \"8\", currentPage: \"current_page\", abort: function() { this.preventDefault(); } }]);                if (event && event.defaultPrevented) {                return;         }        const gformWrapperDiv = document.getElementById( \"gform_wrapper_8\" );        if ( gformWrapperDiv ) {            const visibilitySpan = document.createElement( \"span\" );            visibilitySpan.id = \"gform_visibility_test_8\";            gformWrapperDiv.insertAdjacentElement( \"afterend\", visibilitySpan );        }        const visibilityTestDiv = document.getElementById( \"gform_visibility_test_8\" );        let postRenderFired = false;                function triggerPostRender() {            if ( postRenderFired ) {                return;            }            postRenderFired = true;            jQuery( document ).trigger( 'gform_post_render', [8, current_page] );            gform.utils.trigger( { event: 'gform\/postRender', native: false, data: { formId: 8, currentPage: current_page } } );            if ( visibilityTestDiv ) {                visibilityTestDiv.parentNode.removeChild( visibilityTestDiv );            }        }        function debounce( func, wait, immediate ) {            var timeout;            return function() {                var context = this, args = arguments;                var later = function() {                    timeout = null;                    if ( !immediate ) func.apply( context, args );                };                var callNow = immediate && !timeout;                clearTimeout( timeout );                timeout = setTimeout( later, wait );                if ( callNow ) func.apply( context, args );            };        }        const debouncedTriggerPostRender = debounce( function() {            triggerPostRender();        }, 200 );        if ( visibilityTestDiv && visibilityTestDiv.offsetParent === null ) {            const observer = new MutationObserver( ( mutations ) => {                mutations.forEach( ( mutation ) => {                    if ( mutation.type === 'attributes' && visibilityTestDiv.offsetParent !== null ) {                        debouncedTriggerPostRender();                        observer.disconnect();                    }                });            });            observer.observe( document.body, {                attributes: true,                childList: false,                subtree: true,                attributeFilter: [ 'style', 'class' ],            });        } else {            triggerPostRender();        }    } );} );\n<\/script>\n<\/div><\/div><\/div><\/div><\/div><div class=\"vc_row wpb_row vc_row-fluid\"><div class=\"inner_cont\"><div class=\"wpb_column vc_column_container vc_col-sm-12\"><div class=\"vc_column-inner\"><div class=\"wpb_wrapper\"><div class=\"vc_empty_space\"   style=\"height: 32px\"><span class=\"vc_empty_space_inner\"><\/span><\/div><\/div><\/div><\/div><\/div><\/div>\n<\/section>","protected":false},"excerpt":{"rendered":"Repr\u00e9sentants des ventes en distribution ind\u00e9pendants Hydro-Blok est \u00e0 la recherche de repr\u00e9sentants des ventes en distribution ind\u00e9pendants exp\u00e9riment\u00e9s pour aider \u00e0 d\u00e9velopper le march\u00e9 de l&#039;est de l&#039;Am\u00e9rique du Nord. Qui nous sommes\u00a0: Notre \u00e9quipe a d\u00e9velopp\u00e9 une solution innovante [...]","protected":false},"author":12,"featured_media":0,"parent":0,"menu_order":0,"comment_status":"closed","ping_status":"closed","template":"page-v2.php","meta":[],"jetpack_sharing_enabled":true,"jetpack_shortlink":"https:\/\/wp.me\/PgwIK9-1Pz","jetpack_likes_enabled":true,"_links":{"self":[{"href":"https:\/\/global.hydroblok.com\/fr_ca\/wp-json\/wp\/v2\/pages\/7041"}],"collection":[{"href":"https:\/\/global.hydroblok.com\/fr_ca\/wp-json\/wp\/v2\/pages"}],"about":[{"href":"https:\/\/global.hydroblok.com\/fr_ca\/wp-json\/wp\/v2\/types\/page"}],"author":[{"embeddable":true,"href":"https:\/\/global.hydroblok.com\/fr_ca\/wp-json\/wp\/v2\/users\/12"}],"replies":[{"embeddable":true,"href":"https:\/\/global.hydroblok.com\/fr_ca\/wp-json\/wp\/v2\/comments?post=7041"}],"version-history":[{"count":9,"href":"https:\/\/global.hydroblok.com\/fr_ca\/wp-json\/wp\/v2\/pages\/7041\/revisions"}],"predecessor-version":[{"id":7051,"href":"https:\/\/global.hydroblok.com\/fr_ca\/wp-json\/wp\/v2\/pages\/7041\/revisions\/7051"}],"wp:attachment":[{"href":"https:\/\/global.hydroblok.com\/fr_ca\/wp-json\/wp\/v2\/media?parent=7041"}],"curies":[{"name":"wp","href":"https:\/\/api.w.org\/{rel}","templated":true}]}}