{"id":8872,"date":"2023-07-13T13:59:22","date_gmt":"2023-07-13T17:59:22","guid":{"rendered":"https:\/\/global.hydroblok.com\/?page_id=8872"},"modified":"2023-07-13T14:00:00","modified_gmt":"2023-07-13T18:00:00","slug":"southeastern-tile-connection-durham","status":"publish","type":"page","link":"https:\/\/global.hydroblok.com\/fr_ca\/find-a-dealer\/southeastern-tile-connection-durham\/","title":{"rendered":"Connexion de tuiles sud-est Durham"},"content":{"rendered":"<section class=\"wpb-content-wrapper\"><section data-vc-full-width=\"true\" data-vc-full-width-init=\"false\" data-vc-parallax=\"1.5\" data-vc-parallax-image=\"https:\/\/global.hydroblok.com\/wp-content\/uploads\/2021\/03\/hiw-img-1.png\" class=\"vc_section inner-padding banner-part vc_section-has-fill vc_section-o-content-middle vc_section-flex vc_general vc_parallax vc_parallax-content-moving\"><div class=\"vc_row wpb_row vc_row-fluid\"><div class=\"inner_cont\"><div class=\"wpb_column vc_column_container vc_col-sm-3\"><div class=\"vc_column-inner\"><div class=\"wpb_wrapper\"><\/div><\/div><\/div><div class=\"banner-middle wpb_column vc_column_container vc_col-sm-6 vc_col-has-fill\"><div class=\"vc_column-inner vc_custom_1641982971712\"><div class=\"wpb_wrapper\">\r\n\t<div class=\"wpb_text_column wpb_content_element  vc_custom_1689270755945\" >\r\n\t\t<div class=\"wpb_wrapper\">\r\n\t\t\t<h1 class=\"banner-header\">Connexion de tuiles sud-est Durham<\/h1>\n\r\n\t\t<\/div>\r\n\t<\/div>\r\n<div class=\"vc_row wpb_row vc_inner vc_row-fluid\"><div class=\"wpb_column vc_column_container vc_col-sm-3\"><div class=\"vc_column-inner\"><div class=\"wpb_wrapper\"><div class=\"vc_icon_element vc_icon_element-outer phone-icon vc_icon_element-align-center vc_icon_element-have-style\"><div class=\"vc_icon_element-inner vc_icon_element-color-white vc_icon_element-have-style-inner vc_icon_element-size-md vc_icon_element-style-rounded vc_icon_element-background vc_icon_element-background-color-custom\"  style=\"background-color:\"><span class=\"vc_icon_element-icon fas fa-phone-alt\" ><\/span><a class=\"vc_icon_element-link\" href=\"tel:(919)%20237-9845\"  title=\"\" target=\"_self\"><\/a><\/div><\/div><\/div><\/div><\/div><div class=\"wpb_column vc_column_container vc_col-sm-9\"><div class=\"vc_column-inner\"><div class=\"wpb_wrapper\"><div class=\"vc_btn3-container  dealer-call-btn vc_btn3-left\" ><a class=\"vc_general vc_btn3 vc_btn3-size-lg vc_btn3-shape-square vc_btn3-style-modern vc_btn3-color-white\" href=\"tel:(919)%20237-9845\" title=\"\">(919) 237-9845<\/a><\/div><\/div><\/div><\/div><\/div><\/div><\/div><\/div><div class=\"wpb_column vc_column_container vc_col-sm-3\"><div class=\"vc_column-inner\"><div class=\"wpb_wrapper\"><\/div><\/div><\/div><\/div><\/div><div class=\"vc_row wpb_row vc_row-fluid\"><div class=\"inner_cont\"><div class=\"wpb_column vc_column_container vc_col-sm-3\"><div class=\"vc_column-inner\"><div class=\"wpb_wrapper\"><\/div><\/div><\/div><div class=\"wpb_column vc_column_container vc_col-sm-6\"><div class=\"vc_column-inner\"><div class=\"wpb_wrapper\"><div class=\"vc_row wpb_row vc_inner vc_row-fluid vc_custom_1641925729859\"><div class=\"wpb_column vc_column_container vc_col-sm-12\"><div class=\"vc_column-inner\"><div class=\"wpb_wrapper\">\r\n\t<div class=\"wpb_text_column wpb_content_element\" >\r\n\t\t<div class=\"wpb_wrapper\">\r\n\t\t\t<p class=\"offer-para\" style=\"text-align: center; font-size: 28px;\">3738, boulevard Durham-Chapel Hill, unit\u00e9 D, Durham, NC 27707<\/p>\n\r\n\t\t<\/div>\r\n\t<\/div>\r\n<\/div><\/div><\/div><\/div><\/div><\/div><\/div><div class=\"wpb_column vc_column_container vc_col-sm-3\"><div class=\"vc_column-inner\"><div class=\"wpb_wrapper\"><\/div><\/div><\/div><\/div><\/div><\/section><div class=\"vc_row-full-width vc_clearfix\"><\/div><section class=\"vc_section inner-padding vc_custom_1641927731658 vc_section-has-fill\"><div class=\"vc_row wpb_row vc_row-fluid\"><div class=\"inner_cont\"><div class=\"wpb_column vc_column_container vc_col-sm-12\"><div class=\"vc_column-inner\"><div class=\"wpb_wrapper\">\r\n\t<div class=\"wpb_text_column wpb_content_element\" >\r\n\t\t<div class=\"wpb_wrapper\">\r\n\t\t\t<h2 class=\"inner-heading\"><span style=\"color: #8a8c8e;\">Southeastern Tile Connection Durham \u2013 Concessionnaire HYDRO-BLOK \u00e0 Durham, Caroline du Nord, \u00c9tats-Unis <\/span><\/h2>\n\r\n\t\t<\/div>\r\n\t<\/div>\r\n<\/div><\/div><\/div><\/div><\/div><div class=\"vc_row wpb_row vc_row-fluid vc_row-o-content-top vc_row-flex\"><div class=\"inner_cont\"><div class=\"wpb_column vc_column_container vc_col-sm-6\"><div class=\"vc_column-inner\"><div class=\"wpb_wrapper\">\n\t<div  class=\"wpb_single_image wpb_content_element vc_align_left\">\n\t\t\n\t\t<figure class=\"wpb_wrapper vc_figure\">\n\t\t\t<div class=\"vc_single_image-wrapper   vc_box_border_grey\"><img width=\"937\" height=\"782\" src=\"https:\/\/global.hydroblok.com\/wp-content\/uploads\/2023\/07\/home-tiles.jpg\" class=\"vc_single_image-img attachment-full\" alt=\"\" decoding=\"async\" loading=\"lazy\" title=\"carrelage-maison\" srcset=\"https:\/\/global.hydroblok.com\/wp-content\/uploads\/2023\/07\/home-tiles.jpg 937w, https:\/\/global.hydroblok.com\/wp-content\/uploads\/2023\/07\/home-tiles-300x250.jpg 300w, https:\/\/global.hydroblok.com\/wp-content\/uploads\/2023\/07\/home-tiles-768x641.jpg 768w, https:\/\/global.hydroblok.com\/wp-content\/uploads\/2023\/07\/home-tiles-600x501.jpg 600w, https:\/\/global.hydroblok.com\/wp-content\/uploads\/2023\/07\/home-tiles-900x751.jpg 900w, https:\/\/global.hydroblok.com\/wp-content\/uploads\/2023\/07\/home-tiles-14x12.jpg 14w\" sizes=\"(max-width: 937px) 100vw, 937px\" data-attachment-id=\"8876\" data-permalink=\"https:\/\/global.hydroblok.com\/fr_ca\/find-a-dealer\/southeastern-tile-connection-durham\/home-tiles\/\" data-orig-file=\"https:\/\/global.hydroblok.com\/wp-content\/uploads\/2023\/07\/home-tiles.jpg\" data-orig-size=\"937,782\" data-comments-opened=\"0\" data-image-meta=\"{&quot;aperture&quot;:&quot;0&quot;,&quot;credit&quot;:&quot;&quot;,&quot;camera&quot;:&quot;&quot;,&quot;caption&quot;:&quot;&quot;,&quot;created_timestamp&quot;:&quot;0&quot;,&quot;copyright&quot;:&quot;&quot;,&quot;focal_length&quot;:&quot;0&quot;,&quot;iso&quot;:&quot;0&quot;,&quot;shutter_speed&quot;:&quot;0&quot;,&quot;title&quot;:&quot;&quot;,&quot;orientation&quot;:&quot;0&quot;}\" data-image-title=\"home-tiles\" data-image-description=\"\" data-image-caption=\"\" data-medium-file=\"https:\/\/global.hydroblok.com\/wp-content\/uploads\/2023\/07\/home-tiles-300x250.jpg\" data-large-file=\"https:\/\/global.hydroblok.com\/wp-content\/uploads\/2023\/07\/home-tiles.jpg\" data-image-><\/div>\n\t\t<\/figure>\n\t<\/div>\n\r\n\t<div class=\"wpb_text_column wpb_content_element  about-dealer\" >\r\n\t\t<div class=\"wpb_wrapper\">\r\n\t\t\t<section class=\"intro-row interior-content\">\n<div class=\"container\">\n<div class=\"row\">\n<div class=\"col-xs-12 text-center wow slideInUp animated\">\n<p><strong>Connexion des tuiles sud-est<\/strong> est votre source locale de rev\u00eatements de sol et de murs \u00e9l\u00e9gants. Notre salle d&#039;exposition est situ\u00e9e \u00e0 Wilmington, mais nos produits proviennent du monde entier. Nous pr\u00e9sentons un inventaire des meilleurs produits en carrelage et en pierre, continuellement mis \u00e0 jour. Notre centre de design propose une vari\u00e9t\u00e9 de produits adapt\u00e9s \u00e0 vos pr\u00e9f\u00e9rences et \u00e0 votre style de conception. Parcourez notre galerie et consultez nos biographies de cr\u00e9ateurs. Nous sommes impatients de travailler avec vous pour donner vie \u00e0 votre maison ou votre projet.<\/p>\n<\/div>\n<\/div>\n<\/div>\n<\/section>\n\r\n\t\t<\/div>\r\n\t<\/div>\r\n<\/div><\/div><\/div><div class=\"wpb_column vc_column_container vc_col-sm-6\"><div class=\"vc_column-inner vc_custom_1642054177607\"><div class=\"wpb_wrapper\">\r\n\t<div class=\"wpb_text_column wpb_content_element  project-heading\" >\r\n\t\t<div class=\"wpb_wrapper\">\r\n\t\t\t<h2 class=\"request-heading\">Demande de citation<\/h2>\n\r\n\t\t<\/div>\r\n\t<\/div>\r\n<\/div><\/div><\/div><\/div><\/div><\/section><section class=\"vc_section inner-padding vc_custom_1641927817947 vc_section-has-fill\"><div class=\"vc_row wpb_row vc_row-fluid\"><div class=\"inner_cont\"><div class=\"wpb_column vc_column_container vc_col-sm-4\"><div class=\"vc_column-inner\"><div class=\"wpb_wrapper\">\r\n\t<div class=\"wpb_text_column wpb_content_element\" >\r\n\t\t<div class=\"wpb_wrapper\">\r\n\t\t\t<h2 class=\"inner-heading\">Connexion de tuiles sud-est Durham<\/h2>\n\r\n\t\t<\/div>\r\n\t<\/div>\r\n\r\n\t<div class=\"wpb_text_column wpb_content_element\" >\r\n\t\t<div class=\"wpb_wrapper\">\r\n\t\t\t<p><span class=\"contact-sub-heading\">Adresse<\/span><\/p>\n<p class=\"contact-sub-para\">3738, boulevard Durham-Chapel Hill, unit\u00e9 D, Durham, NC 27707<\/p>\n\r\n\t\t<\/div>\r\n\t<\/div>\r\n\r\n\t<div class=\"wpb_text_column wpb_content_element\" >\r\n\t\t<div class=\"wpb_wrapper\">\r\n\t\t\t<p><span class=\"contact-sub-heading\">E-mail<\/span><\/p>\n<p class=\"contact-sub-para\"><a href=\"mailto:info@setileconnection.com\">info@setileconnection.com<\/a><\/p>\n\r\n\t\t<\/div>\r\n\t<\/div>\r\n\r\n\t<div class=\"wpb_text_column wpb_content_element\" >\r\n\t\t<div class=\"wpb_wrapper\">\r\n\t\t\t<p><span class=\"contact-sub-heading\">Site Internet<\/span><\/p>\n<p class=\"contact-sub-para\"><a href=\"https:\/\/www.setileconnection.com\/\/\" target=\"_blank\" rel=\"noopener\"> www.setileconnection.com<\/a><\/p>\n\r\n\t\t<\/div>\r\n\t<\/div>\r\n\r\n\t<div class=\"wpb_text_column wpb_content_element  vc_custom_1689270970291\" >\r\n\t\t<div class=\"wpb_wrapper\">\r\n\t\t\t<p><span class=\"contact-sub-heading\">T\u00e9l\u00e9phone<\/span><\/p>\n<p class=\"contact-sub-para\"><a href=\"tel:(919) 237-9845\">(919) 237-9845<\/a><\/p>\n\r\n\t\t<\/div>\r\n\t<\/div>\r\n<\/div><\/div><\/div><div class=\"wpb_column vc_column_container vc_col-sm-8\"><div class=\"vc_column-inner\"><div class=\"wpb_wrapper\"><div class=\"vc_row wpb_row vc_inner vc_row-fluid\"><div class=\"wpb_column vc_column_container vc_col-sm-12\"><div class=\"vc_column-inner\"><div class=\"wpb_wrapper\">\r\n\t<div class=\"wpb_text_column wpb_content_element\" >\r\n\t\t<div class=\"wpb_wrapper\">\r\n\t\t\t<p><iframe loading=\"lazy\" style=\"border: 0;\" src=\"https:\/\/www.google.com\/maps\/embed?pb=!1m14!1m8!1m3!1d12915.959941870298!2d-78.9533217!3d35.9716703!3m2!1i1024!2i768!4f13.1!3m3!1m2!1s0x89ace73abdba0717%3A0xd9a18911b47e6c14!2sSoutheastern%20Tile%20Connection%20-%20Durham!5e0!3m2!1sen!2sus!4v1689271134776!5m2!1sen!2sus\" width=\"100%\" height=\"600\" allowfullscreen=\"allowfullscreen\"><\/iframe><\/p>\n\r\n\t\t<\/div>\r\n\t<\/div>\r\n<\/div><\/div><\/div><\/div><\/div><\/div><\/div><\/div><\/div><\/section><section class=\"vc_section inner-padding vc_custom_1641927748557 vc_section-has-fill\"><div class=\"vc_row wpb_row vc_row-fluid\"><div class=\"inner_cont\"><div class=\"wpb_column vc_column_container vc_col-sm-12\"><div class=\"vc_column-inner\"><div class=\"wpb_wrapper\">\r\n\t<div class=\"wpb_text_column wpb_content_element\" >\r\n\t\t<div class=\"wpb_wrapper\">\r\n\t\t\t<h2 class=\"inner-heading\">Avantages de l&#039;HYDRO-BLOK<\/h2>\n\r\n\t\t<\/div>\r\n\t<\/div>\r\n<\/div><\/div><\/div><\/div><\/div><div class=\"vc_row wpb_row vc_row-fluid\"><div class=\"inner_cont\"><div class=\"wpb_column vc_column_container vc_col-sm-12\"><div class=\"vc_column-inner\"><div class=\"wpb_wrapper\">\r\n\t<div class=\"wpb_text_column wpb_content_element  hydroblok-Benefits\" >\r\n\t\t<div class=\"wpb_wrapper\">\r\n\t\t\t<p>le<strong> HYDRO-BLOK<\/strong> Le syst\u00e8me de douche comprend un noyau en mousse XPS \u00e0 cellules ferm\u00e9es, sans HCFC et un rev\u00eatement exclusif en ciment modifi\u00e9 aux polym\u00e8res. Une fois install\u00e9 \u00e0 l&#039;aide de notre joint d&#039;\u00e9tanch\u00e9it\u00e9, vous obtenez un syst\u00e8me de douche enti\u00e8rement \u00e9tanche compos\u00e9 de receveurs de douche, de panneaux muraux et d&#039;accessoires l\u00e9gers, solides et pr\u00eats pour vos cr\u00e9ations de carreaux ou de pierres et tous soutenus par notre garantie limit\u00e9e \u00e0 vie. Le syst\u00e8me de douche HYDRO-BLOK a \u00e9t\u00e9 d\u00e9velopp\u00e9 avec une philosophie simple - la construction d&#039;une douche moderne devrait \u00eatre plus rapide, plus facile et plus rentable que les installations de douche traditionnelles.<\/p>\n<p>L&#039;\u00e9quipe HYDRO-BLOK a r\u00e9uni de nombreuses ann\u00e9es d&#039;exp\u00e9rience dans les industries de la construction, du d\u00e9veloppement de produits, de la fabrication et de la pierre et des carreaux pour fournir un syst\u00e8me de douche plus facile, plus rapide et MEILLEUR. Avec une garantie de 10 ans sur tous les produits en mousse, nous garantissons nos produits afin que vous puissiez profiter de votre douche sans tracas pendant de nombreuses ann\u00e9es \u00e0 venir. Nous vous remercions de consid\u00e9rer nos produits pour votre prochain projet de douche ou de r\u00e9novation et nous nous r\u00e9jouissons de vous servir avec une gamme de produits en expansion \u00e0 l&#039;avenir.<\/p>\n\r\n\t\t<\/div>\r\n\t<\/div>\r\n<\/div><\/div><\/div><\/div><\/div><\/section>\n<\/section>","protected":false},"excerpt":{"rendered":"Southeastern Tile Connection Durham (919) 237-9845 3738 Durham-Chapel Hill Blvd Unit D, Durham, NC 27707 Southeastern Tile Connection Durham - Le concessionnaire HYDRO-BLOK \u00e0 Durham, NC, \u00c9tats-Unis Southeastern Tile Connection est [...]","protected":false},"author":14,"featured_media":0,"parent":12,"menu_order":0,"comment_status":"closed","ping_status":"closed","template":"","meta":[],"jetpack_sharing_enabled":true,"jetpack_shortlink":"https:\/\/wp.me\/PgwIK9-2j6","jetpack_likes_enabled":true,"_links":{"self":[{"href":"https:\/\/global.hydroblok.com\/fr_ca\/wp-json\/wp\/v2\/pages\/8872"}],"collection":[{"href":"https:\/\/global.hydroblok.com\/fr_ca\/wp-json\/wp\/v2\/pages"}],"about":[{"href":"https:\/\/global.hydroblok.com\/fr_ca\/wp-json\/wp\/v2\/types\/page"}],"author":[{"embeddable":true,"href":"https:\/\/global.hydroblok.com\/fr_ca\/wp-json\/wp\/v2\/users\/14"}],"replies":[{"embeddable":true,"href":"https:\/\/global.hydroblok.com\/fr_ca\/wp-json\/wp\/v2\/comments?post=8872"}],"version-history":[{"count":3,"href":"https:\/\/global.hydroblok.com\/fr_ca\/wp-json\/wp\/v2\/pages\/8872\/revisions"}],"predecessor-version":[{"id":8879,"href":"https:\/\/global.hydroblok.com\/fr_ca\/wp-json\/wp\/v2\/pages\/8872\/revisions\/8879"}],"up":[{"embeddable":true,"href":"https:\/\/global.hydroblok.com\/fr_ca\/wp-json\/wp\/v2\/pages\/12"}],"wp:attachment":[{"href":"https:\/\/global.hydroblok.com\/fr_ca\/wp-json\/wp\/v2\/media?parent=8872"}],"curies":[{"name":"wp","href":"https:\/\/api.w.org\/{rel}","templated":true}]}}