{"id":8901,"date":"2023-07-14T01:39:00","date_gmt":"2023-07-14T05:39:00","guid":{"rendered":"https:\/\/global.hydroblok.com\/?page_id=8901"},"modified":"2023-07-14T01:39:00","modified_gmt":"2023-07-14T05:39:00","slug":"daltile-charleston","status":"publish","type":"page","link":"https:\/\/global.hydroblok.com\/fr_ca\/find-a-dealer\/daltile-charleston\/","title":{"rendered":"Daltile Charleston"},"content":{"rendered":"<section class=\"wpb-content-wrapper\"><section data-vc-full-width=\"true\" data-vc-full-width-init=\"false\" data-vc-parallax=\"1.5\" data-vc-parallax-image=\"https:\/\/global.hydroblok.com\/wp-content\/uploads\/2021\/03\/hiw-img-1.png\" class=\"vc_section inner-padding banner-part vc_section-has-fill vc_section-o-content-middle vc_section-flex vc_general vc_parallax vc_parallax-content-moving\"><div class=\"vc_row wpb_row vc_row-fluid\"><div class=\"inner_cont\"><div class=\"wpb_column vc_column_container vc_col-sm-3\"><div class=\"vc_column-inner\"><div class=\"wpb_wrapper\"><\/div><\/div><\/div><div class=\"banner-middle wpb_column vc_column_container vc_col-sm-6 vc_col-has-fill\"><div class=\"vc_column-inner vc_custom_1641982971712\"><div class=\"wpb_wrapper\">\r\n\t<div class=\"wpb_text_column wpb_content_element  vc_custom_1689312767396\" >\r\n\t\t<div class=\"wpb_wrapper\">\r\n\t\t\t<h1 class=\"banner-header\">Daltile Charleston<\/h1>\n\r\n\t\t<\/div>\r\n\t<\/div>\r\n<div class=\"vc_row wpb_row vc_inner vc_row-fluid\"><div class=\"wpb_column vc_column_container vc_col-sm-3\"><div class=\"vc_column-inner\"><div class=\"wpb_wrapper\"><div class=\"vc_icon_element vc_icon_element-outer phone-icon vc_icon_element-align-center vc_icon_element-have-style\"><div class=\"vc_icon_element-inner vc_icon_element-color-white vc_icon_element-have-style-inner vc_icon_element-size-md vc_icon_element-style-rounded vc_icon_element-background vc_icon_element-background-color-custom\"  style=\"background-color:\"><span class=\"vc_icon_element-icon fas fa-phone-alt\" ><\/span><a class=\"vc_icon_element-link\" href=\"tel:(509)%20972-7620\"  title=\"\" target=\"_self\"><\/a><\/div><\/div><\/div><\/div><\/div><div class=\"wpb_column vc_column_container vc_col-sm-9\"><div class=\"vc_column-inner\"><div class=\"wpb_wrapper\"><div class=\"vc_btn3-container  dealer-call-btn vc_btn3-left\" ><a class=\"vc_general vc_btn3 vc_btn3-size-lg vc_btn3-shape-square vc_btn3-style-modern vc_btn3-color-white\" href=\"tel:(509)%20972-7620\" title=\"\">(509) 972-7620<\/a><\/div><\/div><\/div><\/div><\/div><\/div><\/div><\/div><div class=\"wpb_column vc_column_container vc_col-sm-3\"><div class=\"vc_column-inner\"><div class=\"wpb_wrapper\"><\/div><\/div><\/div><\/div><\/div><div class=\"vc_row wpb_row vc_row-fluid\"><div class=\"inner_cont\"><div class=\"wpb_column vc_column_container vc_col-sm-3\"><div class=\"vc_column-inner\"><div class=\"wpb_wrapper\"><\/div><\/div><\/div><div class=\"wpb_column vc_column_container vc_col-sm-6\"><div class=\"vc_column-inner\"><div class=\"wpb_wrapper\"><div class=\"vc_row wpb_row vc_inner vc_row-fluid vc_custom_1641925729859\"><div class=\"wpb_column vc_column_container vc_col-sm-12\"><div class=\"vc_column-inner\"><div class=\"wpb_wrapper\">\r\n\t<div class=\"wpb_text_column wpb_content_element\" >\r\n\t\t<div class=\"wpb_wrapper\">\r\n\t\t\t<p class=\"offer-para\" style=\"text-align: center; font-size: 28px;\">2261 Technical Pkwy Ste B, Charleston, Caroline du Sud, \u00c9tats-Unis<\/p>\n\r\n\t\t<\/div>\r\n\t<\/div>\r\n<\/div><\/div><\/div><\/div><\/div><\/div><\/div><div class=\"wpb_column vc_column_container vc_col-sm-3\"><div class=\"vc_column-inner\"><div class=\"wpb_wrapper\"><\/div><\/div><\/div><\/div><\/div><\/section><div class=\"vc_row-full-width vc_clearfix\"><\/div><section class=\"vc_section inner-padding vc_custom_1641927731658 vc_section-has-fill\"><div class=\"vc_row wpb_row vc_row-fluid\"><div class=\"inner_cont\"><div class=\"wpb_column vc_column_container vc_col-sm-12\"><div class=\"vc_column-inner\"><div class=\"wpb_wrapper\">\r\n\t<div class=\"wpb_text_column wpb_content_element\" >\r\n\t\t<div class=\"wpb_wrapper\">\r\n\t\t\t<h2 class=\"inner-heading\"><span style=\"color: #8a8c8e;\">Daltile Charleston \u2013 Distributeur HYDRO-BLOK \u00e0 Charleston, Caroline du Sud, \u00c9tats-Unis <\/span><\/h2>\n\r\n\t\t<\/div>\r\n\t<\/div>\r\n<\/div><\/div><\/div><\/div><\/div><div class=\"vc_row wpb_row vc_row-fluid vc_row-o-content-top vc_row-flex\"><div class=\"inner_cont\"><div class=\"wpb_column vc_column_container vc_col-sm-6\"><div class=\"vc_column-inner\"><div class=\"wpb_wrapper\">\n\t<div  class=\"wpb_single_image wpb_content_element vc_align_center\">\n\t\t\n\t\t<figure class=\"wpb_wrapper vc_figure\">\n\t\t\t<div class=\"vc_single_image-wrapper   vc_box_border_grey\"><img width=\"898\" height=\"322\" src=\"https:\/\/global.hydroblok.com\/wp-content\/uploads\/2023\/07\/counter-tops-1.jpg\" class=\"vc_single_image-img attachment-full\" alt=\"\" decoding=\"async\" loading=\"lazy\" title=\"comptoirs\" srcset=\"https:\/\/global.hydroblok.com\/wp-content\/uploads\/2023\/07\/counter-tops-1.jpg 898w, https:\/\/global.hydroblok.com\/wp-content\/uploads\/2023\/07\/counter-tops-1-300x108.jpg 300w, https:\/\/global.hydroblok.com\/wp-content\/uploads\/2023\/07\/counter-tops-1-768x275.jpg 768w, https:\/\/global.hydroblok.com\/wp-content\/uploads\/2023\/07\/counter-tops-1-600x215.jpg 600w, https:\/\/global.hydroblok.com\/wp-content\/uploads\/2023\/07\/counter-tops-1-18x6.jpg 18w\" sizes=\"(max-width: 898px) 100vw, 898px\" data-attachment-id=\"8910\" data-permalink=\"https:\/\/global.hydroblok.com\/fr_ca\/find-a-dealer\/daltile-charleston\/counter-tops-2\/\" data-orig-file=\"https:\/\/global.hydroblok.com\/wp-content\/uploads\/2023\/07\/counter-tops-1.jpg\" data-orig-size=\"898,322\" data-comments-opened=\"0\" data-image-meta=\"{&quot;aperture&quot;:&quot;0&quot;,&quot;credit&quot;:&quot;&quot;,&quot;camera&quot;:&quot;&quot;,&quot;caption&quot;:&quot;&quot;,&quot;created_timestamp&quot;:&quot;0&quot;,&quot;copyright&quot;:&quot;&quot;,&quot;focal_length&quot;:&quot;0&quot;,&quot;iso&quot;:&quot;0&quot;,&quot;shutter_speed&quot;:&quot;0&quot;,&quot;title&quot;:&quot;&quot;,&quot;orientation&quot;:&quot;0&quot;}\" data-image-title=\"counter-tops\" data-image-description=\"\" data-image-caption=\"\" data-medium-file=\"https:\/\/global.hydroblok.com\/wp-content\/uploads\/2023\/07\/counter-tops-1-300x108.jpg\" data-large-file=\"https:\/\/global.hydroblok.com\/wp-content\/uploads\/2023\/07\/counter-tops-1.jpg\" data-image-><\/div>\n\t\t<\/figure>\n\t<\/div>\n\r\n\t<div class=\"wpb_text_column wpb_content_element  about-dealer\" >\r\n\t\t<div class=\"wpb_wrapper\">\r\n\t\t\t<p><strong>Daltile<\/strong> Le centre de service commercial de Charleston, en Caroline du Sud, est la meilleure destination du pays pour les carreaux sp\u00e9cialis\u00e9s, des mosa\u00efques uniques en leur genre aux pierres naturelles et d&#039;aspect bois. Dans un centre de service commercial Daltile, vous trouverez toujours la meilleure offre. sur carrelage avec les informations dont vous avez besoin pour donner vie au r\u00eave de votre client.<\/p>\n<p>Nos collaborateurs\u00a0: vous d\u00e9couvrirez une diff\u00e9rence unique avec les emplacements des centres de service de vente Daltile. Nous vous \u00e9coutons et vous apportons enti\u00e8re satisfaction d\u00e8s votre premi\u00e8re visite jusqu&#039;\u00e0 l&#039;installation.<\/p>\n\r\n\t\t<\/div>\r\n\t<\/div>\r\n<\/div><\/div><\/div><div class=\"wpb_column vc_column_container vc_col-sm-6\"><div class=\"vc_column-inner vc_custom_1642054177607\"><div class=\"wpb_wrapper\">\r\n\t<div class=\"wpb_text_column wpb_content_element  project-heading\" >\r\n\t\t<div class=\"wpb_wrapper\">\r\n\t\t\t<h2 class=\"request-heading\">Demande de citation<\/h2>\n\r\n\t\t<\/div>\r\n\t<\/div>\r\n<\/div><\/div><\/div><\/div><\/div><\/section><section class=\"vc_section inner-padding vc_custom_1641927817947 vc_section-has-fill\"><div class=\"vc_row wpb_row vc_row-fluid\"><div class=\"inner_cont\"><div class=\"wpb_column vc_column_container vc_col-sm-4\"><div class=\"vc_column-inner\"><div class=\"wpb_wrapper\">\r\n\t<div class=\"wpb_text_column wpb_content_element\" >\r\n\t\t<div class=\"wpb_wrapper\">\r\n\t\t\t<h2 class=\"inner-heading\">Daltile Charleston<\/h2>\n\r\n\t\t<\/div>\r\n\t<\/div>\r\n\r\n\t<div class=\"wpb_text_column wpb_content_element\" >\r\n\t\t<div class=\"wpb_wrapper\">\r\n\t\t\t<p><span class=\"contact-sub-heading\">Adresse<\/span><\/p>\n<p class=\"contact-sub-para\">2261 Technical Pkwy Ste B, Charleston, Caroline du Sud, \u00c9tats-Unis<\/p>\n\r\n\t\t<\/div>\r\n\t<\/div>\r\n\r\n\t<div class=\"wpb_text_column wpb_content_element\" >\r\n\t\t<div class=\"wpb_wrapper\">\r\n\t\t\t<p><span class=\"contact-sub-heading\">Site Internet<\/span><\/p>\n<p class=\"contact-sub-para\"><a href=\"https:\/\/locations.daltile.com\/sc\/charleston\/329\/\/\" target=\"_blank\" rel=\"noopener\">www.locations.daltile.com<\/a><\/p>\n\r\n\t\t<\/div>\r\n\t<\/div>\r\n\r\n\t<div class=\"wpb_text_column wpb_content_element  vc_custom_1689313000615\" >\r\n\t\t<div class=\"wpb_wrapper\">\r\n\t\t\t<p><span class=\"contact-sub-heading\">T\u00e9l\u00e9phone<\/span><\/p>\n<p class=\"contact-sub-para\"><a href=\"tel:(509) 972-7620\">(509) 972-7620<\/a><\/p>\n\r\n\t\t<\/div>\r\n\t<\/div>\r\n<\/div><\/div><\/div><div class=\"wpb_column vc_column_container vc_col-sm-8\"><div class=\"vc_column-inner\"><div class=\"wpb_wrapper\"><div class=\"vc_row wpb_row vc_inner vc_row-fluid\"><div class=\"wpb_column vc_column_container vc_col-sm-12\"><div class=\"vc_column-inner\"><div class=\"wpb_wrapper\">\r\n\t<div class=\"wpb_text_column wpb_content_element\" >\r\n\t\t<div class=\"wpb_wrapper\">\r\n\t\t\t<p><iframe loading=\"lazy\" style=\"border: 0;\" src=\"https:\/\/www.google.com\/maps\/embed?pb=!1m14!1m8!1m3!1d13398.12898930522!2d-80.0323334!3d32.9105333!3m2!1i1024!2i768!4f13.1!3m3!1m2!1s0x88fe63a1f59f9695%3A0x1a900ec2dd68df84!2sDaltile%2C%20Marazzi%20Sales%20Service%20Center!5e0!3m2!1sen!2sus!4v1689312922174!5m2!1sen!2sus\" width=\"100%\" height=\"400\" allowfullscreen=\"allowfullscreen\"><\/iframe><\/p>\n\r\n\t\t<\/div>\r\n\t<\/div>\r\n<\/div><\/div><\/div><\/div><\/div><\/div><\/div><\/div><\/div><\/section><section class=\"vc_section inner-padding vc_custom_1641927748557 vc_section-has-fill\"><div class=\"vc_row wpb_row vc_row-fluid\"><div class=\"inner_cont\"><div class=\"wpb_column vc_column_container vc_col-sm-12\"><div class=\"vc_column-inner\"><div class=\"wpb_wrapper\">\r\n\t<div class=\"wpb_text_column wpb_content_element\" >\r\n\t\t<div class=\"wpb_wrapper\">\r\n\t\t\t<h2 class=\"inner-heading\">Avantages de l&#039;HYDRO-BLOK<\/h2>\n\r\n\t\t<\/div>\r\n\t<\/div>\r\n<\/div><\/div><\/div><\/div><\/div><div class=\"vc_row wpb_row vc_row-fluid\"><div class=\"inner_cont\"><div class=\"wpb_column vc_column_container vc_col-sm-12\"><div class=\"vc_column-inner\"><div class=\"wpb_wrapper\">\r\n\t<div class=\"wpb_text_column wpb_content_element  hydroblok-Benefits\" >\r\n\t\t<div class=\"wpb_wrapper\">\r\n\t\t\t<p>le<strong> HYDRO-BLOK<\/strong> Le syst\u00e8me de douche comprend un noyau en mousse XPS \u00e0 cellules ferm\u00e9es, sans HCFC et un rev\u00eatement exclusif en ciment modifi\u00e9 aux polym\u00e8res. Une fois install\u00e9 \u00e0 l&#039;aide de notre joint d&#039;\u00e9tanch\u00e9it\u00e9, vous obtenez un syst\u00e8me de douche enti\u00e8rement \u00e9tanche compos\u00e9 de receveurs de douche, de panneaux muraux et d&#039;accessoires l\u00e9gers, solides et pr\u00eats pour vos cr\u00e9ations de carreaux ou de pierres et tous soutenus par notre garantie limit\u00e9e \u00e0 vie. Le syst\u00e8me de douche HYDRO-BLOK a \u00e9t\u00e9 d\u00e9velopp\u00e9 avec une philosophie simple - la construction d&#039;une douche moderne devrait \u00eatre plus rapide, plus facile et plus rentable que les installations de douche traditionnelles.<\/p>\n<p>L&#039;\u00e9quipe HYDRO-BLOK a r\u00e9uni de nombreuses ann\u00e9es d&#039;exp\u00e9rience dans les industries de la construction, du d\u00e9veloppement de produits, de la fabrication et de la pierre et des carreaux pour fournir un syst\u00e8me de douche plus facile, plus rapide et MEILLEUR. Avec une garantie de 10 ans sur tous les produits en mousse, nous garantissons nos produits afin que vous puissiez profiter de votre douche sans tracas pendant de nombreuses ann\u00e9es \u00e0 venir. Nous vous remercions de consid\u00e9rer nos produits pour votre prochain projet de douche ou de r\u00e9novation et nous nous r\u00e9jouissons de vous servir avec une gamme de produits en expansion \u00e0 l&#039;avenir.<\/p>\n\r\n\t\t<\/div>\r\n\t<\/div>\r\n<\/div><\/div><\/div><\/div><\/div><\/section>\n<\/section>","protected":false},"excerpt":{"rendered":"Daltile Charleston (509) 972-7620 2261 Technical Pkwy Ste B, Charleston, SC, US Daltile Charleston - Distributeur HYDRO-BLOK \u00e0 Charleston, SC, US Le centre de service commercial Daltile \u00e0 Charleston, SC est le [...]","protected":false},"author":14,"featured_media":0,"parent":12,"menu_order":0,"comment_status":"closed","ping_status":"closed","template":"","meta":[],"jetpack_sharing_enabled":true,"jetpack_shortlink":"https:\/\/wp.me\/PgwIK9-2jz","jetpack_likes_enabled":true,"_links":{"self":[{"href":"https:\/\/global.hydroblok.com\/fr_ca\/wp-json\/wp\/v2\/pages\/8901"}],"collection":[{"href":"https:\/\/global.hydroblok.com\/fr_ca\/wp-json\/wp\/v2\/pages"}],"about":[{"href":"https:\/\/global.hydroblok.com\/fr_ca\/wp-json\/wp\/v2\/types\/page"}],"author":[{"embeddable":true,"href":"https:\/\/global.hydroblok.com\/fr_ca\/wp-json\/wp\/v2\/users\/14"}],"replies":[{"embeddable":true,"href":"https:\/\/global.hydroblok.com\/fr_ca\/wp-json\/wp\/v2\/comments?post=8901"}],"version-history":[{"count":2,"href":"https:\/\/global.hydroblok.com\/fr_ca\/wp-json\/wp\/v2\/pages\/8901\/revisions"}],"predecessor-version":[{"id":8912,"href":"https:\/\/global.hydroblok.com\/fr_ca\/wp-json\/wp\/v2\/pages\/8901\/revisions\/8912"}],"up":[{"embeddable":true,"href":"https:\/\/global.hydroblok.com\/fr_ca\/wp-json\/wp\/v2\/pages\/12"}],"wp:attachment":[{"href":"https:\/\/global.hydroblok.com\/fr_ca\/wp-json\/wp\/v2\/media?parent=8901"}],"curies":[{"name":"wp","href":"https:\/\/api.w.org\/{rel}","templated":true}]}}