{"id":4438,"date":"2021-05-04T19:08:00","date_gmt":"2021-05-04T23:08:16","guid":{"rendered":"https:\/\/global.hydroblok.com\/?post_type=product&#038;p=4438"},"modified":"2024-10-13T23:13:46","modified_gmt":"2024-10-14T03:13:46","slug":"single-slope-shower-pan-side-extension-18%e2%80%b3-x-72%e2%80%b3","status":"publish","type":"product","link":"https:\/\/global.hydroblok.com\/fr_ca\/product\/single-slope-shower-pan-side-extension-18%e2%80%b3-x-72%e2%80%b3\/","title":{"rendered":"Rallonge lat\u00e9rale de bac de douche \u00e0 pente simple 18\u2033 x 72\u2033"},"content":{"rendered":"<p>Besoin d&#039;agrandir un peu votre receveur de douche \u00e0 pente unique HYDRP-BLOK ? Alors notre gamme d&#039;extensions de douche est ce dont vous avez besoin. L&#039;extension de bac de douche \u00e0 pente unique HBSSSP1872EXT 18\u2033 x 72\u2033 vous permet de continuer votre sol de douche et de maintenir une pente appropri\u00e9e partout. Construit avec la m\u00eame qualit\u00e9 de construction et la m\u00eame fiabilit\u00e9 que notre gamme compl\u00e8te de receveurs de douche, de panneaux muraux et d&#039;accessoires.<\/p>","protected":false},"excerpt":{"rendered":"<p>Besoin d&#039;agrandir un peu votre receveur de douche \u00e0 pente unique HYDRP-BLOK ? Alors notre gamme d&#039;extensions de douche est ce dont vous avez besoin. La douche \u00e0 pente simple HBSSSP1872EXT 18\u2033 x 72\u2033 [\u2026]<\/p>","protected":false},"featured_media":9772,"template":"","meta":[],"product_cat":[51],"product_tag":[],"jetpack_publicize_connections":[],"jetpack_sharing_enabled":true,"jetpack_likes_enabled":true,"_links":{"self":[{"href":"https:\/\/global.hydroblok.com\/fr_ca\/wp-json\/wp\/v3\/product\/4438"}],"collection":[{"href":"https:\/\/global.hydroblok.com\/fr_ca\/wp-json\/wp\/v3\/product"}],"about":[{"href":"https:\/\/global.hydroblok.com\/fr_ca\/wp-json\/wp\/v2\/types\/product"}],"wp:featuredmedia":[{"embeddable":true,"href":"https:\/\/global.hydroblok.com\/fr_ca\/wp-json\/wp\/v2\/media\/9772"}],"wp:attachment":[{"href":"https:\/\/global.hydroblok.com\/fr_ca\/wp-json\/wp\/v2\/media?parent=4438"}],"wp:term":[{"taxonomy":"product_cat","embeddable":true,"href":"https:\/\/global.hydroblok.com\/fr_ca\/wp-json\/wp\/v2\/product_cat?post=4438"},{"taxonomy":"product_tag","embeddable":true,"href":"https:\/\/global.hydroblok.com\/fr_ca\/wp-json\/wp\/v2\/product_tag?post=4438"}],"curies":[{"name":"wp","href":"https:\/\/api.w.org\/{rel}","templated":true}]}}