{"id":4447,"date":"2021-05-04T19:08:00","date_gmt":"2021-05-04T23:08:17","guid":{"rendered":"https:\/\/global.hydroblok.com\/?post_type=product&#038;p=4447"},"modified":"2024-10-22T23:10:11","modified_gmt":"2024-10-23T03:10:11","slug":"shower-curb-mini-2x2-5-inch","status":"publish","type":"product","link":"https:\/\/global.hydroblok.com\/fr_ca\/product\/shower-curb-mini-2x2-5-inch\/","title":{"rendered":"Bordure de douche \u2013 Mini 2 \u00d7 2,5 pouces (3 tailles)"},"content":{"rendered":"<p>Si votre douche n\u00e9cessite une conception de bordure minimale, alors nos mini bordures de douche HYDRO-BLOK sont l&#039;option parfaite. Seulement 2&quot; de haut et 2,5&quot; de profondeur, cette bordure facilitera l&#039;entr\u00e9e dans votre douche. Disponibles en deux longueurs diff\u00e9rentes de 5&#039; et 7&#039;, les bordures HYDRO-BLOK peuvent \u00eatre facilement coup\u00e9es avec une scie \u00e0 main pour s&#039;adapter sur mesure \u00e0 toute installation de receveur de douche. Construction de haute qualit\u00e9 avec un noyau en mousse XPS imperm\u00e9able 100%, recouvert d&#039;un treillis en fibre de verre pour plus de r\u00e9sistance, puis recouvert d&#039;une surface de ciment modifi\u00e9e pour la pose de votre choix de carrelage, pierre, verre ou mosa\u00efque.<\/p>","protected":false},"excerpt":{"rendered":"<p>Si votre douche n\u00e9cessite une conception de bordure minimale, alors nos mini bordures de douche HYDRO-BLOK sont l&#039;option parfaite. Seulement 2&quot; de haut et 2,5&quot; de profondeur, cette bordure fera l&#039;entr\u00e9e [\u2026]<\/p>","protected":false},"featured_media":9799,"template":"","meta":[],"product_cat":[54],"product_tag":[],"jetpack_publicize_connections":[],"jetpack_sharing_enabled":true,"jetpack_likes_enabled":true,"_links":{"self":[{"href":"https:\/\/global.hydroblok.com\/fr_ca\/wp-json\/wp\/v3\/product\/4447"}],"collection":[{"href":"https:\/\/global.hydroblok.com\/fr_ca\/wp-json\/wp\/v3\/product"}],"about":[{"href":"https:\/\/global.hydroblok.com\/fr_ca\/wp-json\/wp\/v2\/types\/product"}],"wp:featuredmedia":[{"embeddable":true,"href":"https:\/\/global.hydroblok.com\/fr_ca\/wp-json\/wp\/v2\/media\/9799"}],"wp:attachment":[{"href":"https:\/\/global.hydroblok.com\/fr_ca\/wp-json\/wp\/v2\/media?parent=4447"}],"wp:term":[{"taxonomy":"product_cat","embeddable":true,"href":"https:\/\/global.hydroblok.com\/fr_ca\/wp-json\/wp\/v2\/product_cat?post=4447"},{"taxonomy":"product_tag","embeddable":true,"href":"https:\/\/global.hydroblok.com\/fr_ca\/wp-json\/wp\/v2\/product_tag?post=4447"}],"curies":[{"name":"wp","href":"https:\/\/api.w.org\/{rel}","templated":true}]}}