{"id":4454,"date":"2021-05-04T19:08:00","date_gmt":"2021-05-04T23:08:00","guid":{"rendered":"https:\/\/global.hydroblok.com\/?post_type=product&#038;p=4454"},"modified":"2024-10-23T01:58:22","modified_gmt":"2024-10-23T05:58:22","slug":"lg-diamond-bench-22-x-22-x-31","status":"publish","type":"product","link":"https:\/\/global.hydroblok.com\/fr_ca\/product\/lg-diamond-bench-22-x-22-x-31\/","title":{"rendered":"Grand Banc Diamant 22\u2033 x 22\u2033 x 31\u2033"},"content":{"rendered":"<p>Vous cherchez \u00e0 ajouter un banc d&#039;angle \u00e0 votre douche ? Ne cherchez pas plus loin que notre gamme de bancs de douche HYDRO-BLOK pour r\u00e9pondre \u00e0 tous vos besoins. Chacun de nos bancs d&#039;angle est construit \u00e0 partir d&#039;une seule pi\u00e8ce de mousse XPS imperm\u00e9able 100%, puis recouvert d&#039;un treillis en fibre de verre et d&#039;un rev\u00eatement de ciment modifi\u00e9 pr\u00eat pour votre carrelage ou votre pierre. Tous nos bancs sont livr\u00e9s avec le mat\u00e9riel et les instructions d&#039;installation n\u00e9cessaires pour un ajustement parfait \u00e0 chaque fois. Disponibles en deux styles diff\u00e9rents et quatre tailles diff\u00e9rentes, l&#039;un de ces bancs ou peut-\u00eatre m\u00eame deux, sera s\u00fbrement \u00e0 l&#039;aise dans votre douche.<\/p>\n<p>Notre grand banc diamant HYDRO-BLOK dispose d&#039;une largeur d&#039;assise de 31 po, offrant une surface d&#039;assise plus large de 7 po et 70% plus de surface que notre banc diamant moyen. Cette conception unique n&#039;enl\u00e8ve aucun espace au sol de votre douche, tout en offrant un si\u00e8ge d&#039;angle solide et esth\u00e9tique. L&#039;installation est rapide et simple et est pr\u00eate pour le carrelage ou la pierre lorsque vous l&#039;\u00eates.<\/p>","protected":false},"excerpt":{"rendered":"<p>Vous cherchez \u00e0 ajouter un banc d&#039;angle \u00e0 votre douche ? Ne cherchez pas plus loin que notre gamme de bancs de douche HYDRO-BLOK pour r\u00e9pondre \u00e0 tous vos besoins. Chacun de nos coins [\u2026]<\/p>","protected":false},"featured_media":9807,"template":"","meta":[],"product_cat":[61],"product_tag":[],"jetpack_publicize_connections":[],"jetpack_sharing_enabled":true,"jetpack_likes_enabled":true,"_links":{"self":[{"href":"https:\/\/global.hydroblok.com\/fr_ca\/wp-json\/wp\/v3\/product\/4454"}],"collection":[{"href":"https:\/\/global.hydroblok.com\/fr_ca\/wp-json\/wp\/v3\/product"}],"about":[{"href":"https:\/\/global.hydroblok.com\/fr_ca\/wp-json\/wp\/v2\/types\/product"}],"wp:featuredmedia":[{"embeddable":true,"href":"https:\/\/global.hydroblok.com\/fr_ca\/wp-json\/wp\/v2\/media\/9807"}],"wp:attachment":[{"href":"https:\/\/global.hydroblok.com\/fr_ca\/wp-json\/wp\/v2\/media?parent=4454"}],"wp:term":[{"taxonomy":"product_cat","embeddable":true,"href":"https:\/\/global.hydroblok.com\/fr_ca\/wp-json\/wp\/v2\/product_cat?post=4454"},{"taxonomy":"product_tag","embeddable":true,"href":"https:\/\/global.hydroblok.com\/fr_ca\/wp-json\/wp\/v2\/product_tag?post=4454"}],"curies":[{"name":"wp","href":"https:\/\/api.w.org\/{rel}","templated":true}]}}