{"id":4455,"date":"2021-05-04T19:08:00","date_gmt":"2021-05-04T23:08:00","guid":{"rendered":"https:\/\/global.hydroblok.com\/?post_type=product&#038;p=4455"},"modified":"2024-10-11T21:35:30","modified_gmt":"2024-10-12T01:35:30","slug":"md-suspended-bench-17-x-17-x-24","status":"publish","type":"product","link":"https:\/\/global.hydroblok.com\/fr_ca\/product\/md-suspended-bench-17-x-17-x-24\/","title":{"rendered":"Banc suspendu moyen 17\u2033 x 17\u2033 x 24\u2033"},"content":{"rendered":"<p>Vous cherchez \u00e0 ajouter un si\u00e8ge d&#039;angle ou un banc \u00e0 votre douche ? Ne cherchez pas plus loin que notre gamme de bancs de douche HYDRO-BLOK pour r\u00e9pondre \u00e0 tous vos besoins. Chacun de nos bancs d&#039;angle est construit \u00e0 partir d&#039;une seule pi\u00e8ce de mousse XPS imperm\u00e9able 100%, puis recouvert d&#039;un treillis en fibre de verre et d&#039;un rev\u00eatement de ciment modifi\u00e9 pr\u00eat pour votre carrelage ou votre pierre. Tous nos bancs sont livr\u00e9s avec le mat\u00e9riel et les instructions d&#039;installation n\u00e9cessaires pour un ajustement parfait \u00e0 chaque fois. Disponibles en deux styles diff\u00e9rents et quatre tailles diff\u00e9rentes, l&#039;un de ces bancs ou peut-\u00eatre m\u00eame deux, sera s\u00fbrement \u00e0 l&#039;aise dans votre douche.<\/p>\n<p>Notre banc suspendu moyen HYDRO-BLOK pr\u00e9sente une largeur d&#039;assise de 24 po. Extr\u00eamement solide et con\u00e7u pour durer, ce banc sera un compl\u00e9ment parfait \u00e0 votre nouvelle douche HYDRO-BLOK.<\/p>","protected":false},"excerpt":{"rendered":"<p>Vous cherchez \u00e0 ajouter un si\u00e8ge d&#039;angle ou un banc \u00e0 votre douche ? Ne cherchez pas plus loin que notre gamme de bancs de douche HYDRO-BLOK pour r\u00e9pondre \u00e0 tous vos besoins. Chacun de [\u2026]<\/p>","protected":false},"featured_media":9706,"template":"","meta":[],"product_cat":[61],"product_tag":[],"jetpack_publicize_connections":[],"jetpack_sharing_enabled":true,"jetpack_likes_enabled":true,"_links":{"self":[{"href":"https:\/\/global.hydroblok.com\/fr_ca\/wp-json\/wp\/v3\/product\/4455"}],"collection":[{"href":"https:\/\/global.hydroblok.com\/fr_ca\/wp-json\/wp\/v3\/product"}],"about":[{"href":"https:\/\/global.hydroblok.com\/fr_ca\/wp-json\/wp\/v2\/types\/product"}],"wp:featuredmedia":[{"embeddable":true,"href":"https:\/\/global.hydroblok.com\/fr_ca\/wp-json\/wp\/v2\/media\/9706"}],"wp:attachment":[{"href":"https:\/\/global.hydroblok.com\/fr_ca\/wp-json\/wp\/v2\/media?parent=4455"}],"wp:term":[{"taxonomy":"product_cat","embeddable":true,"href":"https:\/\/global.hydroblok.com\/fr_ca\/wp-json\/wp\/v2\/product_cat?post=4455"},{"taxonomy":"product_tag","embeddable":true,"href":"https:\/\/global.hydroblok.com\/fr_ca\/wp-json\/wp\/v2\/product_tag?post=4455"}],"curies":[{"name":"wp","href":"https:\/\/api.w.org\/{rel}","templated":true}]}}