{"id":4458,"date":"2021-05-04T19:08:00","date_gmt":"2021-05-04T23:08:18","guid":{"rendered":"https:\/\/global.hydroblok.com\/?post_type=product&#038;p=4458"},"modified":"2024-10-22T22:35:19","modified_gmt":"2024-10-23T02:35:19","slug":"32-x-16-recessed-double-wide-niche","status":"publish","type":"product","link":"https:\/\/global.hydroblok.com\/fr_ca\/product\/32-x-16-recessed-double-wide-niche\/","title":{"rendered":"Niche encastr\u00e9e double large de 32 &quot;x 16&quot;"},"content":{"rendered":"<p>Besoin de place pour les shampoings, revitalisants et savons ? Notre gamme compl\u00e8te de niches de douche HYDRO-BLOK est ce dont vous avez besoin. Avec une large gamme de tailles et de styles, nous en avons un ou peut-\u00eatre deux qui conviendront \u00e0 la conception de votre douche de r\u00eave. Toutes nos niches encastr\u00e9es sont construites \u00e0 partir d&#039;une seule pi\u00e8ce de mousse XPS imperm\u00e9able 100%, puis recouvertes d&#039;un filet de fibre de verre et recouvertes d&#039;un rev\u00eatement de ciment modifi\u00e9. Cette construction de haute qualit\u00e9 signifie que ces niches sont con\u00e7ues pour durer sans fuites. Recouvrez-les de votre carrelage ou pierre pr\u00e9f\u00e9r\u00e9 et ils auront fi\u00e8re allure et seront un ajout pratique \u00e0 votre douche. Nos niches de douche HYDRO-BLOK ne n\u00e9cessitent aucune modification de vos poteaux muraux de 16 po OC, ce qui rend l&#039;installation rapide et simple.<\/p>\n<p>Besoin d&#039;un peu plus d&#039;espace ? Choisissez notre niche double largeur 32\u2033 x 16\u2033 pour votre nouvelle douche. Cette niche vous offrira beaucoup d&#039;espace pour les bouteilles, les savons et tout autre accessoire que vous pourriez avoir. En raison de sa taille pratique, cette niche peut \u00eatre plac\u00e9e horizontalement dans deux espaces de poteaux muraux de 16\u2033 OC, ou verticalement dans un espacement de poteaux de mur de 16\u2033 OC. Cette plus grande niche s&#039;installe aussi facilement que n&#039;importe laquelle de nos plus petites niches.<\/p>","protected":false},"excerpt":{"rendered":"<p>Besoin d&#039;espace pour les shampooings, revitalisants et savons? Notre gamme compl\u00e8te de niches de douche HYDRO-BLOK est ce dont vous avez besoin. Avec une large gamme de tailles et de styles, nous avons un ou [\u2026]<\/p>","protected":false},"featured_media":9798,"template":"","meta":[],"product_cat":[55],"product_tag":[],"jetpack_publicize_connections":[],"jetpack_sharing_enabled":true,"jetpack_likes_enabled":true,"_links":{"self":[{"href":"https:\/\/global.hydroblok.com\/fr_ca\/wp-json\/wp\/v3\/product\/4458"}],"collection":[{"href":"https:\/\/global.hydroblok.com\/fr_ca\/wp-json\/wp\/v3\/product"}],"about":[{"href":"https:\/\/global.hydroblok.com\/fr_ca\/wp-json\/wp\/v2\/types\/product"}],"wp:featuredmedia":[{"embeddable":true,"href":"https:\/\/global.hydroblok.com\/fr_ca\/wp-json\/wp\/v2\/media\/9798"}],"wp:attachment":[{"href":"https:\/\/global.hydroblok.com\/fr_ca\/wp-json\/wp\/v2\/media?parent=4458"}],"wp:term":[{"taxonomy":"product_cat","embeddable":true,"href":"https:\/\/global.hydroblok.com\/fr_ca\/wp-json\/wp\/v2\/product_cat?post=4458"},{"taxonomy":"product_tag","embeddable":true,"href":"https:\/\/global.hydroblok.com\/fr_ca\/wp-json\/wp\/v2\/product_tag?post=4458"}],"curies":[{"name":"wp","href":"https:\/\/api.w.org\/{rel}","templated":true}]}}