{"id":4459,"date":"2021-05-04T19:08:00","date_gmt":"2021-05-04T23:08:18","guid":{"rendered":"https:\/\/global.hydroblok.com\/?post_type=product&#038;p=4459"},"modified":"2024-10-22T21:15:19","modified_gmt":"2024-10-23T01:15:19","slug":"ez-access-ramp-12-x-72","status":"publish","type":"product","link":"https:\/\/global.hydroblok.com\/fr_ca\/product\/ez-access-ramp-12-x-72\/","title":{"rendered":"Rampe d&#039;acc\u00e8s \u00e0 la douche classique 12\u2033 x 72\u2033"},"content":{"rendered":"<p>La rampe de douche classique HYDRO-BLOK est con\u00e7ue pour permettre un acc\u00e8s facile sans barri\u00e8re dans une douche. Commen\u00e7ant \u00e0 1\/8\u2033 et s&#039;\u00e9levant \u00e0 1 1\/2\u2033 pour correspondre \u00e0 nos bacs de douche, cette rampe offre une transition et une entr\u00e9e en douceur dans n&#039;importe laquelle de nos douches. La rampe d&#039;acc\u00e8s EZ dispose d&#039;un coin \u00e0 90 degr\u00e9s \u00e0 une extr\u00e9mit\u00e9 afin que vous puissiez continuer de fa\u00e7on transparente une rampe sur les deux c\u00f4t\u00e9s de votre bac de douche si n\u00e9cessaire. Construit en mousse XPS imperm\u00e9able HYDRO-BLOK 100% et recouvert d&#039;un filet de fibre de verre et d&#039;un rev\u00eatement de ciment modifi\u00e9.<\/p>","protected":false},"excerpt":{"rendered":"<p>La rampe de douche classique HYDRO-BLOK est con\u00e7ue pour permettre un acc\u00e8s facile sans barri\u00e8re dans une douche. Commen\u00e7ant \u00e0 1\/8\u2033 et montant \u00e0 1 1\/2\u2033 pour correspondre \u00e0 nos bacs de douche, cette rampe [\u2026]<\/p>","protected":false},"featured_media":9789,"template":"","meta":[],"product_cat":[59],"product_tag":[],"jetpack_publicize_connections":[],"jetpack_sharing_enabled":true,"jetpack_likes_enabled":true,"_links":{"self":[{"href":"https:\/\/global.hydroblok.com\/fr_ca\/wp-json\/wp\/v3\/product\/4459"}],"collection":[{"href":"https:\/\/global.hydroblok.com\/fr_ca\/wp-json\/wp\/v3\/product"}],"about":[{"href":"https:\/\/global.hydroblok.com\/fr_ca\/wp-json\/wp\/v2\/types\/product"}],"wp:featuredmedia":[{"embeddable":true,"href":"https:\/\/global.hydroblok.com\/fr_ca\/wp-json\/wp\/v2\/media\/9789"}],"wp:attachment":[{"href":"https:\/\/global.hydroblok.com\/fr_ca\/wp-json\/wp\/v2\/media?parent=4459"}],"wp:term":[{"taxonomy":"product_cat","embeddable":true,"href":"https:\/\/global.hydroblok.com\/fr_ca\/wp-json\/wp\/v2\/product_cat?post=4459"},{"taxonomy":"product_tag","embeddable":true,"href":"https:\/\/global.hydroblok.com\/fr_ca\/wp-json\/wp\/v2\/product_tag?post=4459"}],"curies":[{"name":"wp","href":"https:\/\/api.w.org\/{rel}","templated":true}]}}