{"id":4460,"date":"2021-05-04T19:08:00","date_gmt":"2021-05-04T23:08:18","guid":{"rendered":"https:\/\/global.hydroblok.com\/?post_type=product&#038;p=4460"},"modified":"2024-10-22T23:58:44","modified_gmt":"2024-10-23T03:58:44","slug":"32-x-26-recessed-double-arch-niche","status":"publish","type":"product","link":"https:\/\/global.hydroblok.com\/fr_ca\/product\/32-x-26-recessed-double-arch-niche\/","title":{"rendered":"Niche encastr\u00e9e \u00e0 double arche 32\u2033 x 26\u2033"},"content":{"rendered":"<p>Besoin de place pour les shampoings, revitalisants et savons ? Notre gamme compl\u00e8te de niches de douche HYDRO-BLOK est ce dont vous avez besoin. Avec une large gamme de tailles et de styles, nous en avons un ou peut-\u00eatre deux qui conviendront \u00e0 la conception de votre douche de r\u00eave. Toutes nos niches encastr\u00e9es sont construites \u00e0 partir d&#039;une seule pi\u00e8ce de mousse XPS imperm\u00e9able 100%, puis recouvertes d&#039;un filet de fibre de verre et recouvertes d&#039;un rev\u00eatement de ciment modifi\u00e9. Cette construction de haute qualit\u00e9 signifie que ces niches sont con\u00e7ues pour durer sans fuites. Recouvrez-les de votre carrelage ou pierre pr\u00e9f\u00e9r\u00e9 et ils auront fi\u00e8re allure et seront un ajout pratique \u00e0 votre douche. Nos niches de douche HYDRO-BLOK ne n\u00e9cessitent aucune modification de vos poteaux muraux de 16 po OC, ce qui rend l&#039;installation rapide et simple.<\/p>\n<p>Vous voulez notre plus grande niche et un \u00e9l\u00e9ment de design unique pour votre douche ? Avec de belles lignes \u00e9pur\u00e9es et beaucoup d&#039;espace, cette niche est dans une classe \u00e0 part. Vous pouvez laisser les grandes surfaces ouvertes ou vous pouvez m\u00eame ajouter une \u00e9tag\u00e8re en utilisant certains de nos panneaux muraux 1 1\/2 &quot; pour diviser l&#039;espace. Cette niche doit \u00eatre plac\u00e9e sur deux espacements de poteaux muraux de 16 po OC.<\/p>","protected":false},"excerpt":{"rendered":"<p>Besoin d&#039;espace pour les shampooings, revitalisants et savons? Notre gamme compl\u00e8te de niches de douche HYDRO-BLOK est ce dont vous avez besoin. Avec une large gamme de tailles et de styles, nous avons un ou [\u2026]<\/p>","protected":false},"featured_media":9803,"template":"","meta":[],"product_cat":[55],"product_tag":[],"jetpack_publicize_connections":[],"jetpack_sharing_enabled":true,"jetpack_likes_enabled":true,"_links":{"self":[{"href":"https:\/\/global.hydroblok.com\/fr_ca\/wp-json\/wp\/v3\/product\/4460"}],"collection":[{"href":"https:\/\/global.hydroblok.com\/fr_ca\/wp-json\/wp\/v3\/product"}],"about":[{"href":"https:\/\/global.hydroblok.com\/fr_ca\/wp-json\/wp\/v2\/types\/product"}],"wp:featuredmedia":[{"embeddable":true,"href":"https:\/\/global.hydroblok.com\/fr_ca\/wp-json\/wp\/v2\/media\/9803"}],"wp:attachment":[{"href":"https:\/\/global.hydroblok.com\/fr_ca\/wp-json\/wp\/v2\/media?parent=4460"}],"wp:term":[{"taxonomy":"product_cat","embeddable":true,"href":"https:\/\/global.hydroblok.com\/fr_ca\/wp-json\/wp\/v2\/product_cat?post=4460"},{"taxonomy":"product_tag","embeddable":true,"href":"https:\/\/global.hydroblok.com\/fr_ca\/wp-json\/wp\/v2\/product_tag?post=4460"}],"curies":[{"name":"wp","href":"https:\/\/api.w.org\/{rel}","templated":true}]}}