{"id":4471,"date":"2021-05-04T19:08:00","date_gmt":"2021-05-04T23:08:43","guid":{"rendered":"https:\/\/global.hydroblok.com\/?post_type=product&#038;p=4471"},"modified":"2025-04-15T02:33:15","modified_gmt":"2025-04-15T06:33:15","slug":"sausage-gun-w-3-tips","status":"publish","type":"product","link":"https:\/\/global.hydroblok.com\/fr_ca\/product\/sausage-gun-w-3-tips\/","title":{"rendered":"Pistolet \u00e0 saucisse (avec 3 pointes)"},"content":{"rendered":"<p>Notre pistolet \u00e0 saucisses est un pistolet en aluminium de qualit\u00e9 sup\u00e9rieure pour les saucisses HYDRO-BLOK Joint Sealant 20 oz. Comprend 3 embouts rempla\u00e7ables (embouts suppl\u00e9mentaires disponibles s\u00e9par\u00e9ment aupr\u00e8s de votre concessionnaire HYDRO-BLOK).<\/p>\n<ul>\n<li>Con\u00e7u pour \u00eatre utilis\u00e9 avec le scellant \u00e0 saucisse HYDRO-BLOK 20 oz<\/li>\n<li>Construction en aluminium durable<\/li>\n<li>Conseils jetables<\/li>\n<\/ul>","protected":false},"excerpt":{"rendered":"<p>Notre pistolet \u00e0 saucisses est un pistolet en aluminium de qualit\u00e9 sup\u00e9rieure pour les saucisses HYDRO-BLOK Joint Sealant de 20 oz. Comprend 3 embouts rempla\u00e7ables (embouts suppl\u00e9mentaires disponibles s\u00e9par\u00e9ment aupr\u00e8s de votre revendeur HYDRO-BLOK). Con\u00e7u pour \u00eatre utilis\u00e9 [\u2026]<\/p>","protected":false},"featured_media":9941,"template":"","meta":[],"product_cat":[57],"product_tag":[],"jetpack_publicize_connections":[],"jetpack_sharing_enabled":true,"jetpack_likes_enabled":true,"_links":{"self":[{"href":"https:\/\/global.hydroblok.com\/fr_ca\/wp-json\/wp\/v3\/product\/4471"}],"collection":[{"href":"https:\/\/global.hydroblok.com\/fr_ca\/wp-json\/wp\/v3\/product"}],"about":[{"href":"https:\/\/global.hydroblok.com\/fr_ca\/wp-json\/wp\/v2\/types\/product"}],"wp:featuredmedia":[{"embeddable":true,"href":"https:\/\/global.hydroblok.com\/fr_ca\/wp-json\/wp\/v2\/media\/9941"}],"wp:attachment":[{"href":"https:\/\/global.hydroblok.com\/fr_ca\/wp-json\/wp\/v2\/media?parent=4471"}],"wp:term":[{"taxonomy":"product_cat","embeddable":true,"href":"https:\/\/global.hydroblok.com\/fr_ca\/wp-json\/wp\/v2\/product_cat?post=4471"},{"taxonomy":"product_tag","embeddable":true,"href":"https:\/\/global.hydroblok.com\/fr_ca\/wp-json\/wp\/v2\/product_tag?post=4471"}],"curies":[{"name":"wp","href":"https:\/\/api.w.org\/{rel}","templated":true}]}}