{"id":4472,"date":"2021-05-04T19:08:00","date_gmt":"2021-05-04T23:08:43","guid":{"rendered":"https:\/\/global.hydroblok.com\/?post_type=product&#038;p=4472"},"modified":"2024-10-11T22:39:46","modified_gmt":"2024-10-12T02:39:46","slug":"corner-putty-knife","status":"publish","type":"product","link":"https:\/\/global.hydroblok.com\/fr_ca\/product\/corner-putty-knife\/","title":{"rendered":"Couteau \u00e0 mastic d&#039;angle"},"content":{"rendered":"<p>Notre couteau \u00e0 mastic d&#039;angle recommand\u00e9 pour lisser le scellant \u00e0 joint HYDRO-BLOK sur tous les joints int\u00e9rieurs. Fabriqu\u00e9 en plastique polypropyl\u00e8ne durable et l\u00e9ger pour un nettoyage et un retrait faciles du scellant \u00e0 joint HYDRO-BLOK durci. Chaque bac de douche HYDRO-BLOK comprend un couteau \u00e0 mastic droit et un couteau d&#039;angle. \u00c9galement disponible s\u00e9par\u00e9ment chez tous les concessionnaires HYDRO-BLOK.<\/p>\n<ul>\n<li>Con\u00e7u pour l&#039;installation du syst\u00e8me de douche HYDRO-BLOK<\/li>\n<li>Jetable<\/li>\n<li>Plastique ABS r\u00e9sistant<\/li>\n<\/ul>","protected":false},"excerpt":{"rendered":"<p>Notre couteau \u00e0 mastic d&#039;angle recommand\u00e9 pour lisser le scellant \u00e0 joint HYDRO-BLOK sur tous les joints int\u00e9rieurs. Fabriqu\u00e9 en plastique polypropyl\u00e8ne durable et l\u00e9ger pour un nettoyage et un retrait faciles du scellant \u00e0 joint HYDRO-BLOK durci. [\u2026]<\/p>","protected":false},"featured_media":9712,"template":"","meta":[],"product_cat":[57],"product_tag":[],"jetpack_publicize_connections":[],"jetpack_sharing_enabled":true,"jetpack_likes_enabled":true,"_links":{"self":[{"href":"https:\/\/global.hydroblok.com\/fr_ca\/wp-json\/wp\/v3\/product\/4472"}],"collection":[{"href":"https:\/\/global.hydroblok.com\/fr_ca\/wp-json\/wp\/v3\/product"}],"about":[{"href":"https:\/\/global.hydroblok.com\/fr_ca\/wp-json\/wp\/v2\/types\/product"}],"wp:featuredmedia":[{"embeddable":true,"href":"https:\/\/global.hydroblok.com\/fr_ca\/wp-json\/wp\/v2\/media\/9712"}],"wp:attachment":[{"href":"https:\/\/global.hydroblok.com\/fr_ca\/wp-json\/wp\/v2\/media?parent=4472"}],"wp:term":[{"taxonomy":"product_cat","embeddable":true,"href":"https:\/\/global.hydroblok.com\/fr_ca\/wp-json\/wp\/v2\/product_cat?post=4472"},{"taxonomy":"product_tag","embeddable":true,"href":"https:\/\/global.hydroblok.com\/fr_ca\/wp-json\/wp\/v2\/product_tag?post=4472"}],"curies":[{"name":"wp","href":"https:\/\/api.w.org\/{rel}","templated":true}]}}