{"id":4478,"date":"2021-05-04T19:08:00","date_gmt":"2021-05-04T23:08:44","guid":{"rendered":"https:\/\/global.hydroblok.com\/?post_type=product&#038;p=4478"},"modified":"2021-05-18T15:28:25","modified_gmt":"2021-05-18T19:28:25","slug":"screws-bucket-of-1000","status":"publish","type":"product","link":"https:\/\/global.hydroblok.com\/fr_ca\/product\/screws-bucket-of-1000\/","title":{"rendered":"Vis \u2013 Seau de 1000"},"content":{"rendered":"<p>Contient 1000 vis antirouille de 1 5\/8 po pour fixer le panneau mural HYDRO-BLOK et les accessoires. La t\u00eate sp\u00e9ciale permet une utilisation avec des embouts de tournevis #2 Phillips ou #2 Robertson. Emball\u00e9 dans un seau empilable en plastique avec poign\u00e9e et comprend un embout de tournevis #2 Robertson. Les vis doivent \u00eatre utilis\u00e9es avec les rondelles HYDRO-BLOK. Les laveuses HYDRO-BLOK sont disponibles dans un seau assorti de 1000 pi\u00e8ces.<\/p>","protected":false},"excerpt":{"rendered":"<p>Contient 1 000 vis antirouille de 1 5\/8 po pour fixer le panneau mural HYDRO-BLOK et les accessoires. La t\u00eate sp\u00e9cialis\u00e9e permet une utilisation avec les embouts de tournevis Phillips #2 ou Robertson #2. Emball\u00e9 dans un [\u2026]<\/p>","protected":false},"featured_media":4665,"template":"","meta":[],"product_cat":[57],"product_tag":[],"jetpack_publicize_connections":[],"jetpack_sharing_enabled":true,"jetpack_likes_enabled":true,"_links":{"self":[{"href":"https:\/\/global.hydroblok.com\/fr_ca\/wp-json\/wp\/v3\/product\/4478"}],"collection":[{"href":"https:\/\/global.hydroblok.com\/fr_ca\/wp-json\/wp\/v3\/product"}],"about":[{"href":"https:\/\/global.hydroblok.com\/fr_ca\/wp-json\/wp\/v2\/types\/product"}],"wp:featuredmedia":[{"embeddable":true,"href":"https:\/\/global.hydroblok.com\/fr_ca\/wp-json\/wp\/v2\/media\/4665"}],"wp:attachment":[{"href":"https:\/\/global.hydroblok.com\/fr_ca\/wp-json\/wp\/v2\/media?parent=4478"}],"wp:term":[{"taxonomy":"product_cat","embeddable":true,"href":"https:\/\/global.hydroblok.com\/fr_ca\/wp-json\/wp\/v2\/product_cat?post=4478"},{"taxonomy":"product_tag","embeddable":true,"href":"https:\/\/global.hydroblok.com\/fr_ca\/wp-json\/wp\/v2\/product_tag?post=4478"}],"curies":[{"name":"wp","href":"https:\/\/api.w.org\/{rel}","templated":true}]}}