{"id":4487,"date":"2021-05-04T19:08:00","date_gmt":"2021-05-04T23:08:45","guid":{"rendered":"https:\/\/global.hydroblok.com\/?post_type=product&#038;p=4487"},"modified":"2024-10-22T21:58:41","modified_gmt":"2024-10-23T01:58:41","slug":"48-x-60-x-2-building-panels","status":"publish","type":"product","link":"https:\/\/global.hydroblok.com\/fr_ca\/product\/48-x-60-x-2-building-panels\/","title":{"rendered":"Panneaux de construction 48\u2033 x 60\u2033 x 2\u2033"},"content":{"rendered":"<h2>Panneaux de construction 48\u2033 x 60\u2033 x 2\u2033<\/h2>\n<p>Les panneaux muraux HYDRO-BLOK sont construits avec la m\u00eame construction de haute qualit\u00e9 que le reste de nos produits en mousse avec un noyau en mousse XPS imperm\u00e9able 100%, recouvert d&#039;un treillis en fibre de verre, puis enduit d&#039;un rev\u00eatement de ciment modifi\u00e9 pour offrir une r\u00e9sistance sup\u00e9rieure et une excellente surface de liaison pour votre carrelage, pierre, verre ou mosa\u00efque. Tous les panneaux muraux peuvent \u00eatre facilement coup\u00e9s avec un couteau utilitaire, une scie \u00e0 main ou une petite scie circulaire. Ils peuvent \u00eatre coup\u00e9s sur mesure et peuvent \u00e9galement \u00eatre coup\u00e9s pour se plier autour des coins int\u00e9rieurs ou ext\u00e9rieurs. Les panneaux muraux doivent \u00eatre fix\u00e9s avec des rondelles et des vis approuv\u00e9es HYDRO-BLOK disponibles aupr\u00e8s de votre revendeur local.<\/p>","protected":false},"excerpt":{"rendered":"<p>Panneaux de construction 48\u2033 x 60\u2033 x 2\u2033 Les produits de panneaux muraux HYDRO-BLOK sont construits avec la m\u00eame construction de haute qualit\u00e9 que le reste de nos produits en mousse avec un XPS imperm\u00e9able 100% [\u2026]<\/p>","protected":false},"featured_media":9793,"template":"","meta":[],"product_cat":[56],"product_tag":[],"jetpack_publicize_connections":[],"jetpack_sharing_enabled":true,"jetpack_likes_enabled":true,"_links":{"self":[{"href":"https:\/\/global.hydroblok.com\/fr_ca\/wp-json\/wp\/v3\/product\/4487"}],"collection":[{"href":"https:\/\/global.hydroblok.com\/fr_ca\/wp-json\/wp\/v3\/product"}],"about":[{"href":"https:\/\/global.hydroblok.com\/fr_ca\/wp-json\/wp\/v2\/types\/product"}],"wp:featuredmedia":[{"embeddable":true,"href":"https:\/\/global.hydroblok.com\/fr_ca\/wp-json\/wp\/v2\/media\/9793"}],"wp:attachment":[{"href":"https:\/\/global.hydroblok.com\/fr_ca\/wp-json\/wp\/v2\/media?parent=4487"}],"wp:term":[{"taxonomy":"product_cat","embeddable":true,"href":"https:\/\/global.hydroblok.com\/fr_ca\/wp-json\/wp\/v2\/product_cat?post=4487"},{"taxonomy":"product_tag","embeddable":true,"href":"https:\/\/global.hydroblok.com\/fr_ca\/wp-json\/wp\/v2\/product_tag?post=4487"}],"curies":[{"name":"wp","href":"https:\/\/api.w.org\/{rel}","templated":true}]}}