{"id":4491,"date":"2021-05-04T19:08:00","date_gmt":"2021-05-04T23:08:00","guid":{"rendered":"https:\/\/global.hydroblok.com\/?post_type=product&#038;p=4491"},"modified":"2021-09-22T17:22:41","modified_gmt":"2021-09-22T21:22:41","slug":"in-shadow-trim","status":"publish","type":"product","link":"https:\/\/global.hydroblok.com\/fr_ca\/product\/in-shadow-trim\/","title":{"rendered":"Kit de garniture IN-Shadow pour drains lin\u00e9aires"},"content":{"rendered":"<p>Utilis\u00e9 pour cr\u00e9er l&#039;apparence sophistiqu\u00e9e d&#039;un drain cach\u00e9 sans tous les tracas d&#039;une installation et d&#039;une plomberie compliqu\u00e9es. Lorsqu&#039;il est utilis\u00e9 avec le drain lin\u00e9aire HYDRO-BLOK, le kit de garniture \u00e0 l&#039;ombre facile \u00e0 installer donne l&#039;impression que l&#039;eau s&#039;\u00e9coule directement dans le mur\u00a0!<\/p>","protected":false},"excerpt":{"rendered":"<p>Utilis\u00e9 pour cr\u00e9er l&#039;apparence sophistiqu\u00e9e d&#039;un drain cach\u00e9 sans tous les tracas d&#039;une installation et d&#039;une plomberie compliqu\u00e9es. Lorsqu&#039;il est utilis\u00e9 avec le drain lin\u00e9aire HYDRO-BLOK, la garniture \u00e0 l&#039;ombre facile \u00e0 installer [\u2026]<\/p>","protected":false},"featured_media":4669,"template":"","meta":[],"product_cat":[58,57],"product_tag":[],"jetpack_publicize_connections":[],"jetpack_sharing_enabled":true,"jetpack_likes_enabled":true,"_links":{"self":[{"href":"https:\/\/global.hydroblok.com\/fr_ca\/wp-json\/wp\/v3\/product\/4491"}],"collection":[{"href":"https:\/\/global.hydroblok.com\/fr_ca\/wp-json\/wp\/v3\/product"}],"about":[{"href":"https:\/\/global.hydroblok.com\/fr_ca\/wp-json\/wp\/v2\/types\/product"}],"wp:featuredmedia":[{"embeddable":true,"href":"https:\/\/global.hydroblok.com\/fr_ca\/wp-json\/wp\/v2\/media\/4669"}],"wp:attachment":[{"href":"https:\/\/global.hydroblok.com\/fr_ca\/wp-json\/wp\/v2\/media?parent=4491"}],"wp:term":[{"taxonomy":"product_cat","embeddable":true,"href":"https:\/\/global.hydroblok.com\/fr_ca\/wp-json\/wp\/v2\/product_cat?post=4491"},{"taxonomy":"product_tag","embeddable":true,"href":"https:\/\/global.hydroblok.com\/fr_ca\/wp-json\/wp\/v2\/product_tag?post=4491"}],"curies":[{"name":"wp","href":"https:\/\/api.w.org\/{rel}","templated":true}]}}