{"id":4509,"date":"2021-05-04T19:15:00","date_gmt":"2021-05-04T23:15:14","guid":{"rendered":"https:\/\/global.hydroblok.com\/?post_type=product&#038;p=4509"},"modified":"2024-10-24T22:32:57","modified_gmt":"2024-10-25T02:32:57","slug":"12-x-72-low-profile-pan-extension","status":"publish","type":"product","link":"https:\/\/global.hydroblok.com\/fr_ca\/product\/12-x-72-low-profile-pan-extension\/","title":{"rendered":"Rallonge de bac de douche \u00e0 profil bas 12\u2033 x 72\u2033"},"content":{"rendered":"<p>Besoin de rendre cette douche un peu plus grande ? Alors notre gamme d&#039;extensions de douche est ce qu&#039;il vous faut. L&#039;extension de bac de douche HBLPSPE1272 12 &quot;x 72&quot; vous permet de continuer votre plancher de douche et de maintenir une pente appropri\u00e9e partout. Construit avec la m\u00eame construction de haute qualit\u00e9 et la m\u00eame fiabilit\u00e9 que notre gamme compl\u00e8te de bacs de douche, de panneaux muraux et d&#039;accessoires.<\/p>","protected":false},"excerpt":{"rendered":"<p>Besoin de rendre cette douche un peu plus grande ? Alors notre gamme d&#039;extensions de douche est ce qu&#039;il vous faut. L&#039;extension de bac de douche HBLPSPE1272 12\u2033 x 72\u2033 vous permet de continuer [\u2026]<\/p>","protected":false},"featured_media":9894,"template":"","meta":[],"product_cat":[51],"product_tag":[],"jetpack_publicize_connections":[],"jetpack_sharing_enabled":true,"jetpack_likes_enabled":true,"_links":{"self":[{"href":"https:\/\/global.hydroblok.com\/fr_ca\/wp-json\/wp\/v3\/product\/4509"}],"collection":[{"href":"https:\/\/global.hydroblok.com\/fr_ca\/wp-json\/wp\/v3\/product"}],"about":[{"href":"https:\/\/global.hydroblok.com\/fr_ca\/wp-json\/wp\/v2\/types\/product"}],"wp:featuredmedia":[{"embeddable":true,"href":"https:\/\/global.hydroblok.com\/fr_ca\/wp-json\/wp\/v2\/media\/9894"}],"wp:attachment":[{"href":"https:\/\/global.hydroblok.com\/fr_ca\/wp-json\/wp\/v2\/media?parent=4509"}],"wp:term":[{"taxonomy":"product_cat","embeddable":true,"href":"https:\/\/global.hydroblok.com\/fr_ca\/wp-json\/wp\/v2\/product_cat?post=4509"},{"taxonomy":"product_tag","embeddable":true,"href":"https:\/\/global.hydroblok.com\/fr_ca\/wp-json\/wp\/v2\/product_tag?post=4509"}],"curies":[{"name":"wp","href":"https:\/\/api.w.org\/{rel}","templated":true}]}}