{"id":4631,"date":"2021-05-18T14:39:00","date_gmt":"2021-05-18T18:39:56","guid":{"rendered":"https:\/\/global.hydroblok.com\/?post_type=product&#038;p=4631"},"modified":"2024-10-13T23:08:13","modified_gmt":"2024-10-14T03:08:13","slug":"single-slope-shower-pan-extension-72%e2%80%b3-x-12%e2%80%b3","status":"publish","type":"product","link":"https:\/\/global.hydroblok.com\/fr_ca\/product\/single-slope-shower-pan-extension-72%e2%80%b3-x-12%e2%80%b3\/","title":{"rendered":"Rallonge de bac de douche \u00e0 pente simple 72\u2033 x 12\u2033"},"content":{"rendered":"<p>Besoin d&#039;agrandir un peu votre bac de douche \u00e0 pente simple HYDRO-BLOK ? Alors notre gamme d&#039;extensions de douche est ce qu&#039;il vous faut. L&#039;extension de bac de douche \u00e0 pente simple HBSSSP7212EXT 72 &quot;x 12&quot; vous permet de continuer votre plancher de douche et de maintenir une pente appropri\u00e9e partout. Construit avec la m\u00eame construction de haute qualit\u00e9 et la m\u00eame fiabilit\u00e9 que notre gamme compl\u00e8te de bacs de douche, de panneaux muraux et d&#039;accessoires.<\/p>","protected":false},"excerpt":{"rendered":"<p>Besoin d&#039;agrandir un peu votre bac de douche HYDRO-BLOK Single Slope ? Alors notre gamme d&#039;extensions de douche est ce qu&#039;il vous faut. La douche \u00e0 pente simple HBSSSP7212EXT 72\u2033 x 12\u2033 [\u2026]<\/p>","protected":false},"featured_media":9675,"template":"","meta":[],"product_cat":[51],"product_tag":[],"jetpack_publicize_connections":[],"jetpack_sharing_enabled":true,"jetpack_likes_enabled":true,"_links":{"self":[{"href":"https:\/\/global.hydroblok.com\/fr_ca\/wp-json\/wp\/v3\/product\/4631"}],"collection":[{"href":"https:\/\/global.hydroblok.com\/fr_ca\/wp-json\/wp\/v3\/product"}],"about":[{"href":"https:\/\/global.hydroblok.com\/fr_ca\/wp-json\/wp\/v2\/types\/product"}],"wp:featuredmedia":[{"embeddable":true,"href":"https:\/\/global.hydroblok.com\/fr_ca\/wp-json\/wp\/v2\/media\/9675"}],"wp:attachment":[{"href":"https:\/\/global.hydroblok.com\/fr_ca\/wp-json\/wp\/v2\/media?parent=4631"}],"wp:term":[{"taxonomy":"product_cat","embeddable":true,"href":"https:\/\/global.hydroblok.com\/fr_ca\/wp-json\/wp\/v2\/product_cat?post=4631"},{"taxonomy":"product_tag","embeddable":true,"href":"https:\/\/global.hydroblok.com\/fr_ca\/wp-json\/wp\/v2\/product_tag?post=4631"}],"curies":[{"name":"wp","href":"https:\/\/api.w.org\/{rel}","templated":true}]}}